{"id":11213,"date":"2021-12-05T16:23:54","date_gmt":"2021-12-05T15:23:54","guid":{"rendered":"https:\/\/birdbusters.eu\/product\/fagelljuds-fagelskramma-med-rorelsesensor\/"},"modified":"2025-10-31T11:34:55","modified_gmt":"2025-10-31T10:34:55","slug":"fagelljuds-fagelskramma-med-rorelsesensor","status":"publish","type":"product","link":"https:\/\/birdbusters.eu\/sv\/produkt\/fagelljuds-fagelskramma-med-rorelsesensor\/","title":{"rendered":"F\u00e5gelljuds-f\u00e5gelskr\u00e4mma med r\u00f6relsesensor"},"content":{"rendered":"<p>Denna f\u00e5gelskr\u00e4mma inkluderar en komplex r\u00f6relsesensor (PIR) f\u00f6r att \u00f6vervaka ett tredimensionellt fl\u00e4ktformat omr\u00e5de med en 70-graders vinkel p\u00e5 ett avst\u00e5nd av 12 meter, motsvarande 85 kvadratmeter fritt utrymme. Den aktiveras n\u00e4r invaderande varelser uppt\u00e4cks. Konstant \u00e4ndrad ljudfrekvens och ljusblixtar skr\u00e4mmer bort o\u00f6nskade f\u00e5glar fr\u00e5n det skyddade omr\u00e5det.<\/p>\n<p><strong>F\u00e5glar som den skr\u00e4mmer bort:<\/strong><\/p>\n<p>hackspettar, duvor, starar, sparvar, koltrastar, kr\u00e5kor, andra f\u00e5glar<\/p>\n<p><strong>Funktioner:<\/strong><\/p>\n<ul style=\"list-style-type: circle;\">\n<li>Effektiv och s\u00e4ker<\/li>\n<li>Inbyggd testknapp<\/li>\n<li>V\u00e4derbest\u00e4ndig och underh\u00e5llsfri<\/li>\n<li>L\u00e4tt att montera p\u00e5 v\u00e4ggar, stolpar, tr\u00e4d, etc.<\/li>\n<li>Ofarligt f\u00f6r m\u00e4nniskor och f\u00e5glar<\/li>\n<li>Str\u00f6mf\u00f6rs\u00f6rjning: 2 x 9 V batterieffekt; extra adapter (batterier och adapter medf\u00f6ljer ej)<\/li>\n<li>Skyddad yta utan platsbegr\u00e4nsningar upp till 85 kvadratmeter<\/li>\n<li>PIR-sensor detekterar r\u00f6relse och aktiverar ultraljud och blinkande LED-lampor<\/li>\n<\/ul>\n<p>&nbsp;<\/p>\n<p><strong>Skyddsomr\u00e5den<\/strong><\/p>\n<ul style=\"list-style-type: circle;\">\n<li>Tr\u00e4dg\u00e5rdar<\/li>\n<li>G\u00e5rdar<\/li>\n<li>Fiskdammar f\u00f6r att skydda fisk<\/li>\n<li>Andra objekt som b\u00f6r vara f\u00e5gelfria<\/li>\n<\/ul>\n<p><strong>Specifikationer<\/strong><\/p>\n<ul>\n<li>Dimensioner: 110 x 100 x 95 mm<\/li>\n<li>Vikt: 255 g<\/li>\n<li>Str\u00f6mf\u00f6rs\u00f6rjning: 9V (2 x 9V alkaliskt batteri)<\/li>\n<li>AC adapter (tillval) 220-240 VAC<\/li>\n<li>100-120VAC, effekt: 9VDC 200mA<\/li>\n<li>Str\u00f6mf\u00f6rs\u00f6rjning: standby str\u00f6m: 0,16 mA<\/li>\n<li>Frekvensomr\u00e5de: cirka 17 000 Hz till 24 000 Hz (slumpm\u00e4ssig och kontinuerligt variation)<\/li>\n<li>Skyddad yta: upp till 85 kvadratmeter, solfj\u00e4derformad yta 70\u00b0 (horisontell), 9\u00b0 (vertikalt) p\u00e5 ett avst\u00e5nd av 12 meter<\/li>\n<li>LED bl\u00e4ndarens livsl\u00e4ngd: upp till 100.000 timmar<\/li>\n<\/ul>\n<p>Tillverkad i TAIWAN<\/p>\n","protected":false},"excerpt":{"rendered":"<h4>Elektronisk f\u00e5gelskr\u00e4mma: r\u00f6relsesensor + ultraljud + blinkande ljus<\/h4>\n<p>H\u00e5ller hackspettar, duvor, sparvar, kr\u00e5kor och andra skadedjursf\u00e5glar effektivt bort fr\u00e5n din egendom!<\/p>\n","protected":false},"featured_media":10828,"template":"","meta":{"_themeisle_gutenberg_block_has_review":false,"rank_math_focus_keyword":"f\u00e5gelljuds-f\u00e5gelskr\u00e4mma","rank_math_title":"Akustisk f\u00e5gelskr\u00e4mma med r\u00f6relsesensor | BIRD BUSTERS","rank_math_description":"Denna akustiska f\u00e5gelskr\u00e4mma med r\u00f6relsesensor skr\u00e4mmer bort o\u00f6nskade f\u00e5glar med hj\u00e4lp av ljud och f\u00e5gelrop. Klicka f\u00f6r att l\u00e4sa mer! ","rank_math_canonical_url":"","rank_math_facebook_title":"","rank_math_facebook_description":"","rank_math_facebook_image":"","rank_math_twitter_title":"","rank_math_twitter_description":"","rank_math_twitter_image":"","rank_math_schema_FAQPage":[]},"product_brand":[],"product_cat":[245,147,295,294],"product_tag":[],"class_list":{"0":"post-11213","1":"product","2":"type-product","3":"status-publish","4":"has-post-thumbnail","6":"product_cat-fagelskydd-i-tradgarden","7":"product_cat-ljud-fagelskrammor","8":"product_cat-skydd-mot-vilda-djur-samt-herrelosa-hundar-och-katter","9":"product_cat-stareskydd","11":"first","12":"instock","13":"taxable","14":"shipping-taxable","15":"purchasable","16":"product-type-simple"},"_links":{"self":[{"href":"https:\/\/birdbusters.eu\/sv\/wp-json\/wp\/v2\/product\/11213","targetHints":{"allow":["GET"]}}],"collection":[{"href":"https:\/\/birdbusters.eu\/sv\/wp-json\/wp\/v2\/product"}],"about":[{"href":"https:\/\/birdbusters.eu\/sv\/wp-json\/wp\/v2\/types\/product"}],"wp:featuredmedia":[{"embeddable":true,"href":"https:\/\/birdbusters.eu\/sv\/wp-json\/wp\/v2\/media\/10828"}],"wp:attachment":[{"href":"https:\/\/birdbusters.eu\/sv\/wp-json\/wp\/v2\/media?parent=11213"}],"wp:term":[{"taxonomy":"product_brand","embeddable":true,"href":"https:\/\/birdbusters.eu\/sv\/wp-json\/wp\/v2\/product_brand?post=11213"},{"taxonomy":"product_cat","embeddable":true,"href":"https:\/\/birdbusters.eu\/sv\/wp-json\/wp\/v2\/product_cat?post=11213"},{"taxonomy":"product_tag","embeddable":true,"href":"https:\/\/birdbusters.eu\/sv\/wp-json\/wp\/v2\/product_tag?post=11213"}],"curies":[{"name":"wp","href":"https:\/\/api.w.org\/{rel}","templated":true}]}}