{"id":11216,"date":"2021-12-05T17:02:48","date_gmt":"2021-12-05T16:02:48","guid":{"rendered":"https:\/\/birdbusters.eu\/product\/ultraljud-fagelskramma-med-rorelsesensor-2\/"},"modified":"2025-10-31T11:26:17","modified_gmt":"2025-10-31T10:26:17","slug":"ultraljud-fagelskramma-med-rorelsesensor-2","status":"publish","type":"product","link":"https:\/\/birdbusters.eu\/sv\/produkt\/ultraljud-fagelskramma-med-rorelsesensor-2\/","title":{"rendered":"Ultraljud f\u00e5gelskr\u00e4mma med r\u00f6relsesensor"},"content":{"rendered":"<p><strong>Ljud f\u00e5gelskr\u00e4mma med r\u00f6relsesensor<\/strong> skr\u00e4mmer bort o\u00f6nskade f\u00e5glar med ljudet av rovf\u00e5glar. AUTO-l\u00e4ge skyddar ett omr\u00e5de p\u00e5 upp till 4000m2. F\u00f6r att aktivera den r\u00f6relsedetektorn, v\u00e4xla enheten till PIR-l\u00e4ge. Enhetens PIR-sensor detekterar r\u00f6relse p\u00e5 ett avst\u00e5nd av 9 meter i en vinkel av 130 grader och aktiverar en kraftfull inbyggd h\u00f6gtalare som s\u00e4nder ut l\u00e4ten av h\u00f6kar, falkar, \u00f6rnar och ugglor. F\u00f6r att skydda en yta p\u00e5 upp till 4000m2 i AUTO-l\u00e4ge, Det \u00e4r m\u00f6jligt att st\u00e4lla in en tidsperiod p\u00e5 5-30 minuter under vilken f\u00e5gelskr\u00e4mman automatiskt \u00f6verf\u00f6r ljudet av rovf\u00e5glar. P\u00e5 natten, n\u00e4r f\u00e5glarna slutar sin aktivitet, deaktiverar den inbyggda fotoelektriska sensorn enheten.<\/p>\n<h3><strong>F\u00e5glar som den skr\u00e4mmer bort: <\/strong><\/h3>\n<p>Hackspettar, sparvar, koltrastar, duvor, kr\u00e5kor, starar och andra skadedjursf\u00e5glar<\/p>\n<h3><strong>Skyddsomr\u00e5den: <\/strong><\/h3>\n<p>G\u00e5rdar, tr\u00e4dg\u00e5rdar, terrasser och andra fastigheter<\/p>\n<h3><strong>Funktioner:<\/strong><\/h3>\n<ul>\n<li>L\u00e4tt att installera och underh\u00e5lla<\/li>\n<li>PIR-l\u00e4ge f\u00f6r r\u00f6relsesensorn f\u00f6r att skydda ett mindre omr\u00e5de<\/li>\n<li>AUTO-l\u00e4ge f\u00f6r att skydda ett st\u00f6rre omr\u00e5de med 5-30 minuters intervall<\/li>\n<li>Med inbyggd fotoelektrisk sensor kan du st\u00e4lla in enheten s\u00e5 att den \u00e4r aktiv endast n\u00e4r det \u00e4r ljust<\/li>\n<li>Rovf\u00e5gelsljud av \u00f6rnar, falkar, h\u00f6kar och ugglor kan ocks\u00e5 skr\u00e4mma r\u00e5ttor och m\u00f6ss<\/li>\n<li>Inbyggd volymkontrollknapp f\u00f6r att justera volymen<\/li>\n<li>Anpassad digital IC-inspelning med naturliga ljud av rovf\u00e5glar<\/li>\n<\/ul>\n<h4><strong>Specifikationer:<\/strong><\/h4>\n<ul>\n<li>Str\u00f6mf\u00f6rs\u00f6rjning: AC-adapter f\u00f6r utg\u00e5ng: 12 VDC, 400 mA<\/li>\n<li>Ljudk\u00e4lla: digital inspelning av ljudet fr\u00e5n \u00f6rnar, falkar, h\u00f6kar och ugglor<\/li>\n<li>Skyddsyta: AUTO-l\u00e4ge (max ljudvolym): upp till 4000m2<\/li>\n<li>PIR-l\u00e4ge: vinkel p\u00e5 130 grader upp till 9 meter<\/li>\n<\/ul>\n<p>Tillverkad i TAIWAN<\/p>\n","protected":false},"excerpt":{"rendered":"<p>Ljud f\u00e5gelskr\u00e4mma med r\u00f6relsesensorn LS-2001 skr\u00e4mmer bort hackspettar, sparvar, koltrastar, duvor, kr\u00e5kor och starar fr\u00e5n dina lantg\u00e5rd, frukttr\u00e4dg\u00e5rdar, tr\u00e4dg\u00e5rdar, varv och terrasser.<\/p>\n","protected":false},"featured_media":10804,"template":"","meta":{"_themeisle_gutenberg_block_has_review":false},"product_brand":[],"product_cat":[147],"product_tag":[],"class_list":{"0":"post-11216","1":"product","2":"type-product","3":"status-publish","4":"has-post-thumbnail","6":"product_cat-ljud-fagelskrammor","8":"first","9":"instock","10":"taxable","11":"shipping-taxable","12":"purchasable","13":"product-type-simple"},"_links":{"self":[{"href":"https:\/\/birdbusters.eu\/sv\/wp-json\/wp\/v2\/product\/11216","targetHints":{"allow":["GET"]}}],"collection":[{"href":"https:\/\/birdbusters.eu\/sv\/wp-json\/wp\/v2\/product"}],"about":[{"href":"https:\/\/birdbusters.eu\/sv\/wp-json\/wp\/v2\/types\/product"}],"wp:featuredmedia":[{"embeddable":true,"href":"https:\/\/birdbusters.eu\/sv\/wp-json\/wp\/v2\/media\/10804"}],"wp:attachment":[{"href":"https:\/\/birdbusters.eu\/sv\/wp-json\/wp\/v2\/media?parent=11216"}],"wp:term":[{"taxonomy":"product_brand","embeddable":true,"href":"https:\/\/birdbusters.eu\/sv\/wp-json\/wp\/v2\/product_brand?post=11216"},{"taxonomy":"product_cat","embeddable":true,"href":"https:\/\/birdbusters.eu\/sv\/wp-json\/wp\/v2\/product_cat?post=11216"},{"taxonomy":"product_tag","embeddable":true,"href":"https:\/\/birdbusters.eu\/sv\/wp-json\/wp\/v2\/product_tag?post=11216"}],"curies":[{"name":"wp","href":"https:\/\/api.w.org\/{rel}","templated":true}]}}