{"id":11222,"date":"2018-11-30T09:11:37","date_gmt":"2018-11-30T08:11:37","guid":{"rendered":"https:\/\/birdbusters.eu\/product\/svart-hackspett-imitation\/"},"modified":"2025-11-29T12:37:04","modified_gmt":"2025-11-29T11:37:04","slug":"svart-hackspett-imitation","status":"publish","type":"product","link":"https:\/\/birdbusters.eu\/sv\/produkt\/svart-hackspett-imitation\/","title":{"rendered":"Svart hackspett imitation"},"content":{"rendered":"<p style=\"text-align: justify;\">En hackspett kan vara ett verkligt problem n\u00e4r den b\u00f6rjar hacka p\u00e5 ditt hus, b\u00e5de p\u00e5 v\u00e4ggar och tak. Men liksom hackspettar \u00e4lskar att beh\u00e5lla sitt territorium f\u00f6r sig sj\u00e4lva, kan de inte st\u00e5 ut med en annan hackspett i n\u00e4rheten. D\u00e4rf\u00f6r skr\u00e4ms den riktiga hackspetten bort om du placerar en verklighetstrogen hackspettfigur p\u00e5 ditt hus, vid luftintag och andra f\u00f6rem\u00e5l hackspetten \u00e4lskar att hacka p\u00e5.<\/p>\n<h2 style=\"text-align: justify;\"><strong>Skyddade omr\u00e5den: tak, tr\u00e4hus och delar av hus, tr\u00e4d, tr\u00e4dg\u00e5rdar, b\u00e5tar mm<\/strong><\/h2>\n<p style=\"text-align: justify;\">Hur fungerar det: N\u00e4r en hackspett m\u00e4rker en annan &#8220;hackspett&#8221; i n\u00e4rheten, kommer den att flyga n\u00e5gon annanstans.<\/p>\n<p style=\"text-align: justify;\">Installation: Figuren m\u00e5ste placeras s\u00e5 n\u00e4ra som m\u00f6jligt den plats d\u00e4r f\u00e5geln \u00e4lskar att hacka p\u00e5.<\/p>\n<p style=\"text-align: justify;\">Ytterligare information: Figurens h\u00f6jd \u00e4r <span style=\"font-weight: 400;\">52cm<\/span>.<\/p>\n","protected":false},"excerpt":{"rendered":"<p>Hackspettar som hackar p\u00e5 ditt hus och tak kan vara ett riktigt problem. Eftersom hackspettar inte st\u00e5r ut med en annan hackspett i n\u00e4rheten, st\u00f6ter en verklighetstrogen hackspettfigur bort den riktiga hackspetten, om man placerar imitationen p\u00e5 v\u00e4ggarna, tak, vindl\u00e5dor och andra f\u00f6rem\u00e5l som hackspettar \u00e4lskar att hacka p\u00e5.<\/p>\n<p>&nbsp;<\/p>\n","protected":false},"featured_media":10415,"template":"","meta":{"_themeisle_gutenberg_block_has_review":false},"product_brand":[],"product_cat":[148,181,149],"product_tag":[],"class_list":{"0":"post-11222","1":"product","2":"type-product","3":"status-publish","4":"has-post-thumbnail","6":"product_cat-fagelavskrackande-produkter","7":"product_cat-fagelskramma-hackspett","8":"product_cat-visuella-fagelskrammor","10":"first","11":"instock","12":"taxable","13":"shipping-taxable","14":"purchasable","15":"product-type-simple"},"_links":{"self":[{"href":"https:\/\/birdbusters.eu\/sv\/wp-json\/wp\/v2\/product\/11222","targetHints":{"allow":["GET"]}}],"collection":[{"href":"https:\/\/birdbusters.eu\/sv\/wp-json\/wp\/v2\/product"}],"about":[{"href":"https:\/\/birdbusters.eu\/sv\/wp-json\/wp\/v2\/types\/product"}],"wp:featuredmedia":[{"embeddable":true,"href":"https:\/\/birdbusters.eu\/sv\/wp-json\/wp\/v2\/media\/10415"}],"wp:attachment":[{"href":"https:\/\/birdbusters.eu\/sv\/wp-json\/wp\/v2\/media?parent=11222"}],"wp:term":[{"taxonomy":"product_brand","embeddable":true,"href":"https:\/\/birdbusters.eu\/sv\/wp-json\/wp\/v2\/product_brand?post=11222"},{"taxonomy":"product_cat","embeddable":true,"href":"https:\/\/birdbusters.eu\/sv\/wp-json\/wp\/v2\/product_cat?post=11222"},{"taxonomy":"product_tag","embeddable":true,"href":"https:\/\/birdbusters.eu\/sv\/wp-json\/wp\/v2\/product_tag?post=11222"}],"curies":[{"name":"wp","href":"https:\/\/api.w.org\/{rel}","templated":true}]}}