{"id":11223,"date":"2018-08-30T09:06:39","date_gmt":"2018-08-30T07:06:39","guid":{"rendered":"https:\/\/birdbusters.eu\/product\/fageldrake-med-9-meter-stang\/"},"modified":"2025-11-03T10:18:44","modified_gmt":"2025-11-03T09:18:44","slug":"fageldrake-med-9-meter-stang","status":"publish","type":"product","link":"https:\/\/birdbusters.eu\/sv\/produkt\/fageldrake-med-9-meter-stang\/","title":{"rendered":"F\u00e5gelskr\u00e4mma-drake 9 m \u2013 effektiv och milj\u00f6v\u00e4nlig l\u00f6sning f\u00f6r f\u00e5gelkontroll"},"content":{"rendered":"<p><iframe loading=\"lazy\" title=\"Bird repellent kites on harbour\" width=\"500\" height=\"281\" src=\"https:\/\/www.youtube.com\/embed\/p6I04j4kwmo?feature=oembed\" frameborder=\"0\" allow=\"accelerometer; autoplay; clipboard-write; encrypted-media; gyroscope; picture-in-picture; web-share\" referrerpolicy=\"strict-origin-when-cross-origin\" allowfullscreen><\/iframe><\/p>\n<div class=\"page\" title=\"Sida 2\">\n<div class=\"layoutArea\">\n<div class=\"column\">\n<h1 style=\"text-align: justify;\"><span style=\"font-size: 12pt;\"><span data-sheets-value=\"{&quot;1&quot;:2,&quot;2&quot;:&quot;flying hawk bird scarer&quot;}\" data-sheets-userformat=\"{&quot;2&quot;:4224,&quot;10&quot;:2,&quot;15&quot;:&quot;arial,sans,sans-serif&quot;}\">Flygande h\u00f6k f\u00e5gelskr\u00e4mmardrake<\/span><\/span><\/h1>\n<p style=\"text-align: justify;\">Den h\u00e4r f\u00e5gelskr\u00e4mman \u00e4r f\u00e4st vid en 9 meter l\u00e5ng stav. Fungerar bra \u00e4ven vid mycket l\u00e5ga vindhastigheter. Framf\u00f6rallt bra p\u00e5 att <strong>skr\u00e4mma de mindre f\u00e5glarna<\/strong>, men kan ocks\u00e5 anv\u00e4ndas som fiskm\u00e5s-skr\u00e4mma.<\/p>\n<p style=\"text-align: justify;\">Denna fullstora imitation av en sv\u00e4vande h\u00f6k \u00e4r gjord av tuff v\u00e4derbest\u00e4ndig plast, s\u00e5 att den varar l\u00e4nge. Du kan skydda dina \u00e4pplen, p\u00e4ron, n\u00f6tter, b\u00e4r eller gr\u00f6dor p\u00e5 lugna och bl\u00e5siga dagar eftersom du kan l\u00e5ta din h\u00f6k patrullera \u00f6ver eller n\u00e4ra din gr\u00f6da. Ingen kraft, vind eller gift beh\u00f6vs. S\u00e5 skyddar milj\u00f6n, och f\u00f6rhindrar f\u00e5glar fr\u00e5n att f\u00f6rst\u00f6ra din tr\u00e4dg\u00e5rd.<\/p>\n<h3 style=\"text-align: justify;\"><span style=\"font-size: 12pt;\">Din h\u00f6kf\u00e5gelskr\u00e4mma ser s\u00e5 verklig ut att den skr\u00e4mmer alla f\u00e5glar, inklusive trastar, <\/span><span style=\"font-size: 12pt;\">starar, <\/span><span style=\"font-size: 12pt;\">kr\u00e5kor, duvor och fiskm\u00e5sar<\/span><span style=\"font-size: 12pt;\">.<\/span><\/h3>\n<p style=\"text-align: justify;\"><span style=\"font-size: 12pt;\">Draken \u00e4r inte avsedd f\u00f6r platser med mycket starka vindar.<\/span><\/p>\n<p><a href=\"https:\/\/birdbusters.eu\/wp-content\/uploads\/2019\/03\/BB-Manual-DEMO.pdf\">F\u00e5geldrake manual<\/a><\/p>\n<\/div>\n<\/div>\n<\/div>\n","protected":false},"excerpt":{"rendered":"<p data-start=\"4497\" data-end=\"4849\">H\u00e5ll ditt tak, din tr\u00e4dg\u00e5rd eller \u00e5ker fri fr\u00e5n st\u00f6rande f\u00e5glar med <strong data-start=\"4647\" data-end=\"4686\">Bird Busters F\u00e5gelskr\u00e4mma-drake 9 m<\/strong>! Denna <strong data-start=\"4694\" data-end=\"4719\">visuella f\u00e5gelskr\u00e4mma<\/strong> efterliknar en rovf\u00e5gels r\u00f6relser i vinden och skapar en naturlig skr\u00e4msel som h\u00e5ller m\u00e5sar, duvor, skator och sm\u00e5f\u00e5glar borta.<\/p>\n<p data-start=\"4851\" data-end=\"5060\">Draken flyger h\u00f6gt, r\u00f6r sig tyst och t\u00e4cker ett stort omr\u00e5de \u2013 perfekt f\u00f6r jordbruk, golfbanor, industriomr\u00e5den och villatomter. Den kr\u00e4ver ingen elektricitet, inga kemikalier och \u00e4r helt ofarlig f\u00f6r f\u00e5glar.<\/p>\n<p data-start=\"5062\" data-end=\"5077\"><strong data-start=\"5062\" data-end=\"5075\">F\u00f6rdelar:<\/strong><\/p>\n<ul data-start=\"5078\" data-end=\"5325\">\n<li data-start=\"5078\" data-end=\"5149\">\n<p data-start=\"5080\" data-end=\"5149\">Realistisk rovf\u00e5gelform och r\u00f6relse \u2013 mycket effektiv mot skadedjur<\/p>\n<\/li>\n<li data-start=\"5150\" data-end=\"5201\">\n<p data-start=\"5152\" data-end=\"5201\">L\u00e4tt att installera, v\u00e4derbest\u00e4ndig och h\u00e5llbar<\/p>\n<\/li>\n<li data-start=\"5202\" data-end=\"5268\">\n<p data-start=\"5204\" data-end=\"5268\">Milj\u00f6v\u00e4nlig och tyst \u2013 ingen st\u00f6rning f\u00f6r m\u00e4nniskor eller djur<\/p>\n<\/li>\n<li data-start=\"5269\" data-end=\"5325\">\n<p data-start=\"5271\" data-end=\"5325\">Stort t\u00e4ckningsomr\u00e5de \u2013 kostnadseffektivt f\u00e5gelskydd<\/p>\n<\/li>\n<\/ul>\n<p data-start=\"5327\" data-end=\"5506\">V\u00e4lj Bird Busters f\u00f6r en <strong data-start=\"5352\" data-end=\"5394\">enkel, s\u00e4ker och naturlig f\u00e5gelskr\u00e4mma<\/strong> som fungerar \u00e5ret runt.<br data-start=\"5418\" data-end=\"5421\" \/>\ud83d\udc49 Best\u00e4ll din <strong data-start=\"5436\" data-end=\"5462\">F\u00e5gelskr\u00e4mma-drake 9 m<\/strong> redan idag och njut av en f\u00e5gelfri milj\u00f6!<\/p>\n","protected":false},"featured_media":13438,"template":"","meta":{"_themeisle_gutenberg_block_has_review":false},"product_brand":[],"product_cat":[148,150,149],"product_tag":[153,152],"class_list":{"0":"post-11223","1":"product","2":"type-product","3":"status-publish","4":"has-post-thumbnail","6":"product_cat-fagelavskrackande-produkter","7":"product_cat-fageldrakar","8":"product_cat-visuella-fagelskrammor","9":"product_tag-fagelskramma-pa-stang","10":"product_tag-flygande-hok-fagelskramma","11":"product_shipping_class-bud-upphamtningsplats","13":"first","14":"instock","15":"sale","16":"taxable","17":"shipping-taxable","18":"purchasable","19":"product-type-simple"},"_links":{"self":[{"href":"https:\/\/birdbusters.eu\/sv\/wp-json\/wp\/v2\/product\/11223","targetHints":{"allow":["GET"]}}],"collection":[{"href":"https:\/\/birdbusters.eu\/sv\/wp-json\/wp\/v2\/product"}],"about":[{"href":"https:\/\/birdbusters.eu\/sv\/wp-json\/wp\/v2\/types\/product"}],"wp:featuredmedia":[{"embeddable":true,"href":"https:\/\/birdbusters.eu\/sv\/wp-json\/wp\/v2\/media\/13438"}],"wp:attachment":[{"href":"https:\/\/birdbusters.eu\/sv\/wp-json\/wp\/v2\/media?parent=11223"}],"wp:term":[{"taxonomy":"product_brand","embeddable":true,"href":"https:\/\/birdbusters.eu\/sv\/wp-json\/wp\/v2\/product_brand?post=11223"},{"taxonomy":"product_cat","embeddable":true,"href":"https:\/\/birdbusters.eu\/sv\/wp-json\/wp\/v2\/product_cat?post=11223"},{"taxonomy":"product_tag","embeddable":true,"href":"https:\/\/birdbusters.eu\/sv\/wp-json\/wp\/v2\/product_tag?post=11223"}],"curies":[{"name":"wp","href":"https:\/\/api.w.org\/{rel}","templated":true}]}}