{"id":11224,"date":"2018-11-30T09:17:07","date_gmt":"2018-11-30T08:17:07","guid":{"rendered":"https:\/\/birdbusters.eu\/product\/hackspettimitation\/"},"modified":"2025-11-29T12:36:34","modified_gmt":"2025-11-29T11:36:34","slug":"hackspettimitation","status":"publish","type":"product","link":"https:\/\/birdbusters.eu\/sv\/produkt\/hackspettimitation\/","title":{"rendered":"Hackspettimitation"},"content":{"rendered":"<p data-start=\"8741\" data-end=\"9013\">Tr\u00e4dkrypare kan orsaka betydande skador p\u00e5 byggnader. Om en tr\u00e4dkrypare flyttar in i ditt hus blir det sv\u00e5rt att f\u00e5 bort den. D\u00e4rf\u00f6r \u00e4r det bra att agera tidigt n\u00e4r du f\u00f6rst ser hackandet.<\/p>\n<p data-start=\"9015\" data-end=\"9299\">F\u00f6r effektiv avskr\u00e4ckning finns en specialutformad tr\u00e4dkryparesiluett som signalerar till en tr\u00e4dkrypare som s\u00f6ker nytt revir att det redan \u00e4r upptaget. Dessa f\u00e5glar \u00e4r ensamma av naturen, och om du monterar en realistisk siluett av en tr\u00e4dkrypare p\u00e5 byggnaden kan du h\u00e5lla den borta.<\/p>\n<p data-start=\"9301\" data-end=\"9518\">V\u00e5r tr\u00e4dkryparesiluett best\u00e5r av en realistisk 2D-silhuett i st\u00e5l med en m\u00e5lad bild. Den skruvas fast med den medf\u00f6ljande aluminiumpl\u00e5ten p\u00e5 utvald plats \u2013 v\u00e4lj alltid en plats d\u00e4r siluetten tydligt syns f\u00f6r f\u00e5glarna.<\/p>\n<p data-start=\"9520\" data-end=\"9638\">Om flera delar av byggnaden \u00e4r utsatta kan flera siluetter anv\u00e4ndas \u2013 se till att de inte har synkontakt med varandra.<\/p>\n<p data-start=\"9640\" data-end=\"9817\">Tr\u00e4\u00ad\/stolpar och fasader har skyddats framg\u00e5ngsrikt med s\u00e5dana siluetter. Men var uppm\u00e4rksam p\u00e5 att f\u00e5glarna inte ska v\u00e4nja sig; byta plats ibland f\u00f6r att uppr\u00e4tth\u00e5lla effekten.<\/p>\n<p data-start=\"9819\" data-end=\"9913\"><strong data-start=\"9819\" data-end=\"9842\">Anv\u00e4ndningsomr\u00e5den:<\/strong> Siluetten passar p\u00e5 fasader, tr\u00e4stolpar, balkonger, terrasser och tak<\/p>\n","protected":false},"excerpt":{"rendered":"<p style=\"text-align: justify;\">En hackspett kan vara ett verkligt problem n\u00e4r den b\u00f6rjar hacka p\u00e5 ditt hus, b\u00e5de p\u00e5 v\u00e4ggar och tak. Men eftersom hackspettar \u00e4lskar att beh\u00e5lla sitt territorium f\u00f6r sig sj\u00e4lva, kan de inte st\u00e5 ut med en annan hackspett i n\u00e4rheten. D\u00e4rf\u00f6r skr\u00e4ms den riktiga hackspetten bort om du placerar en verklighetstrogen hackspettfigur p\u00e5 ditt hus, vid luftintag och andra f\u00f6rem\u00e5l som hackspetten \u00e4lskar att hacka p\u00e5.<\/p>\n<h2 style=\"text-align: justify;\"><strong>Skyddade omr\u00e5den: tak, tr\u00e4hus och delar av hus, tr\u00e4d, tr\u00e4dg\u00e5rdar, b\u00e5tar mm<\/strong><\/h2>\n<p style=\"text-align: justify;\">Hur fungerar det: N\u00e4r en hackspett m\u00e4rker en annan &#8220;hackspett&#8221; i n\u00e4rheten, kommer den att flytta n\u00e5gon annanstans.<\/p>\n<p style=\"text-align: justify;\">Installation: Figuren m\u00e5ste placeras s\u00e5 n\u00e4ra som m\u00f6jligt den plats d\u00e4r f\u00e5geln \u00e4lskar att sitta och hacka.<\/p>\n<p style=\"text-align: justify;\">Ytterligare information: Imitationens h\u00f6jd \u00e4r 28 cm.<\/p>\n<p>Hackspettar som hackar p\u00e5 ditt hus och tak kan vara ett riktigt problem. Eftersom hackspettar inte st\u00e5r ut med en annan hackspett i n\u00e4rheten, st\u00f6ter en verklighetstrogen hackspettfigur bort den riktiga hackspetten, om man placerar imitationen p\u00e5 v\u00e4ggar, tak, vindl\u00e5dor och andra f\u00f6rem\u00e5l som hackspettar \u00e4lskar att hacka p\u00e5.<\/p>\n","protected":false},"featured_media":10391,"template":"","meta":{"_themeisle_gutenberg_block_has_review":false},"product_brand":[],"product_cat":[148,181,149],"product_tag":[],"class_list":{"0":"post-11224","1":"product","2":"type-product","3":"status-publish","4":"has-post-thumbnail","6":"product_cat-fagelavskrackande-produkter","7":"product_cat-fagelskramma-hackspett","8":"product_cat-visuella-fagelskrammor","10":"first","11":"instock","12":"taxable","13":"shipping-taxable","14":"purchasable","15":"product-type-simple"},"_links":{"self":[{"href":"https:\/\/birdbusters.eu\/sv\/wp-json\/wp\/v2\/product\/11224","targetHints":{"allow":["GET"]}}],"collection":[{"href":"https:\/\/birdbusters.eu\/sv\/wp-json\/wp\/v2\/product"}],"about":[{"href":"https:\/\/birdbusters.eu\/sv\/wp-json\/wp\/v2\/types\/product"}],"wp:featuredmedia":[{"embeddable":true,"href":"https:\/\/birdbusters.eu\/sv\/wp-json\/wp\/v2\/media\/10391"}],"wp:attachment":[{"href":"https:\/\/birdbusters.eu\/sv\/wp-json\/wp\/v2\/media?parent=11224"}],"wp:term":[{"taxonomy":"product_brand","embeddable":true,"href":"https:\/\/birdbusters.eu\/sv\/wp-json\/wp\/v2\/product_brand?post=11224"},{"taxonomy":"product_cat","embeddable":true,"href":"https:\/\/birdbusters.eu\/sv\/wp-json\/wp\/v2\/product_cat?post=11224"},{"taxonomy":"product_tag","embeddable":true,"href":"https:\/\/birdbusters.eu\/sv\/wp-json\/wp\/v2\/product_tag?post=11224"}],"curies":[{"name":"wp","href":"https:\/\/api.w.org\/{rel}","templated":true}]}}