{"id":11225,"date":"2018-11-30T09:26:37","date_gmt":"2018-11-30T08:26:37","guid":{"rendered":"https:\/\/birdbusters.eu\/product\/fiskmas-skrammare-for-tak\/"},"modified":"2025-12-08T11:23:30","modified_gmt":"2025-12-08T10:23:30","slug":"fiskmas-skrammare-for-tak","status":"publish","type":"product","link":"https:\/\/birdbusters.eu\/sv\/produkt\/fiskmas-skrammare-for-tak\/","title":{"rendered":"Fiskm\u00e5s-skr\u00e4mmare f\u00f6r tak"},"content":{"rendered":"<h3>Fiskm\u00e5s f\u00e5gelskr\u00e4mma f\u00f6r b\u00e5tar \u2013 Enkel men effektiv<\/h3>\n<p><span style=\"font-weight: 400;\">Om din b\u00e5t har blivit bel\u00e4grad av fiskm\u00e5sar och f\u00e5glarna behandlar det som sin personliga \u00f6vernattningsplats, d\u00e5 \u00e4r det dags att sl\u00e5 tillbaka och f\u00f6rsvara ditt fartyg fr\u00e5n de fj\u00e4derkl\u00e4dda skadedjuren. Ett av de enklaste s\u00e4tten att g\u00f6ra det p\u00e5, \u00e4r att skaffa denna enkla fiskm\u00e5sf\u00e5gelskr\u00e4mma som hindrar f\u00e5glar fr\u00e5n att landa p\u00e5 din b\u00e5t. <\/span><\/p>\n<p><span style=\"font-weight: 400;\">Vinddriven fiskm\u00e5sf\u00e5gelskr\u00e4mma f\u00f6r b\u00e5tar. \u00c4ven den minsta vindpust g\u00f6r att den snurrar, vilket skapar en barri\u00e4r f\u00f6r f\u00e5glar som n\u00e4rmar sig. Fiskm\u00e5sf\u00e5gelskr\u00e4mmans avskr\u00e4ckande roterande r\u00f6relsen skapar en instabil och of\u00f6ruts\u00e4gbar milj\u00f6 f\u00f6r f\u00e5glarna, vilket tvingar dem att retirera. Det kontinuerliga snurrrandet skapar ocks\u00e5 en visuell avskr\u00e4ckande effekt, eftersom f\u00e5glarna uppfattar spinningr\u00f6relsen som farlig och oinbjudande. <\/span><\/p>\n<p><span style=\"font-weight: 400;\">H\u00e5llbarhet och l\u00e5gt underh\u00e5llsbehov av fiskm\u00e5sf\u00e5gelskr\u00e4mman g\u00f6r den till en idealisk l\u00f6sning f\u00f6r b\u00e5t\u00e4gare. Anv\u00e4ndningen av robusta material s\u00e4kerst\u00e4ller att produkten kan uth\u00e4rda tuffa marina milj\u00f6er och saltvatten. F\u00e5gelskr\u00e4mman \u00e4r utformad f\u00f6r att <strong>t\u00e5la stormvindar upp till 26m\/s<\/strong>. <\/span><\/p>\n<p><span style=\"font-weight: 400;\">Fiskm\u00e5sf\u00e5gelskr\u00e4mman \u00e4r l\u00e4tt att installera praktiskt taget \u00f6verallt p\u00e5 b\u00e5ten. F\u00f6r att anv\u00e4nda den p\u00e5 mant\u00e5get kr\u00e4vs dock ett s\u00e4rskilt <a href=\"https:\/\/birdbusters.eu\/sv\/produkt\/rackesfaste\/\"><strong>r\u00e4ckesf\u00e4ste<\/strong><\/a> som kan best\u00e4llas separat. <\/span><\/p>\n<div class=\"woocommerce columns-3 \"><ul class=\"products columns-3\">\n<li class=\"post-11226 product type-product status-publish has-post-thumbnail product_cat-fagelavskrackande-produkter product_cat-visuella-fagelskrammor first instock taxable shipping-taxable purchasable product-type-simple\">\n\t<a href=\"https:\/\/birdbusters.eu\/sv\/produkt\/rackesfaste\/\" class=\"woocommerce-LoopProduct-link woocommerce-loop-product__link\"><img loading=\"lazy\" decoding=\"async\" width=\"360\" height=\"275\" src=\"https:\/\/birdbusters.eu\/wp-content\/uploads\/2018\/11\/Linnupeletajakinnitus-360x275.jpg\" class=\"attachment-woocommerce_thumbnail size-woocommerce_thumbnail\" alt=\"Lokkien karkotus veneilt\u00e4 ja laitureilta \u2013 Birdbustersin ratkaisu\" srcset=\"https:\/\/birdbusters.eu\/wp-content\/uploads\/2018\/11\/Linnupeletajakinnitus-360x275.jpg 360w, https:\/\/birdbusters.eu\/wp-content\/uploads\/2018\/11\/Linnupeletajakinnitus-720x550.jpg 720w\" sizes=\"auto, (max-width: 360px) 100vw, 360px\" title=\"\"><h2 class=\"woocommerce-loop-product__title\">R\u00e4ckesf\u00e4ste<\/h2>\n\t<span class=\"price\"><span class=\"woocommerce-Price-amount amount\"><bdi>449&nbsp;<span class=\"woocommerce-Price-currencySymbol\">&#107;&#114;<\/span><\/bdi><\/span> <small class=\"woocommerce-price-suffix\">-<\/small><\/span>\n<\/a><a href=\"\/sv\/wp-json\/wp\/v2\/product\/11225?add-to-cart=11226\" data-quantity=\"1\" class=\"button product_type_simple add_to_cart_button ajax_add_to_cart\" data-product_id=\"11226\" data-product_sku=\"7777065\" aria-label=\"L\u00e4gg till i varukorgen: \u201dR\u00e4ckesf\u00e4ste\u201d\" rel=\"nofollow\" data-success_message=\"&quot;R\u00e4ckesf\u00e4ste&quot; har lagts till i din varukorg\" role=\"button\">L\u00e4gg till i varukorg<\/a><\/li>\n<\/ul><\/div>\n<h3><b>Fr\u00e5gor och svar<\/b><\/h3>\n<p><b>\u00c4r fiskm\u00e5sf\u00e5gelskr\u00e4mman effektiv? <\/b><\/p>\n<p><span style=\"font-weight: 400;\">Fiskm\u00e5sf\u00e5gelskr\u00e4mman f\u00f6r b\u00e5tar \u00e4r en mycket effektiv l\u00f6sning f\u00f6r att f\u00f6rhindra m\u00e5sar fr\u00e5n att landa. Den skapar b\u00e5de en visuell och en fysisk barri\u00e4r f\u00f6r f\u00e5glarna. N\u00e4r m\u00e5sarna n\u00e4rmar sig b\u00e5ten, skapar den roterande enheten en instabil milj\u00f6 f\u00f6r dem, och tvingar dem att \u00f6verge sina landningsf\u00f6rs\u00f6k. <\/span><\/p>\n<p><span style=\"font-weight: 400;\">Enheten kr\u00e4ver ingen extern str\u00f6mk\u00e4lla eller komplicerad installation. Tillverkad av h\u00f6gkvalitativa material och konstruerad f\u00f6r att t\u00e5la tuffa marina milj\u00f6er, kr\u00e4ver den mycket lite eller inget underh\u00e5ll och har dessutom en l\u00e5ng livsl\u00e4ngd. <\/span><\/p>\n<p><span style=\"font-weight: 400;\">Sammantaget g\u00f6r dess enkelhet, tillf\u00f6rlitlighet, effektivitet, och livsl\u00e4ngden p\u00e5 denna f\u00e5gelskr\u00e4mman den till ett \u00f6vertygande val f\u00f6r b\u00e5t\u00e4gare som f\u00f6rs\u00f6ker h\u00e5lla fiskm\u00e5sarna borta fr\u00e5n sin b\u00e5t. <\/span><\/p>\n<p><b>Kan m\u00e5sar v\u00e4nja sig vid fiskm\u00e5sf\u00e5gelskr\u00e4mman? <\/b><\/p>\n<p><span style=\"font-weight: 400;\">F\u00e5glar kan v\u00e4nja sig vd upprepande ljud eller avskr\u00e4ckande f\u00e5gelskr\u00e4mmor som \u00e4r kvar p\u00e5 samma plats under en l\u00e4ngre tid, men det om\u00f6jligt f\u00f6r dem att v\u00e4nja sig vid denna roterande fiskm\u00e5sf\u00e5gelskr\u00e4mma. Den roterande r\u00f6relsen av fiskm\u00e5sf\u00e5gelskr\u00e4mman hindrar f\u00e5glarna fr\u00e5n att landa, och de forts\u00e4tter att uppfatta denna fysiska barri\u00e4r som ett hinder. <\/span><\/p>\n<p><b>Har fiskm\u00e5sf\u00e5gelskr\u00e4mman n\u00e5gra nackdelar? <\/b><\/p>\n<p><span style=\"font-weight: 400;\">Denna fiskm\u00e5sf\u00e5gelskr\u00e4mma har inga nackdelar. Tv\u00e4rtom, apparaten har m\u00e5nga f\u00f6rdelar som g\u00f6r den till en mycket \u00f6nskv\u00e4rd l\u00f6sning f\u00f6r alla som beh\u00f6ver effektiva och problemfria fiskm\u00e5s kotrollmetoder. <\/span><\/p>\n<p><span style=\"font-weight: 400;\">F\u00f6rutom att den s\u00e5 effektivt skr\u00e4mmer fiskm\u00e5sar \u00e4r den otroligt enkel att installera och underh\u00e5lla. Dessutom kr\u00e4ver den inte n\u00e5gon extern str\u00f6mf\u00f6rs\u00f6rjning f\u00f6r att fungera, vilket g\u00f6r det otroligt bekv\u00e4mt och kostnadseffektivt.<\/span><\/p>\n<p><b>Vad \u00e4r t\u00e4ckningsomr\u00e5det f\u00f6r denna fiskm\u00e5sf\u00e5gelskr\u00e4mma? <\/b><\/p>\n<p><span style=\"font-weight: 400;\">Fiskm\u00e5sf\u00e5gelskr\u00e4mmans avskr\u00e4ckande effekt t\u00e4cker ett omr\u00e5de p\u00e5 <strong>2 meter i diameter<\/strong>. F\u00f6r att skydda ett st\u00f6rre omr\u00e5de \u00e4r det l\u00e4mpligt att placera ut fler. <\/span><\/p>\n<p><b>Vad \u00e4r en fiskm\u00e5s? <\/b><\/p>\n<p><span style=\"font-weight: 400;\">M\u00e5sar, eller vardagligt kallat fiskm\u00e5sar, \u00e4r medlemmar i en stor familj av olika sj\u00f6f\u00e5glar. De observeras ofta l\u00e4ngs kuster och i marina milj\u00f6er, \u00e4ven om de \u00e4ven kan ses i t\u00e4torter och inlandsomr\u00e5den. M\u00e5sar beskrivs ofta som att ha vita fj\u00e4drar och gr\u00e5a vingar. De har l\u00e5nga, spetsiga n\u00e4bbar och fl\u00e4tade f\u00f6tter som till\u00e5ter dem att simma och flyga med l\u00e4tthet.<\/span><\/p>\n<p><span style=\"font-weight: 400;\">Fiskm\u00e5sar \u00e4r opportunistiska matare och \u00e4ter en m\u00e4ngd olika byten, inklusive fisk, kr\u00e4ftdjur, och till och med skr\u00e4p och rester fr\u00e5n m\u00e4nniskor. De har en skarp syn och kan lokalisera mat p\u00e5 l\u00e5ngt h\u00e5ll. Denna anpassningsf\u00f6rm\u00e5ga har gjort det m\u00f6jligt f\u00f6r m\u00e5sarna att trivas i b\u00e5de naturliga och konstgjorda milj\u00f6er.<\/span><\/p>\n<p><b>Varf\u00f6r \u00e4r det n\u00f6dv\u00e4ndigt att avskr\u00e4cka m\u00e5sar? <\/b><\/p>\n<p><span style=\"font-weight: 400;\">N\u00e4rvaron av m\u00e5sar runt sm\u00e5b\u00e5tshamnar, bostadsomr\u00e5den, och annan egendom \u00e4r en stor angel\u00e4genhet f\u00f6r m\u00e5nga m\u00e4nniskor eftersom dessa f\u00e5glar \u00e4r \u00f6k\u00e4nda f\u00f6r sitt ov\u00e4sen och aggressiva beteende. N\u00e4r fiskm\u00e5sar bos\u00e4tter sig p\u00e5 b\u00e5tar, kan deras spillning f\u00f6rst\u00f6ra b\u00e5td\u00e4ck. Dessutom, eftersom m\u00e5sspillning \u00e4r sur, kan de korrodera b\u00e5tf\u00e4rg om man inte reng\u00f6r snabbt. <\/span><\/p>\n<p style=\"text-align: justify;\"\/>\n","protected":false},"excerpt":{"rendered":"<p><span style=\"font-weight: 400;\">Denna snurrande fiskm\u00e5sf\u00e5gelskr\u00e4mma hindrar m\u00e5sar och andra f\u00e5glar fr\u00e5n att landa p\u00e5 tak och b\u00e5tar. Drivs av vinden. Denna enkla enhet snurrar kontinuerligt, vilket skapar en barri\u00e4r som g\u00f6r det om\u00f6jligt f\u00f6r f\u00e5glar att sl\u00e5 sig ner. Som tillval kan du k\u00f6pa r\u00e4ckesf\u00e4ste och sands\u00e4cksfot separat. <\/span><\/p>\n<p>https:\/\/youtu.be\/c7VesODnkek<\/p>\n<p>&nbsp;<\/p>\n","protected":false},"featured_media":10401,"template":"","meta":{"_themeisle_gutenberg_block_has_review":false},"product_brand":[],"product_cat":[148,149],"product_tag":[155,154],"class_list":{"0":"post-11225","1":"product","2":"type-product","3":"status-publish","4":"has-post-thumbnail","6":"product_cat-fagelavskrackande-produkter","7":"product_cat-visuella-fagelskrammor","8":"product_tag-fiskmasfagelskramma-sv","9":"product_tag-fiskmasfagelskramma","10":"product_shipping_class-bud-upphamtningsplats","12":"first","13":"instock","14":"taxable","15":"shipping-taxable","16":"purchasable","17":"product-type-simple"},"_links":{"self":[{"href":"https:\/\/birdbusters.eu\/sv\/wp-json\/wp\/v2\/product\/11225","targetHints":{"allow":["GET"]}}],"collection":[{"href":"https:\/\/birdbusters.eu\/sv\/wp-json\/wp\/v2\/product"}],"about":[{"href":"https:\/\/birdbusters.eu\/sv\/wp-json\/wp\/v2\/types\/product"}],"wp:featuredmedia":[{"embeddable":true,"href":"https:\/\/birdbusters.eu\/sv\/wp-json\/wp\/v2\/media\/10401"}],"wp:attachment":[{"href":"https:\/\/birdbusters.eu\/sv\/wp-json\/wp\/v2\/media?parent=11225"}],"wp:term":[{"taxonomy":"product_brand","embeddable":true,"href":"https:\/\/birdbusters.eu\/sv\/wp-json\/wp\/v2\/product_brand?post=11225"},{"taxonomy":"product_cat","embeddable":true,"href":"https:\/\/birdbusters.eu\/sv\/wp-json\/wp\/v2\/product_cat?post=11225"},{"taxonomy":"product_tag","embeddable":true,"href":"https:\/\/birdbusters.eu\/sv\/wp-json\/wp\/v2\/product_tag?post=11225"}],"curies":[{"name":"wp","href":"https:\/\/api.w.org\/{rel}","templated":true}]}}