{"id":11226,"date":"2018-11-30T09:31:30","date_gmt":"2018-11-30T08:31:30","guid":{"rendered":"https:\/\/birdbusters.eu\/product\/rackesfaste\/"},"modified":"2023-09-05T14:03:03","modified_gmt":"2023-09-05T12:03:03","slug":"rackesfaste","status":"publish","type":"product","link":"https:\/\/birdbusters.eu\/sv\/produkt\/rackesfaste\/","title":{"rendered":"R\u00e4ckesf\u00e4ste"},"content":{"rendered":"<p>R\u00f6rmonteringen \u00e4r utformad f\u00f6r att montera<strong><a class=\"row-title\" href=\"https:\/\/birdbusters.eu\/product\/seagull-deterrent-for-roofs\/\" target=\"_blank\" rel=\"noopener\">fiskm\u00e5sf\u00e5gelskr\u00e4mmaren<\/a> <\/strong>p\u00e5 b\u00e5t, antenn, mant\u00e5g, bom eller n\u00e5got annat horisontellt r\u00f6r. Fungerar bra med r\u00f6rdiameter p\u00e5 12-50 mm.<\/p>\n","protected":false},"excerpt":{"rendered":"<p>R\u00f6rf\u00e4stet \u00e4r utformad f\u00f6r att installera <strong><a class=\"row-title\" href=\"https:\/\/birdbusters.eu\/product\/seagull-deterrent-for-roofs\/\" target=\"_blank\" rel=\"noopener\">fiskm\u00e5sf\u00e5gelskr\u00e4mmaren <\/a> <\/strong>p\u00e5 b\u00e5t, antenn, mant\u00e5g, bom eller n\u00e5got annat horisontellt r\u00f6r.<\/p>\n<p>&nbsp;<\/p>\n","protected":false},"featured_media":10411,"template":"","meta":{"_themeisle_gutenberg_block_has_review":false,"rank_math_focus_keyword":"R\u00e4ckesf\u00e4ste","rank_math_title":"R\u00e4ckesf\u00e4ste f\u00f6r fiskm\u00e5sf\u00e5gelskr\u00e4mmare | BIRD BUSTERS","rank_math_description":"Med detta r\u00e4ckesf\u00e4ste monterar du den snurrande fiskm\u00e5sf\u00e5gelskr\u00e4mmaren p\u00e5 mant\u00e5gs-staket mm. Klicka f\u00f6r att l\u00e4sa mer och handla! ","rank_math_canonical_url":"","rank_math_facebook_title":"","rank_math_facebook_description":"","rank_math_facebook_image":"","rank_math_twitter_title":"","rank_math_twitter_description":"","rank_math_twitter_image":"","rank_math_schema_FAQPage":[]},"product_brand":[],"product_cat":[148,230,289,149],"product_tag":[],"class_list":{"0":"post-11226","1":"product","2":"type-product","3":"status-publish","4":"has-post-thumbnail","6":"product_cat-fagelavskrackande-produkter","7":"product_cat-fagelskydd-i-hamnar-marinor-och-pa-batar","8":"product_cat-masskydd","9":"product_cat-visuella-fagelskrammor","11":"first","12":"instock","13":"taxable","14":"shipping-taxable","15":"purchasable","16":"product-type-simple"},"_links":{"self":[{"href":"https:\/\/birdbusters.eu\/sv\/wp-json\/wp\/v2\/product\/11226","targetHints":{"allow":["GET"]}}],"collection":[{"href":"https:\/\/birdbusters.eu\/sv\/wp-json\/wp\/v2\/product"}],"about":[{"href":"https:\/\/birdbusters.eu\/sv\/wp-json\/wp\/v2\/types\/product"}],"wp:featuredmedia":[{"embeddable":true,"href":"https:\/\/birdbusters.eu\/sv\/wp-json\/wp\/v2\/media\/10411"}],"wp:attachment":[{"href":"https:\/\/birdbusters.eu\/sv\/wp-json\/wp\/v2\/media?parent=11226"}],"wp:term":[{"taxonomy":"product_brand","embeddable":true,"href":"https:\/\/birdbusters.eu\/sv\/wp-json\/wp\/v2\/product_brand?post=11226"},{"taxonomy":"product_cat","embeddable":true,"href":"https:\/\/birdbusters.eu\/sv\/wp-json\/wp\/v2\/product_cat?post=11226"},{"taxonomy":"product_tag","embeddable":true,"href":"https:\/\/birdbusters.eu\/sv\/wp-json\/wp\/v2\/product_tag?post=11226"}],"curies":[{"name":"wp","href":"https:\/\/api.w.org\/{rel}","templated":true}]}}