{"id":11230,"date":"2019-09-21T17:50:39","date_gmt":"2019-09-21T15:50:39","guid":{"rendered":"https:\/\/birdbusters.eu\/product\/agripro-mini-audio-fagelskramma\/"},"modified":"2024-07-16T19:31:34","modified_gmt":"2024-07-16T17:31:34","slug":"agripro-mini-audio-fagelskramma","status":"publish","type":"product","link":"https:\/\/birdbusters.eu\/sv\/produkt\/agripro-mini-audio-fagelskramma\/","title":{"rendered":"AgriPro Mini Audio F\u00e5gelskr\u00e4mma"},"content":{"rendered":"<div class=\"page\" title=\"Sida 1\">\n<div class=\"section\">\n<div class=\"layoutArea\">\n<div class=\"column\">\n<h1><strong>Till\u00e4mpning:<\/strong><\/h1>\n<h2>f\u00e4lt, lador och stall, stadsk\u00e4rnor eller industriomr\u00e5den<\/h2>\n<h2><strong>Effektiv mot:<\/strong><\/h2>\n<h2>kr\u00e5kor, duvor, starar, fiskm\u00e5sar och andra<\/h2>\n<p>Drivs med 220 V. Fullt programmerbar. Det \u00e4r en paus p\u00e5 20 minuter mellan ljudintervaller. Mer \u00e4n 50 olika larmsignaler har registrerats.<br \/>\n<a href=\"https:\/\/birdbusters.eu\/wp-content\/uploads\/2022\/06\/NoticeUtilisationBT9M_002_EN.pdf\">Manual<\/a><\/p>\n<p>&nbsp;<\/p>\n<\/div>\n<\/div>\n<\/div>\n<\/div>\n","protected":false},"excerpt":{"rendered":"<p>Agro mini f\u00e5gelskr\u00e4mma \u00e4r avsedd f\u00f6r jordbruk.<br \/>\nAgro Pro \u00e5terger f\u00e5gelrop och rovf\u00e5glars ljud och skapar en obehaglig milj\u00f6 f\u00f6r skadedjur. Den \u00e4r effektiv f\u00f6r att avv\u00e4rja m\u00e5nga arter, s\u00e5som <strong>kr\u00e5kor, duvor, starar, m\u00e5sar<\/strong>, m. fl.<br \/>\nAgro Pro f\u00e5gelskr\u00e4mma kan anv\u00e4ndas i m\u00e5nga omr\u00e5den: <strong>f\u00e4lt, lador och stall, t\u00e4torter eller industriomr\u00e5den<\/strong>. Apparaten \u00e4r idealisk f\u00f6r att skr\u00e4mma bort f\u00e5glar b\u00e5de inomhus och utomhus. Skyddar upp till 5000 m2.<\/p>\n<p>https:\/\/youtu.be\/xxkk2m9rcUE<\/p>\n<p>&nbsp;<\/p>\n","protected":false},"featured_media":10936,"template":"","meta":{"_themeisle_gutenberg_block_has_review":false,"rank_math_focus_keyword":"AgriPro Mini","rank_math_title":"AgriPro Mini Audio F\u00e5gelskr\u00e4mma | BIRD BUSTERS","rank_math_description":"AgriProMini Audio ljud-f\u00e5gelskr\u00e4mma skr\u00e4mmer bort o\u00f6nskade f\u00e5glar med hj\u00e4lp av ljudeffekter. Klicka f\u00f6r att l\u00e4sa mer och handla! ","rank_math_canonical_url":"","rank_math_facebook_title":"","rank_math_facebook_description":"","rank_math_facebook_image":"","rank_math_twitter_title":"","rank_math_twitter_description":"","rank_math_twitter_image":"","rank_math_schema_FAQPage":[]},"product_brand":[],"product_cat":[148,245,147,250,294],"product_tag":[],"class_list":{"0":"post-11230","1":"product","2":"type-product","3":"status-publish","4":"has-post-thumbnail","6":"product_cat-fagelavskrackande-produkter","7":"product_cat-fagelskydd-i-tradgarden","8":"product_cat-ljud-fagelskrammor","9":"product_cat-skydd-av-grodor-och-fruktodlingar-mot-faglar","10":"product_cat-stareskydd","12":"first","13":"onbackorder","14":"taxable","15":"shipping-taxable","16":"purchasable","17":"product-type-simple"},"_links":{"self":[{"href":"https:\/\/birdbusters.eu\/sv\/wp-json\/wp\/v2\/product\/11230","targetHints":{"allow":["GET"]}}],"collection":[{"href":"https:\/\/birdbusters.eu\/sv\/wp-json\/wp\/v2\/product"}],"about":[{"href":"https:\/\/birdbusters.eu\/sv\/wp-json\/wp\/v2\/types\/product"}],"wp:featuredmedia":[{"embeddable":true,"href":"https:\/\/birdbusters.eu\/sv\/wp-json\/wp\/v2\/media\/10936"}],"wp:attachment":[{"href":"https:\/\/birdbusters.eu\/sv\/wp-json\/wp\/v2\/media?parent=11230"}],"wp:term":[{"taxonomy":"product_brand","embeddable":true,"href":"https:\/\/birdbusters.eu\/sv\/wp-json\/wp\/v2\/product_brand?post=11230"},{"taxonomy":"product_cat","embeddable":true,"href":"https:\/\/birdbusters.eu\/sv\/wp-json\/wp\/v2\/product_cat?post=11230"},{"taxonomy":"product_tag","embeddable":true,"href":"https:\/\/birdbusters.eu\/sv\/wp-json\/wp\/v2\/product_tag?post=11230"}],"curies":[{"name":"wp","href":"https:\/\/api.w.org\/{rel}","templated":true}]}}