{"id":11231,"date":"2019-10-26T10:21:20","date_gmt":"2019-10-26T08:21:20","guid":{"rendered":"https:\/\/birdbusters.eu\/product\/elektronisk-fagelskramma-kanon-med-fjarrkontroll\/"},"modified":"2024-07-16T19:21:40","modified_gmt":"2024-07-16T17:21:40","slug":"elektronisk-fagelskramma-kanon-med-fjarrkontroll","status":"publish","type":"product","link":"https:\/\/birdbusters.eu\/sv\/produkt\/elektronisk-fagelskramma-kanon-med-fjarrkontroll\/","title":{"rendered":"Elektronisk f\u00e5gelskr\u00e4mma-kanon med fj\u00e4rrkontroll"},"content":{"rendered":"<h2>Zon EL08 Elektronisk gaskanon \u2013 den mest effektiva justerbara elektroniska <strong>f\u00e5gelskr\u00e4mman<\/strong>. En v\u00e4derbest\u00e4ndig mekanisk pistol och dess volym kan j\u00e4mf\u00f6ras med ljudet av ett gev\u00e4rsskott. Effektivaste<strong> skadedjurs-skr\u00e4mmaren<\/strong> mot <strong>flyttf\u00e5glar, fiskm\u00e5sar, duvor, vilda hundar, vargar<\/strong>.<\/h2>\n<p>Digitalt konfigurerbar gaspistol Zon EL08 Mark ger m\u00f6jlighet att skjuta upp till fyra sm\u00e4llar i rad, och dessutom kan du v\u00e4lja mellan olika intervaller, och 4 olika tidsperioder som pistolen ska vara aktiv under en 24 h period. Till exempel, Det \u00e4r m\u00f6jligt att st\u00e4lla in pistolen s\u00e5 att den b\u00f6rjar arbeta vid 6:05 p\u00e5 morgonen och slutar vid 9:00.<br \/>\nEfter det aktiveras kanonen n\u00e5gra timmar vid middagstid och sedan under kv\u00e4llen efter behov. Eftersom du kan skjuta upp till fyra sm\u00e4llar i rad, \u00e4r den mest effektiv som ett skr\u00e4mselskott mot flyttf\u00e5glar.<br \/>\nF\u00f6r att anv\u00e4nda gaspistolen kr\u00e4vs ett <a href=\"https:\/\/birdbusters.eu\/product\/12v-battery\/\">12V batteri<\/a> och en gasol- eller butanflaska. Dessa ing\u00e5r inte i paketet.<br \/>\nEtt konventionellt bilbatteri och en gasflaska f\u00f6r hush\u00e5ll kan anv\u00e4ndas.<\/p>\n<p>Dessutom rekommenderar vi att k\u00f6pa ett <a href=\"https:\/\/birdbusters.eu\/product\/360-tripod-for-gas-cannons\/\">360 grader roterande stativ<\/a>, vilket \u00f6kar arbetsomr\u00e5det tack vare dess h\u00f6jd och den roterande axeln. Efter varje sm\u00e4ll som kanonen g\u00f6r, kommer sm\u00e4llen g\u00f6ra att pistolen \u00e4ndrar riktning.<\/p>\n<p><a href=\"https:\/\/birdbusters.eu\/wp-content\/uploads\/2019\/04\/EL08-manual.pdf\" target=\"_blank\" rel=\"noopener\">Manual f\u00f6r gaskanon<\/a><\/p>\n<p><a href=\"https:\/\/birdbusters.eu\/wp-content\/uploads\/2023\/11\/6491c6563176a208QS-RADIO-TRAP-1-1.pdf\"> Fj\u00e4rrmanual<\/a><\/p>\n<p><a href=\"https:\/\/birdbusters.eu\/wp-content\/uploads\/2023\/11\/65367c78131fb917DS-TRAP-12.pdf\">Fj\u00e4rrdata<\/a><\/p>\n<p>&nbsp;<\/p>\n","protected":false},"excerpt":{"rendered":"<p>Zon EL08 Elektronisk gaskanon \u2013 den effektivaste justerbara elektroniska <strong>f\u00e5gelskr\u00e4mman<\/strong>. En v\u00e4derbest\u00e4ndig mekanisk pistol. Dess volym kan j\u00e4mf\u00f6ras med ljudet av ett gev\u00e4rsskott. Effektivaste<strong> skadedjurs-skr\u00e4mmaren<\/strong> mot <strong>flyttf\u00e5glar, fiskm\u00e5sar, duvor, vilda hundar, vargar<\/strong>.<\/p>\n<p>https:\/\/youtu.be\/XMxz8kDgTco<\/p>\n<p>&nbsp;<\/p>\n","protected":false},"featured_media":10512,"template":"","meta":{"_themeisle_gutenberg_block_has_review":false,"rank_math_focus_keyword":"f\u00e5gelskr\u00e4mma kanon","rank_math_title":"F\u00e5gelskr\u00e4mma ljudkanon f\u00f6r effektiv f\u00e5gelkontroll | BIRD BUSTERS","rank_math_description":"Den h\u00e4r f\u00e5gelskr\u00e4mman i form av en ljudkanon \u00e4r en enkel men mycket effektiv l\u00f6sning f\u00f6r att h\u00e5lla o\u00f6nskade f\u00e5glar borta fr\u00e5n din egendom. Klicka f\u00f6r att l\u00e4sa mer! ","rank_math_canonical_url":"","rank_math_facebook_title":"","rank_math_facebook_description":"","rank_math_facebook_image":"","rank_math_twitter_title":"","rank_math_twitter_description":"","rank_math_twitter_image":"","rank_math_schema_FAQPage":[]},"product_brand":[],"product_cat":[288,145,143,263,285,281,289,250,260,295,254,294],"product_tag":[],"class_list":{"0":"post-11231","1":"product","2":"type-product","3":"status-publish","4":"has-post-thumbnail","6":"product_cat-duvskydd","7":"product_cat-fagel-ljudkanoner","8":"product_cat-fagelavvisande-produkter","9":"product_cat-pauksciu-kontrole-oro-uostuose","10":"product_cat-hagerskydd","11":"product_cat-krakskydd","12":"product_cat-masskydd","13":"product_cat-skydd-av-grodor-och-fruktodlingar-mot-faglar","14":"product_cat-skydd-mot-flyttfaglar","15":"product_cat-skydd-mot-vilda-djur-samt-herrelosa-hundar-och-katter","16":"product_cat-skydd-mot-vilda-djur-samt-kontroll-av-herrelosa-hundar-och-katter","17":"product_cat-stareskydd","18":"product_shipping_class-bud-upphamtningsplats","20":"first","21":"outofstock","22":"taxable","23":"shipping-taxable","24":"purchasable","25":"product-type-simple"},"_links":{"self":[{"href":"https:\/\/birdbusters.eu\/sv\/wp-json\/wp\/v2\/product\/11231","targetHints":{"allow":["GET"]}}],"collection":[{"href":"https:\/\/birdbusters.eu\/sv\/wp-json\/wp\/v2\/product"}],"about":[{"href":"https:\/\/birdbusters.eu\/sv\/wp-json\/wp\/v2\/types\/product"}],"wp:featuredmedia":[{"embeddable":true,"href":"https:\/\/birdbusters.eu\/sv\/wp-json\/wp\/v2\/media\/10512"}],"wp:attachment":[{"href":"https:\/\/birdbusters.eu\/sv\/wp-json\/wp\/v2\/media?parent=11231"}],"wp:term":[{"taxonomy":"product_brand","embeddable":true,"href":"https:\/\/birdbusters.eu\/sv\/wp-json\/wp\/v2\/product_brand?post=11231"},{"taxonomy":"product_cat","embeddable":true,"href":"https:\/\/birdbusters.eu\/sv\/wp-json\/wp\/v2\/product_cat?post=11231"},{"taxonomy":"product_tag","embeddable":true,"href":"https:\/\/birdbusters.eu\/sv\/wp-json\/wp\/v2\/product_tag?post=11231"}],"curies":[{"name":"wp","href":"https:\/\/api.w.org\/{rel}","templated":true}]}}