{"id":11235,"date":"2020-08-15T09:17:58","date_gmt":"2020-08-15T07:17:58","guid":{"rendered":"https:\/\/birdbusters.eu\/product\/vit-fagelskramma-ballong\/"},"modified":"2024-07-16T19:39:08","modified_gmt":"2024-07-16T17:39:08","slug":"vit-fagelskramma-ballong","status":"publish","type":"product","link":"https:\/\/birdbusters.eu\/sv\/produkt\/vit-fagelskramma-ballong\/","title":{"rendered":"Vit f\u00e5gelskr\u00e4mma ballong"},"content":{"rendered":"<p><strong>F\u00e5gelskr\u00e4mma-ballong<\/strong> \u00e4r en stor boll som liknar en uggla, som f\u00e4sts till exempel p\u00e5 en tr\u00e4dgren. Skr\u00e4mmer f\u00e5glar vars rovdjur \u00e4r ugglor. F\u00e5gelskr\u00e4mma-ballong h\u00e5ller f\u00e5glar borta med den enkla vinylbollens visuella avskr\u00e4ckande effekt n\u00e4r den r\u00f6r sig med vinden och skr\u00e4mmer skadedjursf\u00e5glar inom synligt omr\u00e5de. Den \u00e4r enkel att anv\u00e4nda, en kostnadseffektiv l\u00f6sning och kan monteras var som helst. Den ger f\u00e5glarna en k\u00e4nsla av os\u00e4kerhet, och de kommer att flyga bort fr\u00e5n det skyddade omr\u00e5det. Dessa skr\u00e4mmande bollar kan anv\u00e4ndas som kompliment till akustiska skr\u00e4mmande anordningar. F\u00f6r att ge en l\u00e5ngvarig avskr\u00e4ckande effekt, se till att du flyttar dessa f\u00e5gelskr\u00e4mmare en g\u00e5ng i veckan. Maximal effektivitet erh\u00e5lls genom roterande f\u00e4rger. Ingen f\u00e4rg b\u00f6r anv\u00e4ndas i mer \u00e4n 3 veckor. Annars f\u00f6rloras dess effektivitet.<\/p>\n","protected":false},"excerpt":{"rendered":"<p><strong>F\u00e5gelskr\u00e4mma-ballong<\/strong> \u00e4r en stor boll som liknar en uggla, som f\u00e4sts till exempel p\u00e5 en tr\u00e4dgren. Skr\u00e4mmer f\u00e5glar vars rovdjur \u00e4r ugglor.<\/p>\n<p>&nbsp;<\/p>\n","protected":false},"featured_media":10536,"template":"","meta":{"_themeisle_gutenberg_block_has_review":false,"rank_math_focus_keyword":"f\u00e5gelskr\u00e4mma boll","rank_math_title":"Vit f\u00e5gelskr\u00e4mma-ballong | BIRD BUSTERS","rank_math_description":"Denna vita f\u00e5gel skr\u00e4mma-ballong r\u00f6r sig med vinden och skr\u00e4mmer f\u00e5glar s\u00e5 att de h\u00e5ller sig borta fr\u00e5n din egendom. Klicka f\u00f6r att l\u00e4sa mer och handla! ","rank_math_canonical_url":"","rank_math_facebook_title":"","rank_math_facebook_description":"","rank_math_facebook_image":"","rank_math_twitter_title":"","rank_math_twitter_description":"","rank_math_twitter_image":"","rank_math_schema_FAQPage":[]},"product_brand":[],"product_cat":[148,245,294,149],"product_tag":[],"class_list":{"0":"post-11235","1":"product","2":"type-product","3":"status-publish","4":"has-post-thumbnail","6":"product_cat-fagelavskrackande-produkter","7":"product_cat-fagelskydd-i-tradgarden","8":"product_cat-stareskydd","9":"product_cat-visuella-fagelskrammor","11":"first","12":"instock","13":"taxable","14":"shipping-taxable","15":"purchasable","16":"product-type-simple"},"_links":{"self":[{"href":"https:\/\/birdbusters.eu\/sv\/wp-json\/wp\/v2\/product\/11235","targetHints":{"allow":["GET"]}}],"collection":[{"href":"https:\/\/birdbusters.eu\/sv\/wp-json\/wp\/v2\/product"}],"about":[{"href":"https:\/\/birdbusters.eu\/sv\/wp-json\/wp\/v2\/types\/product"}],"wp:featuredmedia":[{"embeddable":true,"href":"https:\/\/birdbusters.eu\/sv\/wp-json\/wp\/v2\/media\/10536"}],"wp:attachment":[{"href":"https:\/\/birdbusters.eu\/sv\/wp-json\/wp\/v2\/media?parent=11235"}],"wp:term":[{"taxonomy":"product_brand","embeddable":true,"href":"https:\/\/birdbusters.eu\/sv\/wp-json\/wp\/v2\/product_brand?post=11235"},{"taxonomy":"product_cat","embeddable":true,"href":"https:\/\/birdbusters.eu\/sv\/wp-json\/wp\/v2\/product_cat?post=11235"},{"taxonomy":"product_tag","embeddable":true,"href":"https:\/\/birdbusters.eu\/sv\/wp-json\/wp\/v2\/product_tag?post=11235"}],"curies":[{"name":"wp","href":"https:\/\/api.w.org\/{rel}","templated":true}]}}