{"id":11237,"date":"2020-12-17T18:16:30","date_gmt":"2020-12-17T17:16:30","guid":{"rendered":"https:\/\/birdbusters.eu\/product\/anti-kollision-fonsterdekaler-for-faglar\/"},"modified":"2024-07-16T19:37:31","modified_gmt":"2024-07-16T17:37:31","slug":"anti-kollision-fonsterdekaler-for-faglar","status":"publish","type":"product","link":"https:\/\/birdbusters.eu\/sv\/produkt\/anti-kollision-fonsterdekaler-for-faglar\/","title":{"rendered":"Anti kollision f\u00f6nsterdekaler f\u00f6r f\u00e5glar"},"content":{"rendered":"<h1 style=\"text-align: justify;\"><span style=\"font-size: 12pt;\">Flygande f\u00e5gel silhuett.<\/span><\/h1>\n<p style=\"text-align: justify;\"><strong>F\u00f6r f\u00e5glar \u00e4r glasf\u00f6nster v\u00e4rre \u00e4n osynliga.<\/strong> Genom att reflektera l\u00f6vverk eller himmel ser de ut som inbjudande platser att flyga till. Och eftersom antalet f\u00f6nster \u00e4r s\u00e5 stort, \u00e4r deras \u00e5verkan p\u00e5 f\u00e5glar enormt.<\/p>\n<p style=\"text-align: justify;\">Inkluderar 3 olika f\u00e5gelsilhuetter &#8211; <strong>h\u00f6k silhuetter<\/strong> och <strong>\u00f6rn silhuett.<\/strong><\/p>\n<p>Ytterligare information: om f\u00f6nstret ser m\u00f6rkt ut p\u00e5 avst\u00e5nd, rekommenderas att anv\u00e4nda vita silhuetter, p\u00e5 glasbarri\u00e4rer svarta silhuetter.<\/p>\n<p style=\"text-align: justify;\">\n","protected":false},"excerpt":{"rendered":"<p>Anti kollision f\u00f6nsterdekaler f\u00f6r f\u00e5glar. <strong>F\u00f6r f\u00e5glar \u00e4r glasf\u00f6nster v\u00e4rre \u00e4n osynliga. <\/strong>Skyddar f\u00e5glar och glaset.<\/p>\n<p>&nbsp;<\/p>\n","protected":false},"featured_media":10593,"template":"","meta":{"_themeisle_gutenberg_block_has_review":false,"rank_math_focus_keyword":"anti kollision f\u00f6nsterdekaler f\u00f6r f\u00e5glar","rank_math_title":"Anti kollision f\u00f6nsterdekaler f\u00f6r f\u00e5glar | BIRD BUSTERS","rank_math_description":"Dessa anti kollision f\u00f6nsterdekaler f\u00f6r f\u00e5glar varnar f\u00e5glarna och hindrar dem fr\u00e5n att flyga in i f\u00f6nster och glasd\u00f6rrar. Klicka f\u00f6r att l\u00e4sa mer och handla! ","rank_math_canonical_url":"","rank_math_facebook_title":"","rank_math_facebook_description":"","rank_math_facebook_image":"","rank_math_twitter_title":"","rank_math_twitter_description":"","rank_math_twitter_image":"","rank_math_schema_FAQPage":[]},"product_brand":[],"product_cat":[288,148,235,294,149],"product_tag":[],"class_list":{"0":"post-11237","1":"product","2":"type-product","3":"status-publish","4":"has-post-thumbnail","6":"product_cat-duvskydd","7":"product_cat-fagelavskrackande-produkter","8":"product_cat-fagelskydd-for-industriomraden-och-lager","9":"product_cat-stareskydd","10":"product_cat-visuella-fagelskrammor","12":"first","13":"instock","14":"taxable","15":"shipping-taxable","16":"purchasable","17":"product-type-simple"},"_links":{"self":[{"href":"https:\/\/birdbusters.eu\/sv\/wp-json\/wp\/v2\/product\/11237","targetHints":{"allow":["GET"]}}],"collection":[{"href":"https:\/\/birdbusters.eu\/sv\/wp-json\/wp\/v2\/product"}],"about":[{"href":"https:\/\/birdbusters.eu\/sv\/wp-json\/wp\/v2\/types\/product"}],"wp:featuredmedia":[{"embeddable":true,"href":"https:\/\/birdbusters.eu\/sv\/wp-json\/wp\/v2\/media\/10593"}],"wp:attachment":[{"href":"https:\/\/birdbusters.eu\/sv\/wp-json\/wp\/v2\/media?parent=11237"}],"wp:term":[{"taxonomy":"product_brand","embeddable":true,"href":"https:\/\/birdbusters.eu\/sv\/wp-json\/wp\/v2\/product_brand?post=11237"},{"taxonomy":"product_cat","embeddable":true,"href":"https:\/\/birdbusters.eu\/sv\/wp-json\/wp\/v2\/product_cat?post=11237"},{"taxonomy":"product_tag","embeddable":true,"href":"https:\/\/birdbusters.eu\/sv\/wp-json\/wp\/v2\/product_tag?post=11237"}],"curies":[{"name":"wp","href":"https:\/\/api.w.org\/{rel}","templated":true}]}}