{"id":11238,"date":"2020-11-09T10:43:30","date_gmt":"2023-09-07T05:28:16","guid":{"rendered":"https:\/\/birdbusters.eu\/product\/agripro-3ha-audio-fagelskramma\/"},"modified":"2023-09-07T07:28:16","modified_gmt":"2023-09-07T05:28:16","slug":"agripro-3ha-audio-fagelskramma","status":"publish","type":"product","link":"https:\/\/birdbusters.eu\/sv\/produkt\/agripro-3ha-audio-fagelskramma\/","title":{"rendered":"AgriPro 3Ha Audio F\u00e5gelskr\u00e4mma"},"content":{"rendered":"<h2><strong>Akustisk f\u00e5gelskr\u00e4mma, bra l\u00f6sning f\u00f6r skydd av \u00e5krar.<\/strong><\/h2>\n<p>Den \u00e4r effektiv f\u00f6r m\u00e5nga arter s\u00e5som:<\/p>\n<ul>\n<li>kr\u00e5kor, kajor, och korpar,<\/li>\n<li>duvor i tr\u00e4,<\/li>\n<li>starar,<\/li>\n<li>fiskm\u00e5sar &#8230;<\/li>\n<\/ul>\n<p>Den kan anv\u00e4ndas i m\u00e5nga omr\u00e5den :<\/p>\n<ul>\n<li>\u00e5krar, jordbruket,<\/li>\n<li>lador och stall,<\/li>\n<li>stadscentrum,<\/li>\n<li>privata byggnader eller<\/li>\n<li>kommersiella omr\u00e5den.<\/li>\n<\/ul>\n<p>Skyddar effektivt upp till 7,5 hektar (3 hektar)<\/p>\n<p>Med 20-minuters paus mellan varje ljudintervall<\/p>\n<div class=\"page\" title=\"Sida 1\">\n<div class=\"section\">\n<div class=\"layoutArea\">\n<div class=\"column\">\n<p>Mer \u00e4n 150 skr\u00e4mmande signaler organiserade i 7 ljudfamiljer, f\u00f6r att effektivt avv\u00e4rja skadef\u00e5glar<br \/>\nHar ett laddningsbart batteri med 3 veckors autonomi<br \/>\nIntegrerad programmeringsfunktion (Egna signaler, \u00f6verf\u00f6ringsintervall, start och stopptid, volym, \u2026)<\/p>\n<h3><em>F\u00f6rdelar:<\/em><\/h3>\n<ul>\n<li>L\u00e4tt att anv\u00e4nda och l\u00e4tt att installera<\/li>\n<li>Vattent\u00e4tt h\u00f6lje och integrerat f\u00e4llbart stativ<\/li>\n<li>Milj\u00f6v\u00e4nlig:<\/li>\n<\/ul>\n<p>o Bullerst\u00f6rning kontrollerad<\/p>\n<p>o Ofarligt f\u00f6r anv\u00e4ndare och djur<\/p>\n<ul>\n<li>Kan anv\u00e4ndas i alla v\u00e4derf\u00f6rh\u00e5llanden<\/li>\n<\/ul>\n<h3><em>Huvudfunktioner:<\/em><\/h3>\n<ul>\n<li>Skyddar effektivt upp till 7,5 hektar (3 hektar)<\/li>\n<li>Batterikapacitet: 3 veckor*<\/li>\n<li>Fullt programmerbar:<\/li>\n<\/ul>\n<p>o S\u00e4nder ut de signaler som du v\u00e4ljer<\/p>\n<p>o Val av intervall<\/p>\n<p>o Programstart och stopptid<\/p>\n<p>o Justerbar ljudvolym<\/p>\n<p>*Batteri autonomi f\u00f6r typisk anv\u00e4ndning (1 signal avges var 20 minut, 14 timmar om dagen)<\/p>\n<h3><em>F\u00e5gelskr\u00e4mman inkluderar:<\/em><\/h3>\n<ul>\n<li>En IP55 elektronisk enhet med:<\/li>\n<\/ul>\n<p>o Ett laddningsbart 12V 7.2AH batteri<\/p>\n<p>o En elektronisk modul med sk\u00e4rm och vridknapp<\/p>\n<p>o Ett minneskort med mer \u00e4n 50 f\u00e5gelskr\u00e4mmande akustiska signaler<\/p>\n<ul>\n<li>En hornh\u00f6gtalare f\u00f6r att sprida ut skr\u00e4mmande ljud<\/li>\n<li>Ett l\u00f6stagbart och f\u00e4llbart stativ<\/li>\n<li>En kompatibel batteriladdare<\/li>\n<li>Monterings- och driftguide<\/li>\n<\/ul>\n<p><strong>Observera att inget av laddningsalternativen \u00e4r vattent\u00e4tt<\/strong>.<\/p>\n<div class=\"page\" title=\"Sida 5\">\n<div class=\"layoutArea\">\n<div class=\"column\">\n<p>Om du vill l\u00e4mna din enhet ansluten till eln\u00e4tet n\u00e4r du \u00e4r utomhus, m\u00e5ste den vara ansluten till sitt n\u00e4taggregat med en<strong> 5 meter<\/strong> eller <strong>10 meter<\/strong> <strong>vattent\u00e4t kabel<\/strong> (vi best\u00e4ller separat) eller v\u00e4lja en valfri 10 W <strong>Solmodul<\/strong>.<\/p>\n<\/div>\n<\/div>\n<\/div>\n<p><em>Tekniska egenskaper:<\/em><\/p>\n<p><strong>Dimensioner (LxBxH)<\/strong>: 58x58x66 cm<\/p>\n<p><strong>Vikt: <\/strong>8.5 kg<\/p>\n<p><strong>Batteriladdare<\/strong>: 100-240VAC 50\/60Hz<\/p>\n<p><strong>Ljudtryck<\/strong>: 120 dBA @ 1m<\/p>\n<p><a href=\"https:\/\/birdbusters.eu\/wp-content\/uploads\/2022\/06\/NoticeUtilisationAVT_B_EN.pdf\">Manual<\/a><\/p>\n<p><iframe loading=\"lazy\" title=\"Efficacit\u00e9 de l&#039;effaroucheur AviTrac\u00ae AVT18M sur un dortoir de corbeaux\" width=\"500\" height=\"281\" src=\"https:\/\/www.youtube.com\/embed\/1igkzc2yDdc?feature=oembed\" frameborder=\"0\" allow=\"accelerometer; autoplay; clipboard-write; encrypted-media; gyroscope; picture-in-picture; web-share\" referrerpolicy=\"strict-origin-when-cross-origin\" allowfullscreen><\/iframe><\/p>\n<p>&nbsp;<\/p>\n<\/div>\n<\/div>\n<\/div>\n<\/div>\n","protected":false},"excerpt":{"rendered":"<p>F\u00e5gelskr\u00e4mman avger n\u00f6drop och rovdjursl\u00e4ten f\u00f6r att skapa en stressig milj\u00f6 f\u00f6r alla skadedjursf\u00e5glar.<\/p>\n<p>https:\/\/youtu.be\/XaM6VkvFlgo<\/p>\n<p>&nbsp;<\/p>\n","protected":false},"featured_media":10993,"template":"","meta":{"_themeisle_gutenberg_block_has_review":false},"product_brand":[],"product_cat":[148,147],"product_tag":[],"class_list":{"0":"post-11238","1":"product","2":"type-product","3":"status-publish","4":"has-post-thumbnail","6":"product_cat-fagelavskrackande-produkter","7":"product_cat-ljud-fagelskrammor","9":"first","10":"onbackorder","11":"taxable","12":"shipping-taxable","13":"purchasable","14":"product-type-simple"},"_links":{"self":[{"href":"https:\/\/birdbusters.eu\/sv\/wp-json\/wp\/v2\/product\/11238","targetHints":{"allow":["GET"]}}],"collection":[{"href":"https:\/\/birdbusters.eu\/sv\/wp-json\/wp\/v2\/product"}],"about":[{"href":"https:\/\/birdbusters.eu\/sv\/wp-json\/wp\/v2\/types\/product"}],"wp:featuredmedia":[{"embeddable":true,"href":"https:\/\/birdbusters.eu\/sv\/wp-json\/wp\/v2\/media\/10993"}],"wp:attachment":[{"href":"https:\/\/birdbusters.eu\/sv\/wp-json\/wp\/v2\/media?parent=11238"}],"wp:term":[{"taxonomy":"product_brand","embeddable":true,"href":"https:\/\/birdbusters.eu\/sv\/wp-json\/wp\/v2\/product_brand?post=11238"},{"taxonomy":"product_cat","embeddable":true,"href":"https:\/\/birdbusters.eu\/sv\/wp-json\/wp\/v2\/product_cat?post=11238"},{"taxonomy":"product_tag","embeddable":true,"href":"https:\/\/birdbusters.eu\/sv\/wp-json\/wp\/v2\/product_tag?post=11238"}],"curies":[{"name":"wp","href":"https:\/\/api.w.org\/{rel}","templated":true}]}}