{"id":11240,"date":"2021-01-05T15:41:58","date_gmt":"2021-01-05T14:41:58","guid":{"rendered":"https:\/\/birdbusters.eu\/?post_type=product&#038;p=11240"},"modified":"2026-04-06T07:52:35","modified_gmt":"2026-04-06T05:52:35","slug":"fagelskramma-laser","status":"publish","type":"product","link":"https:\/\/birdbusters.eu\/sv\/produkt\/fagelskramma-laser\/","title":{"rendered":"Laser F\u00e5gelskr\u00e4mma \u2013 Effektivt F\u00e5gelskr\u00e4mma Laser System med Fj\u00e4rrkontroll"},"content":{"rendered":"<h2 data-start=\"1057\" data-end=\"1094\">Hur Laser F\u00e5gelskr\u00e4mman Fungerar<\/h2>\n<p data-start=\"1096\" data-end=\"1407\">F\u00e5glar har mycket k\u00e4nslig syn och reagerar starkt p\u00e5 ljus och r\u00f6relse. <strong data-start=\"1167\" data-end=\"1189\">F\u00e5gelskr\u00e4mma laser<\/strong> anv\u00e4nder denna naturliga reaktion f\u00f6r att skr\u00e4mma bort dem p\u00e5 ett humant och effektivt s\u00e4tt.<br data-start=\"1282\" data-end=\"1285\" \/>Den gr\u00f6na laserstr\u00e5len sveper \u00f6ver ytor och strukturer och skapar en st\u00e4ndig r\u00f6relse som f\u00e5glarna uppfattar som ett hot.<\/p>\n<p data-start=\"1409\" data-end=\"1590\">Eftersom lasern hela tiden r\u00f6r sig och \u00e4ndrar riktning, v\u00e4njer sig inte f\u00e5glarna vid den. \u00c4ven under gryning, skymning eller molniga dagar \u00e4r ljuset tydligt synligt och effektivt.<\/p>\n<p data-start=\"1592\" data-end=\"1790\">Med den medf\u00f6ljande fj\u00e4rrkontrollen kan du enkelt justera laserstr\u00e5lens vinkel, r\u00f6relse och hastighet. P\u00e5 s\u00e5 s\u00e4tt kan du rikta in lasern p\u00e5 specifika omr\u00e5den som takkanter, balkar eller lagerytor.<\/p>\n<h2 data-start=\"1797\" data-end=\"1820\">Viktiga Funktioner<\/h2>\n<ul data-start=\"1822\" data-end=\"2272\">\n<li data-start=\"1822\" data-end=\"1884\">\n<p data-start=\"1824\" data-end=\"1884\"><strong data-start=\"1824\" data-end=\"1838\">Teknologi:<\/strong> Dynamisk gr\u00f6n laserstr\u00e5le med bred t\u00e4ckning<\/p>\n<\/li>\n<li data-start=\"1885\" data-end=\"1943\">\n<p data-start=\"1887\" data-end=\"1943\"><strong data-start=\"1887\" data-end=\"1900\">Kontroll:<\/strong> Tr\u00e5dl\u00f6s fj\u00e4rrkontroll f\u00f6r enkel styrning<\/p>\n<\/li>\n<li data-start=\"1944\" data-end=\"1996\">\n<p data-start=\"1946\" data-end=\"1996\"><strong data-start=\"1946\" data-end=\"1959\">R\u00e4ckvidd:<\/strong> Upp till 3000 m\u00b2 beroende p\u00e5 milj\u00f6<\/p>\n<\/li>\n<li data-start=\"1997\" data-end=\"2060\">\n<p data-start=\"1999\" data-end=\"2060\"><strong data-start=\"1999\" data-end=\"2014\">Energisn\u00e5l:<\/strong> L\u00e5g str\u00f6mf\u00f6rbrukning f\u00f6r kontinuerlig drift<\/p>\n<\/li>\n<li data-start=\"2061\" data-end=\"2096\">\n<p data-start=\"2063\" data-end=\"2096\"><strong data-start=\"2063\" data-end=\"2075\">Ljudl\u00f6s:<\/strong> Inga st\u00f6rande ljud<\/p>\n<\/li>\n<li data-start=\"2097\" data-end=\"2149\">\n<p data-start=\"2099\" data-end=\"2149\"><strong data-start=\"2099\" data-end=\"2118\">V\u00e4derbest\u00e4ndig:<\/strong> IPX5-klassad f\u00f6r utomhusbruk<\/p>\n<\/li>\n<li data-start=\"2150\" data-end=\"2210\">\n<p data-start=\"2152\" data-end=\"2210\"><strong data-start=\"2152\" data-end=\"2166\">Montering:<\/strong> Kan monteras p\u00e5 v\u00e4gg, stativ eller stolpe<\/p>\n<\/li>\n<li data-start=\"2211\" data-end=\"2272\">\n<p data-start=\"2213\" data-end=\"2272\"><strong data-start=\"2213\" data-end=\"2231\">Underh\u00e5llsfri:<\/strong> Kr\u00e4ver ingen service eller reservdelar<\/p>\n<\/li>\n<\/ul>\n<p data-start=\"2274\" data-end=\"2430\">Detta <strong data-start=\"2280\" data-end=\"2309\">laser f\u00e5gelskr\u00e4mma system<\/strong> kan anv\u00e4ndas b\u00e5de manuellt och automatiskt. Det \u00e4r helt tyst och passar perfekt i omr\u00e5den d\u00e4r man vill undvika buller.<\/p>\n<h2 data-start=\"2437\" data-end=\"2460\">Anv\u00e4ndningsomr\u00e5den<\/h2>\n<p data-start=\"2462\" data-end=\"2526\">Den <strong data-start=\"2466\" data-end=\"2488\">f\u00e5gelskr\u00e4mma laser<\/strong> kan anv\u00e4ndas i m\u00e5nga olika milj\u00f6er:<\/p>\n<ul data-start=\"2528\" data-end=\"2933\">\n<li data-start=\"2528\" data-end=\"2605\">\n<p data-start=\"2530\" data-end=\"2605\"><strong data-start=\"2530\" data-end=\"2560\">Lagerlokaler och fabriker:<\/strong> F\u00f6rhindrar att duvor och sparvar bygger bo<\/p>\n<\/li>\n<li data-start=\"2606\" data-end=\"2670\">\n<p data-start=\"2608\" data-end=\"2670\"><strong data-start=\"2608\" data-end=\"2631\">Tak och solpaneler:<\/strong> H\u00e5ller m\u00e5sar, kr\u00e5kor och duvor borta<\/p>\n<\/li>\n<li data-start=\"2671\" data-end=\"2722\">\n<p data-start=\"2673\" data-end=\"2722\"><strong data-start=\"2673\" data-end=\"2686\">Jordbruk:<\/strong> Skyddar spannm\u00e5l, stall och silos<\/p>\n<\/li>\n<li data-start=\"2723\" data-end=\"2792\">\n<p data-start=\"2725\" data-end=\"2792\"><strong data-start=\"2725\" data-end=\"2757\">Ving\u00e5rdar och fruktodlingar:<\/strong> Skr\u00e4mmer bort starar och trastar<\/p>\n<\/li>\n<li data-start=\"2793\" data-end=\"2862\">\n<p data-start=\"2795\" data-end=\"2862\"><strong data-start=\"2795\" data-end=\"2824\">Flygplatser och hangarer:<\/strong> Minskar risken f\u00f6r f\u00e5gelkollisioner<\/p>\n<\/li>\n<li data-start=\"2863\" data-end=\"2933\">\n<p data-start=\"2865\" data-end=\"2933\"><strong data-start=\"2865\" data-end=\"2891\">B\u00e5thamnar och bryggor:<\/strong> Stoppar m\u00e5sar fr\u00e5n att smutsa ner b\u00e5tar<\/p>\n<\/li>\n<\/ul>\n<p data-start=\"2935\" data-end=\"3157\">F\u00f6r \u00f6ppna omr\u00e5den rekommenderas att kombinera denna produkt med v\u00e5r <a class=\"decorated-link\" href=\"https:\/\/birdbusters.eu\/sv\/produkt\/7-meter-orndrake-for-att-skrama-faglar\/\" target=\"_new\" rel=\"noopener\" data-start=\"3003\" data-end=\"3075\">7 Meter Eagle Kite<\/a>, en visuell f\u00e5gelskr\u00e4mma som r\u00f6r sig naturligt i vinden f\u00f6r \u00e4nnu b\u00e4ttre effekt.<\/p>\n<h2 data-start=\"3164\" data-end=\"3211\">F\u00f6rdelar j\u00e4mf\u00f6rt med traditionella metoder<\/h2>\n<div class=\"TyagGW_tableContainer\">\n<div class=\"group TyagGW_tableWrapper flex w-fit flex-col-reverse\" tabindex=\"-1\">\n<table class=\"w-fit min-w-(--thread-content-width)\" data-start=\"3213\" data-end=\"3611\">\n<thead data-start=\"3213\" data-end=\"3285\">\n<tr data-start=\"3213\" data-end=\"3285\">\n<th data-start=\"3213\" data-end=\"3224\" data-col-size=\"sm\">Egenskap<\/th>\n<th data-start=\"3224\" data-end=\"3245\" data-col-size=\"sm\">Laser F\u00e5gelskr\u00e4mma<\/th>\n<th data-start=\"3245\" data-end=\"3269\" data-col-size=\"sm\">Ljudbaserade skr\u00e4mmor<\/th>\n<th data-start=\"3269\" data-end=\"3285\" data-col-size=\"sm\">N\u00e4t &amp; Piggar<\/th>\n<\/tr>\n<\/thead>\n<tbody data-start=\"3361\" data-end=\"3611\">\n<tr data-start=\"3361\" data-end=\"3393\">\n<td data-start=\"3361\" data-end=\"3372\" data-col-size=\"sm\">Ljudniv\u00e5<\/td>\n<td data-start=\"3372\" data-end=\"3379\" data-col-size=\"sm\">Tyst<\/td>\n<td data-start=\"3379\" data-end=\"3385\" data-col-size=\"sm\">H\u00f6g<\/td>\n<td data-start=\"3385\" data-end=\"3393\" data-col-size=\"sm\">Tyst<\/td>\n<\/tr>\n<tr data-start=\"3394\" data-end=\"3434\">\n<td data-start=\"3394\" data-end=\"3406\" data-col-size=\"sm\">Underh\u00e5ll<\/td>\n<td data-start=\"3406\" data-end=\"3419\" data-col-size=\"sm\">Mycket l\u00e5g<\/td>\n<td data-start=\"3419\" data-end=\"3427\" data-col-size=\"sm\">Medel<\/td>\n<td data-start=\"3427\" data-end=\"3434\" data-col-size=\"sm\">H\u00f6g<\/td>\n<\/tr>\n<tr data-start=\"3435\" data-end=\"3469\">\n<td data-start=\"3435\" data-end=\"3449\" data-col-size=\"sm\">Milj\u00f6v\u00e4nlig<\/td>\n<td data-start=\"3449\" data-end=\"3454\" data-col-size=\"sm\">Ja<\/td>\n<td data-start=\"3454\" data-end=\"3463\" data-col-size=\"sm\">Delvis<\/td>\n<td data-start=\"3463\" data-end=\"3469\" data-col-size=\"sm\">Ja<\/td>\n<\/tr>\n<tr data-start=\"3470\" data-end=\"3521\">\n<td data-start=\"3470\" data-end=\"3481\" data-col-size=\"sm\">T\u00e4ckning<\/td>\n<td data-start=\"3481\" data-end=\"3500\" data-col-size=\"sm\">Upp till 3000 m\u00b2<\/td>\n<td data-start=\"3500\" data-end=\"3512\" data-col-size=\"sm\">Begr\u00e4nsad<\/td>\n<td data-start=\"3512\" data-end=\"3521\" data-col-size=\"sm\">Lokal<\/td>\n<\/tr>\n<tr data-start=\"3522\" data-end=\"3568\">\n<td data-start=\"3522\" data-end=\"3535\" data-col-size=\"sm\">Anpassning<\/td>\n<td data-start=\"3535\" data-end=\"3553\" data-col-size=\"sm\">Mycket flexibel<\/td>\n<td data-start=\"3553\" data-end=\"3559\" data-col-size=\"sm\">L\u00e5g<\/td>\n<td data-start=\"3559\" data-end=\"3568\" data-col-size=\"sm\">Ingen<\/td>\n<\/tr>\n<tr data-start=\"3569\" data-end=\"3611\">\n<td data-start=\"3569\" data-end=\"3584\" data-col-size=\"sm\">Installation<\/td>\n<td data-start=\"3584\" data-end=\"3592\" data-col-size=\"sm\">Enkel<\/td>\n<td data-start=\"3592\" data-end=\"3602\" data-col-size=\"sm\">Komplex<\/td>\n<td data-start=\"3602\" data-end=\"3611\" data-col-size=\"sm\">Medel<\/td>\n<\/tr>\n<\/tbody>\n<\/table>\n<\/div>\n<\/div>\n<p data-start=\"3613\" data-end=\"3787\">Till skillnad fr\u00e5n ljudbaserade enheter st\u00f6r <strong data-start=\"3658\" data-end=\"3681\">laser f\u00e5gelskr\u00e4mman<\/strong> varken m\u00e4nniskor eller husdjur. Den fungerar tyst, dygnet runt och kr\u00e4ver inga kemikalier eller f\u00e4llor.<\/p>\n<h2 data-start=\"3794\" data-end=\"3825\">S\u00e4ker och Djurskyddsv\u00e4nlig<\/h2>\n<p data-start=\"3827\" data-end=\"4006\"><strong data-start=\"3827\" data-end=\"3849\">Laser f\u00e5gelskr\u00e4mma<\/strong> \u00e4r designad f\u00f6r att skydda byggnader och gr\u00f6dor utan att skada djur. Lasern skr\u00e4mmer bara bort f\u00e5glarna genom ljus och r\u00f6relse \u2013 utan stress eller sm\u00e4rta.<\/p>\n<p data-start=\"4008\" data-end=\"4190\">Produkten uppfyller europeiska s\u00e4kerhetsstandarder och \u00e4r s\u00e4ker f\u00f6r m\u00e4nniskor, djur och v\u00e4xter. Perfekt f\u00f6r g\u00e5rdar, lager och offentliga milj\u00f6er d\u00e4r human f\u00e5gelkontroll \u00e4r viktigt.<\/p>\n<h2 data-start=\"4197\" data-end=\"4225\">Tips f\u00f6r B\u00e4sta Resultat<\/h2>\n<ul data-start=\"4227\" data-end=\"4475\">\n<li data-start=\"4227\" data-end=\"4306\">\n<p data-start=\"4229\" data-end=\"4306\">Anv\u00e4nd lasern tidigt p\u00e5 morgonen och vid skymning n\u00e4r f\u00e5glar \u00e4r mest aktiva<\/p>\n<\/li>\n<li data-start=\"4307\" data-end=\"4366\">\n<p data-start=\"4309\" data-end=\"4366\">\u00c4ndra laserposition ibland f\u00f6r att undvika tillv\u00e4njning<\/p>\n<\/li>\n<li data-start=\"4367\" data-end=\"4422\">\n<p data-start=\"4369\" data-end=\"4422\">Kombinera med visuella skr\u00e4mmor f\u00f6r starkare effekt<\/p>\n<\/li>\n<li data-start=\"4423\" data-end=\"4475\">\n<p data-start=\"4425\" data-end=\"4475\">Reng\u00f6r linsen regelbundet f\u00f6r maximal ljusstyrka<\/p>\n<\/li>\n<\/ul>\n<p data-start=\"4477\" data-end=\"4561\">N\u00e4r den anv\u00e4nds konsekvent ger systemet ett l\u00e5ngvarigt skydd mot f\u00e5glar \u00e5ret runt.<\/p>\n<h2 data-start=\"4568\" data-end=\"4588\">Kundrecensioner<\/h2>\n<blockquote data-start=\"4590\" data-end=\"4716\">\n<p data-start=\"4592\" data-end=\"4716\">\u201cVi installerade tv\u00e5 laser f\u00e5gelskr\u00e4mmor i v\u00e5rt lager. Inga duvor sedan dag ett \u2013 tyst och effektivt.\u201d<br data-start=\"4694\" data-end=\"4697\" \/>\u2014 Anders, Sk\u00e5ne<\/p>\n<\/blockquote>\n<blockquote data-start=\"4718\" data-end=\"4822\">\n<p data-start=\"4720\" data-end=\"4822\">\u201cPerfekt f\u00f6r v\u00e5ra solpaneler! Inga m\u00e5sar l\u00e4ngre och mycket enklare underh\u00e5ll.\u201d<br data-start=\"4798\" data-end=\"4801\" \/>\u2014 Karin, G\u00f6teborg<\/p>\n<\/blockquote>\n<blockquote data-start=\"4824\" data-end=\"4930\">\n<p data-start=\"4826\" data-end=\"4930\">\u201cFj\u00e4rrkontrollen g\u00f6r det enkelt att styra lasern fr\u00e5n marken \u2013 v\u00e4ldigt bekv\u00e4mt.\u201d<br data-start=\"4906\" data-end=\"4909\" \/>\u2014 Erik, Stockholm<\/p>\n<\/blockquote>\n<h2 data-start=\"4937\" data-end=\"4966\">Varf\u00f6r v\u00e4lja Birdbusters<\/h2>\n<p data-start=\"4968\" data-end=\"5171\">Birdbusters erbjuder professionella, djurv\u00e4nliga l\u00f6sningar f\u00f6r f\u00e5gelskr\u00e4mning.<br data-start=\"5046\" data-end=\"5049\" \/>V\u00e5ra produkter kombinerar modern teknik med h\u00e5llbar design f\u00f6r att skydda byggnader och jordbruk utan att skada naturen.<\/p>\n<p data-start=\"5173\" data-end=\"5307\"><strong data-start=\"5173\" data-end=\"5195\">Laser f\u00e5gelskr\u00e4mma<\/strong> \u00e4r p\u00e5litlig, s\u00e4ker och effektiv \u2013 det perfekta valet f\u00f6r alla som vill ha en modern l\u00f6sning mot f\u00e5gelproblem.<\/p>\n<p><a href=\"https:\/\/birdbusters.eu\/wp-content\/uploads\/2021\/01\/outdoor.pdf\"><strong data-start=\"5173\" data-end=\"5195\">Laser f\u00e5gelskr\u00e4mma <\/strong>Manual<\/a><\/p>\n","protected":false},"excerpt":{"rendered":"<p data-start=\"348\" data-end=\"640\">F\u00e5glar kan orsaka stora problem p\u00e5 tak, lagerlokaler eller jordbruksomr\u00e5den. De smutsar ner byggnader, f\u00f6rst\u00f6r gr\u00f6dor och skadar utrustning.<br data-start=\"488\" data-end=\"491\" \/><strong data-start=\"491\" data-end=\"513\">Laser f\u00e5gelskr\u00e4mma<\/strong> fr\u00e5n Birdbusters \u00e4r en modern, tyst och milj\u00f6v\u00e4nlig l\u00f6sning f\u00f6r att h\u00e5lla f\u00e5glar borta \u2013 utan kemikalier, ljud eller f\u00e4llor.<\/p>\n<p data-start=\"642\" data-end=\"912\">Denna <strong data-start=\"648\" data-end=\"670\">f\u00e5gelskr\u00e4mma laser<\/strong> anv\u00e4nder en r\u00f6rlig gr\u00f6n laserstr\u00e5le som f\u00e5glar uppfattar som ett hot. R\u00f6relsen p\u00e5minner om en rovf\u00e5gel eller ett snabbt n\u00e4rmande objekt, vilket aktiverar deras flyktinstinkt. Resultatet blir att f\u00e5glarna l\u00e4mnar omr\u00e5det och inte \u00e5terv\u00e4nder.<\/p>\n<p data-start=\"914\" data-end=\"1050\">Laser f\u00e5gelskr\u00e4mma \u00e4r perfekt f\u00f6r tak, lagerbyggnader, jordbruk, silos, fabriker och solpaneler \u2013 \u00f6verallt d\u00e4r du vill undvika f\u00e5glar.<\/p>\n[video width=\"720\" height=\"720\" mp4=\"https:\/\/birdbusters.eu\/wp-content\/uploads\/2021\/01\/384414405855-1.mp4\"][\/video]\n","protected":false},"featured_media":10579,"template":"","meta":{"_themeisle_gutenberg_block_has_review":false},"product_brand":[],"product_cat":[143,151],"product_tag":[],"class_list":{"0":"post-11240","1":"product","2":"type-product","3":"status-publish","4":"has-post-thumbnail","6":"product_cat-fagelavvisande-produkter","7":"product_cat-laser-fagelskrammare","9":"first","10":"instock","11":"taxable","12":"shipping-taxable","13":"purchasable","14":"product-type-simple"},"_links":{"self":[{"href":"https:\/\/birdbusters.eu\/sv\/wp-json\/wp\/v2\/product\/11240","targetHints":{"allow":["GET"]}}],"collection":[{"href":"https:\/\/birdbusters.eu\/sv\/wp-json\/wp\/v2\/product"}],"about":[{"href":"https:\/\/birdbusters.eu\/sv\/wp-json\/wp\/v2\/types\/product"}],"wp:featuredmedia":[{"embeddable":true,"href":"https:\/\/birdbusters.eu\/sv\/wp-json\/wp\/v2\/media\/10579"}],"wp:attachment":[{"href":"https:\/\/birdbusters.eu\/sv\/wp-json\/wp\/v2\/media?parent=11240"}],"wp:term":[{"taxonomy":"product_brand","embeddable":true,"href":"https:\/\/birdbusters.eu\/sv\/wp-json\/wp\/v2\/product_brand?post=11240"},{"taxonomy":"product_cat","embeddable":true,"href":"https:\/\/birdbusters.eu\/sv\/wp-json\/wp\/v2\/product_cat?post=11240"},{"taxonomy":"product_tag","embeddable":true,"href":"https:\/\/birdbusters.eu\/sv\/wp-json\/wp\/v2\/product_tag?post=11240"}],"curies":[{"name":"wp","href":"https:\/\/api.w.org\/{rel}","templated":true}]}}