{"id":11244,"date":"2016-06-15T10:54:07","date_gmt":"2023-09-08T07:36:01","guid":{"rendered":"https:\/\/birdbusters.eu\/product\/hokdrake-ingen-stolpe\/"},"modified":"2024-07-16T19:32:17","modified_gmt":"2024-07-16T17:32:17","slug":"bird-scarer-kite","status":"publish","type":"product","link":"https:\/\/birdbusters.eu\/sv\/produkt\/bird-scarer-kite\/","title":{"rendered":"H\u00f6kdrake (ingen stolpe)"},"content":{"rendered":"<h1 style=\"text-align: justify;\"><span style=\"font-size: 12pt;\">Den effektiva och verklighetstrogna <strong>f\u00e5gelavvisande draken.<\/strong><\/span><\/h1>\n<p style=\"text-align: justify;\">Fungerar framf\u00f6rallt f\u00f6r att <strong>skr\u00e4mma de vanligaste sm\u00e5f\u00e5glarna<\/strong>. Den <span data-sheets-value=\"{&quot;1&quot;:2,&quot;2&quot;:&quot;flying hawk bird scarer&quot;}\" data-sheets-userformat=\"{&quot;2&quot;:4224,&quot;10&quot;:2,&quot;15&quot;:&quot;arial,sans,sans-serif&quot;}\">flygande \u00f6rnen f\u00e5gelskr\u00e4mmaren<\/span> m\u00e5ste h\u00e4ngas i spetsen av ett l\u00e5ngt sp\u00f6 (ing\u00e5r ej).<\/p>\n<p style=\"text-align: justify;\">Denna fullstora imitation av en sv\u00e4vande h\u00f6k \u00e4r gjord av tuff v\u00e4derbest\u00e4ndig plast, s\u00e5 den varar l\u00e4nge. Du kan skydda dina \u00e4pplen, p\u00e4ron, n\u00f6tter, b\u00e4r eller gr\u00f6dor p\u00e5 lugna och bl\u00e5siga dagar eftersom du kan l\u00e5ta din h\u00f6k patrullera \u00f6ver eller n\u00e4ra din gr\u00f6da. Ingen el, vind eller giftiga medel beh\u00f6vs. S\u00e5 den skyddar milj\u00f6n, och f\u00f6rhindrar f\u00e5glar fr\u00e5n att f\u00f6rst\u00f6ra din tr\u00e4dg\u00e5rd.<\/p>\n<p style=\"text-align: justify;\">Din <strong>flygande h\u00f6kdrake<\/strong> ser s\u00e5 verklig ut s\u00e5 den skr\u00e4mmer alla f\u00e5glar inklusive trastar, starar, kr\u00e5kor, duvor och m\u00e5sar.<\/p>\n<p style=\"text-align: justify;\"><span style=\"font-size: 12pt;\">Fungerar bra \u00e4ven vid mycket l\u00e5ga vindhastigheter.<\/span><\/p>\n<p><a href=\"https:\/\/birdbusters.eu\/wp-content\/uploads\/2019\/03\/BB-Manual-DEMO.pdf\">F\u00e5geldrake manual<\/a><\/p>\n<p style=\"text-align: justify;\">Storlek 140 cm x 80 cm<\/p>\n","protected":false},"excerpt":{"rendered":"<p>Det \u00e4r en effektiv och livlig <strong>flygande \u00f6rndrake<\/strong>. Draken m\u00e5ste h\u00e4ngas i spetsen p\u00e5 en l\u00e5ng stav (ing\u00e5r ej). Fungerar bra \u00e4ven vid mycket l\u00e5ga vindhastigheter. Fungerar framf\u00f6rallt f\u00f6r att skr\u00e4mma de vanligaste sm\u00e5f\u00e5glarna.<\/p>\n<p>https:\/\/youtu.be\/p6I04j4kwmo<\/p>\n<p>&nbsp;<\/p>\n","protected":false},"featured_media":10089,"template":"","meta":{"_themeisle_gutenberg_block_has_review":false},"product_brand":[],"product_cat":[148,150],"product_tag":[],"class_list":{"0":"post-11244","1":"product","2":"type-product","3":"status-publish","4":"has-post-thumbnail","6":"product_cat-fagelavskrackande-produkter","7":"product_cat-fageldrakar","8":"product_shipping_class-bud-upphamtningsplats","10":"first","11":"instock","12":"taxable","13":"shipping-taxable","14":"purchasable","15":"product-type-simple"},"_links":{"self":[{"href":"https:\/\/birdbusters.eu\/sv\/wp-json\/wp\/v2\/product\/11244","targetHints":{"allow":["GET"]}}],"collection":[{"href":"https:\/\/birdbusters.eu\/sv\/wp-json\/wp\/v2\/product"}],"about":[{"href":"https:\/\/birdbusters.eu\/sv\/wp-json\/wp\/v2\/types\/product"}],"wp:featuredmedia":[{"embeddable":true,"href":"https:\/\/birdbusters.eu\/sv\/wp-json\/wp\/v2\/media\/10089"}],"wp:attachment":[{"href":"https:\/\/birdbusters.eu\/sv\/wp-json\/wp\/v2\/media?parent=11244"}],"wp:term":[{"taxonomy":"product_brand","embeddable":true,"href":"https:\/\/birdbusters.eu\/sv\/wp-json\/wp\/v2\/product_brand?post=11244"},{"taxonomy":"product_cat","embeddable":true,"href":"https:\/\/birdbusters.eu\/sv\/wp-json\/wp\/v2\/product_cat?post=11244"},{"taxonomy":"product_tag","embeddable":true,"href":"https:\/\/birdbusters.eu\/sv\/wp-json\/wp\/v2\/product_tag?post=11244"}],"curies":[{"name":"wp","href":"https:\/\/api.w.org\/{rel}","templated":true}]}}