{"id":11245,"date":"2016-06-15T12:52:52","date_gmt":"2016-06-15T10:52:52","guid":{"rendered":"https:\/\/birdbusters.eu\/product\/sonic-fagelskramma-birdgard-super-pro\/"},"modified":"2024-07-16T19:46:30","modified_gmt":"2024-07-16T17:46:30","slug":"sonic-fagelskramma-birdgard-super-pro","status":"publish","type":"product","link":"https:\/\/birdbusters.eu\/sv\/produkt\/sonic-fagelskramma-birdgard-super-pro\/","title":{"rendered":"Sonic f\u00e5gelskr\u00e4mma BirdGard Super Pro"},"content":{"rendered":"<h2 style=\"text-align: justify;\"><span style=\"font-size: 12pt;\">Bird Gard Super Pro \u00e4r en f\u00e5gelskr\u00e4mma som skr\u00e4mmer f\u00e5glar genom att skicka ut en m\u00e4ngd olika f\u00e5gelskrik och n\u00f6drop som har spelats in fr\u00e5n naturen.<\/span><\/h2>\n<p><strong><em>Bird Gard Super Pro med 4-v\u00e4gs h\u00f6gtalare<\/em><\/strong><\/p>\n<p><strong><em>BIRD GARD SUPER PRO <\/em><\/strong>anv\u00e4nder en kombination av skr\u00e4mselrop fr\u00e5n f\u00e5glar som jagas bort och ljudet av rovf\u00e5glar. Ljudet spelas in p\u00e5 ett mikrochip och producerar en naturlig reproduktion, vilket i livsmilj\u00f6n inte \u00e4r st\u00f6rande i motsats till gaskanoner.<\/p>\n<p><strong><em>THE BIRD GARD SUPER PRO <\/em><\/strong>har olika omkopplingstider p\u00e5 ljudet, tid, olika f\u00e5gelrop och volymkontroll f\u00f6r optimala resultat.<\/p>\n<p><strong><em>BIRD GARD SUPER PRO <\/em><\/strong>kan anv\u00e4ndas f\u00f6r boskap, frukttr\u00e4dg\u00e5rdar, djurfoderf\u00f6rvaring, lador, ving\u00e5rdar, flygplatser och naturligtvis \u00f6verallt d\u00e4r f\u00e5glar orsakar besv\u00e4r. N\u00e4r det g\u00e4ller ljud finns det ett urval av starar, s\u00e5ngtrast, koltrast, torn, kaja och rovf\u00e5glar som h\u00f6k och pilgrimsfalk. Apparaten levereras som standard med batterikl\u00e4mmor med kabel och 4-v\u00e4gs h\u00f6gtalare.<\/p>\n<p><em>&#8211; H\u00f6gtalaren \u00e4r inte f\u00f6rsedd med en stolpe som visas p\u00e5 bilden.<\/em><\/p>\n<p><em>&#8211; St\u00e5ngdiameter upp till 27 mm.<\/em><\/p>\n<p><strong><em>&#8211; Vid best\u00e4llning ange vilka f\u00e5glar du vill jaga bort,<\/em><\/strong><\/p>\n<p><strong><em>s\u00e5 att vi kan s\u00e4kerst\u00e4lla att r\u00e4tt ljudkort \u00e4r monterat<\/em><\/strong><\/p>\n<p style=\"text-align: justify;\">Bird Gard Super Pro \u00e4r s\u00e4ker, human och milj\u00f6v\u00e4nlig.<\/p>\n<p style=\"text-align: justify;\">Specifikationer:<\/p>\n<p style=\"text-align: justify;\">Frekvensomr\u00e5de: 2000 &#8211; 10 000 Hz<br \/>\nEffekt: 12VDC (1 A)<br \/>\nStr\u00f6madapter: 220VAC<br \/>\nLjudvolym: 105-110dB m\u00e4tt p\u00e5 ett avst\u00e5nd av 1 meter<\/p>\n<p style=\"text-align: justify;\">Tillverkad i USA.<\/p>\n<p style=\"text-align: justify;\">\n","protected":false},"excerpt":{"rendered":"<p>Bird Gard Super Pro \u00e4r en f\u00e5gelskr\u00e4mma som skr\u00e4mmer f\u00e5glar genom att skicka ut en m\u00e4ngd olika f\u00e5gelskrik och n\u00f6drop som har spelats in fr\u00e5n naturen. Skyddar upp till 2,4 hektar (24 000 m2). Elektronikenheten \u00e4r monterad i en v\u00e4derbest\u00e4ndig styrenhet och fungerar i alla v\u00e4der.<\/p>\n<p>https:\/\/youtu.be\/rBnHY4xFQBo<\/p>\n<p>&nbsp;<\/p>\n","protected":false},"featured_media":10685,"template":"","meta":{"_themeisle_gutenberg_block_has_review":false,"rank_math_focus_keyword":"ljud-f\u00e5gelskr\u00e4mma","rank_math_title":"Effektiva ljud f\u00e5gelskr\u00e4mmare | BIRD BUSTERS","rank_math_description":"Denna ljudf\u00e5gelskr\u00e4mma h\u00e5ller o\u00f6nskade f\u00e5glar fr\u00e5n din egendom genom att anv\u00e4nda olika ljudeffekter och f\u00e5gel-l\u00e4tenl. Klicka f\u00f6r att l\u00e4sa mer och handla! ","rank_math_canonical_url":"","rank_math_facebook_title":"","rank_math_facebook_description":"","rank_math_facebook_image":"","rank_math_twitter_title":"","rank_math_twitter_description":"","rank_math_twitter_image":"","rank_math_schema_FAQPage":[]},"product_brand":[],"product_cat":[148,147],"product_tag":[],"class_list":{"0":"post-11245","1":"product","2":"type-product","3":"status-publish","4":"has-post-thumbnail","6":"product_cat-fagelavskrackande-produkter","7":"product_cat-ljud-fagelskrammor","9":"first","10":"onbackorder","11":"taxable","12":"shipping-taxable","13":"purchasable","14":"product-type-simple"},"_links":{"self":[{"href":"https:\/\/birdbusters.eu\/sv\/wp-json\/wp\/v2\/product\/11245","targetHints":{"allow":["GET"]}}],"collection":[{"href":"https:\/\/birdbusters.eu\/sv\/wp-json\/wp\/v2\/product"}],"about":[{"href":"https:\/\/birdbusters.eu\/sv\/wp-json\/wp\/v2\/types\/product"}],"wp:featuredmedia":[{"embeddable":true,"href":"https:\/\/birdbusters.eu\/sv\/wp-json\/wp\/v2\/media\/10685"}],"wp:attachment":[{"href":"https:\/\/birdbusters.eu\/sv\/wp-json\/wp\/v2\/media?parent=11245"}],"wp:term":[{"taxonomy":"product_brand","embeddable":true,"href":"https:\/\/birdbusters.eu\/sv\/wp-json\/wp\/v2\/product_brand?post=11245"},{"taxonomy":"product_cat","embeddable":true,"href":"https:\/\/birdbusters.eu\/sv\/wp-json\/wp\/v2\/product_cat?post=11245"},{"taxonomy":"product_tag","embeddable":true,"href":"https:\/\/birdbusters.eu\/sv\/wp-json\/wp\/v2\/product_tag?post=11245"}],"curies":[{"name":"wp","href":"https:\/\/api.w.org\/{rel}","templated":true}]}}