{"id":11246,"date":"2017-03-10T19:27:12","date_gmt":"2017-03-10T18:27:12","guid":{"rendered":"https:\/\/birdbusters.eu\/product\/barbar-sonic-fagelskramma\/"},"modified":"2024-07-16T19:45:14","modified_gmt":"2024-07-16T17:45:14","slug":"barbar-sonic-fagelskramma","status":"publish","type":"product","link":"https:\/\/birdbusters.eu\/sv\/produkt\/barbar-sonic-fagelskramma\/","title":{"rendered":"B\u00e4rbar Sonic F\u00e5gelskr\u00e4mma"},"content":{"rendered":"<p style=\"text-align: justify;\"><span class=\"s1\">Handstyrd ljudanordning f\u00f6r att skr\u00e4mma f\u00e5glar med hj\u00e4lp av skr\u00e4mmande ljud och n\u00f6dsamtal. Den producerar <strong>f\u00e5gelskr\u00e4mmande ljud<\/strong>. Ljud fr\u00e5n olika f\u00e5glar ing\u00e5r, t.ex. starar, kr\u00e5kor och m\u00e5sar. Varje ljud \u00e4r valbart, s\u00e5 du kan v\u00e4lja ljudet av de n\u00e4rvarande f\u00e5glarna. N\u00e4r du spelar upp ljudet kommer det att orsaka agitation bland f\u00e5glarna, s\u00e5 de kommer att betrakta omr\u00e5det som os\u00e4kert och kommer att l\u00e4mna det. <\/span><\/p>\n<p style=\"text-align: justify;\">Stare, kaja, kr\u00e5ka, kanadag\u00e5s, gr\u00e5g\u00e5s, sparvh\u00f6k, tornfalk, gr\u00e5trut, svarthuvudm\u00e5s, fiskm\u00e5s, vargylningar och hagelgev\u00e4r.<\/p>\n<h2 style=\"text-align: justify;\"><span class=\"s1\" style=\"font-size: 12pt;\">Det \u00e4r inte <\/span><span class=\"s1\" style=\"font-size: 12pt;\"><span data-sheets-value=\"{&quot;1&quot;:2,&quot;2&quot;:&quot;ultrasonic bird scarer&quot;}\" data-sheets-userformat=\"{&quot;2&quot;:8705,&quot;3&quot;:{&quot;1&quot;:0},&quot;12&quot;:0,&quot;16&quot;:12}\">en ultraljudf\u00e5gelskr\u00e4mma men det \u00e4r <\/span><\/span><span class=\"s1\" style=\"font-size: 12pt;\">en mycket kraftfull ljudf\u00e5gelskr\u00e4mma som simulerar en f\u00e5gel under attack.<\/span><\/h2>\n<p class=\"p2\" style=\"text-align: justify;\"><span class=\"s1\">Anv\u00e4nd den regelbundet vid olika tidpunkter.<\/span><\/p>\n<p class=\"p2\" style=\"text-align: justify;\"><span class=\"s1\">Mycket l\u00e4mplig f\u00f6r jordbruksg\u00e5rdar, frukttr\u00e4dg\u00e5rdar, flygplatser, lager mm.<\/span><\/p>\n<p class=\"p2\" style=\"text-align: justify;\"><span class=\"s1\">BirdYell \u00e4r l\u00e4tt att anv\u00e4nda och drivs av 8 AA-batterier eller ett normalt 12 volts batteri.<\/span><\/p>\n<p class=\"p2\" style=\"text-align: justify;\"><span class=\"s1\">BirdYell \u00e4r utrustad med en 10-watts h\u00f6gtalare, vilket skapar ett effektivt <strong>f\u00e5gelskr\u00e4mmarbuller<\/strong> upp till 200 meter.<\/span><\/p>\n","protected":false},"excerpt":{"rendered":"<p>https:\/\/youtu.be\/YrOKA-D6FKg<\/p>\n<p><span class=\"s1\">Hand-operated sound device for scaring birds using fear and distress calls. The device makes different kind of <strong>birds<\/strong><b> scarer noises <\/b>such as starling, jackdaw, crow, canadian goose, greylag goose etc<\/span><\/p>\n<p>&nbsp;<\/p>\n","protected":false},"featured_media":10205,"template":"","meta":{"_themeisle_gutenberg_block_has_review":false,"rank_math_focus_keyword":"Ljudf\u00e5gelskr\u00e4mma","rank_math_title":"Effektiv ljudf\u00e5gelskr\u00e4mma f\u00f6r f\u00e5gelkontroll \u2013 BIRD BUSTERS","rank_math_description":"Denna b\u00e4rbara ljudf\u00e5gelskr\u00e4mma skr\u00e4mmer bort o\u00f6nskade f\u00e5glar med hj\u00e4lp av olika ljudeffekter och f\u00e5gelrop. Klicka f\u00f6r att l\u00e4sa mer och handla! ","rank_math_canonical_url":"","rank_math_facebook_title":"","rank_math_facebook_description":"","rank_math_facebook_image":"","rank_math_twitter_title":"","rank_math_twitter_description":"","rank_math_twitter_image":"","rank_math_schema_FAQPage":[]},"product_brand":[],"product_cat":[148,147],"product_tag":[156,157],"class_list":{"0":"post-11246","1":"product","2":"type-product","3":"status-publish","4":"has-post-thumbnail","6":"product_cat-fagelavskrackande-produkter","7":"product_cat-ljud-fagelskrammor","8":"product_tag-fagelskrammardrake","9":"product_tag-ultraljudsfagelskramma","11":"first","12":"instock","13":"taxable","14":"shipping-taxable","15":"purchasable","16":"product-type-simple"},"_links":{"self":[{"href":"https:\/\/birdbusters.eu\/sv\/wp-json\/wp\/v2\/product\/11246","targetHints":{"allow":["GET"]}}],"collection":[{"href":"https:\/\/birdbusters.eu\/sv\/wp-json\/wp\/v2\/product"}],"about":[{"href":"https:\/\/birdbusters.eu\/sv\/wp-json\/wp\/v2\/types\/product"}],"wp:featuredmedia":[{"embeddable":true,"href":"https:\/\/birdbusters.eu\/sv\/wp-json\/wp\/v2\/media\/10205"}],"wp:attachment":[{"href":"https:\/\/birdbusters.eu\/sv\/wp-json\/wp\/v2\/media?parent=11246"}],"wp:term":[{"taxonomy":"product_brand","embeddable":true,"href":"https:\/\/birdbusters.eu\/sv\/wp-json\/wp\/v2\/product_brand?post=11246"},{"taxonomy":"product_cat","embeddable":true,"href":"https:\/\/birdbusters.eu\/sv\/wp-json\/wp\/v2\/product_cat?post=11246"},{"taxonomy":"product_tag","embeddable":true,"href":"https:\/\/birdbusters.eu\/sv\/wp-json\/wp\/v2\/product_tag?post=11246"}],"curies":[{"name":"wp","href":"https:\/\/api.w.org\/{rel}","templated":true}]}}