{"id":11249,"date":"2017-03-10T20:53:18","date_gmt":"2017-03-10T18:53:18","guid":{"rendered":"https:\/\/birdbusters.eu\/product\/anti-kollision-fageldekaler-for-fonster-bird-busters\/"},"modified":"2024-07-16T19:37:01","modified_gmt":"2024-07-16T17:37:01","slug":"anti-kollision-fageldekaler-for-fonster-bird-busters","status":"publish","type":"product","link":"https:\/\/birdbusters.eu\/sv\/produkt\/anti-kollision-fageldekaler-for-fonster-bird-busters\/","title":{"rendered":"Anti kollision f\u00e5geldekaler f\u00f6r f\u00f6nster | BIRD BUSTERS"},"content":{"rendered":"<h1 style=\"text-align: justify;\"><span style=\"font-size: 12pt;\">Flygande f\u00e5gel silhuett.<\/span><\/h1>\n<p style=\"text-align: justify;\"><strong>F\u00f6r f\u00e5glar \u00e4r glasf\u00f6nster v\u00e4rre \u00e4n osynliga.<\/strong> Genom att reflektera l\u00f6vverk eller himmel ser de ut som inbjudande platser att flyga till. Och eftersom antalet f\u00f6nster \u00e4r s\u00e5 stort, \u00e4r deras \u00e5verkan p\u00e5 f\u00e5glar enormt.<\/p>\n<p style=\"text-align: justify;\">Klisterm\u00e4rkets m\u00e5tt \u00e4r 1112 \u00d7 479 mm.<\/p>\n<p style=\"text-align: justify;\">Inkluderar 3 olika f\u00e5gelsilhuetter &#8211; <strong>h\u00f6k silhuetter<\/strong> och <strong>\u00f6rn silhuett.<\/strong><\/p>\n<p>Ytterligare information: om f\u00f6nstret ser m\u00f6rkt ut p\u00e5 avst\u00e5nd, rekommenderas att anv\u00e4nda vita silhuetter, p\u00e5 glasbarri\u00e4rer svarta silhuetter.<\/p>\n<p style=\"text-align: justify;\">\n","protected":false},"excerpt":{"rendered":"<p>Anti kollision f\u00e5geldekaler f\u00f6r f\u00f6nster. <strong>F\u00f6r f\u00e5glar \u00e4r glasf\u00f6nster v\u00e4rre \u00e4n osynliga. <\/strong>Skyddar f\u00e5glar och glaset.<\/p>\n<p>&nbsp;<\/p>\n","protected":false},"featured_media":10211,"template":"","meta":{"_themeisle_gutenberg_block_has_review":false},"product_brand":[],"product_cat":[148,149],"product_tag":[],"class_list":{"0":"post-11249","1":"product","2":"type-product","3":"status-publish","4":"has-post-thumbnail","6":"product_cat-fagelavskrackande-produkter","7":"product_cat-visuella-fagelskrammor","9":"first","10":"instock","11":"taxable","12":"shipping-taxable","13":"purchasable","14":"product-type-simple"},"_links":{"self":[{"href":"https:\/\/birdbusters.eu\/sv\/wp-json\/wp\/v2\/product\/11249","targetHints":{"allow":["GET"]}}],"collection":[{"href":"https:\/\/birdbusters.eu\/sv\/wp-json\/wp\/v2\/product"}],"about":[{"href":"https:\/\/birdbusters.eu\/sv\/wp-json\/wp\/v2\/types\/product"}],"wp:featuredmedia":[{"embeddable":true,"href":"https:\/\/birdbusters.eu\/sv\/wp-json\/wp\/v2\/media\/10211"}],"wp:attachment":[{"href":"https:\/\/birdbusters.eu\/sv\/wp-json\/wp\/v2\/media?parent=11249"}],"wp:term":[{"taxonomy":"product_brand","embeddable":true,"href":"https:\/\/birdbusters.eu\/sv\/wp-json\/wp\/v2\/product_brand?post=11249"},{"taxonomy":"product_cat","embeddable":true,"href":"https:\/\/birdbusters.eu\/sv\/wp-json\/wp\/v2\/product_cat?post=11249"},{"taxonomy":"product_tag","embeddable":true,"href":"https:\/\/birdbusters.eu\/sv\/wp-json\/wp\/v2\/product_tag?post=11249"}],"curies":[{"name":"wp","href":"https:\/\/api.w.org\/{rel}","templated":true}]}}