{"id":11250,"date":"2018-02-07T10:33:55","date_gmt":"2018-02-07T09:33:55","guid":{"rendered":"https:\/\/birdbusters.eu\/product\/fiskmasfagelskramma-bird-gard-pro\/"},"modified":"2023-09-08T12:26:37","modified_gmt":"2023-09-08T10:26:37","slug":"fiskmasfagelskramma-bird-gard-pro","status":"publish","type":"product","link":"https:\/\/birdbusters.eu\/sv\/produkt\/fiskmasfagelskramma-bird-gard-pro\/","title":{"rendered":"Fiskm\u00e5sf\u00e5gelskr\u00e4mma Bird Gard Pro"},"content":{"rendered":"<h2><b>En mycket effektiv ljud-fiskm\u00e5s-f\u00e5gelskr\u00e4mma<\/b><\/h2>\n<p><span style=\"font-weight: 400;\">Bird Gard Pro \u00e4r en kommersiell utrustning som anv\u00e4nder avancerad ljudteknik f\u00f6r att avskr\u00e4cka fiskm\u00e5sar fr\u00e5n ett omr\u00e5de. Den s\u00e4nder h\u00f6gkvalitativa digitala inspelningar av m\u00e5sars n\u00f6drop, l\u00e4ten vid fara och rovdjursl\u00e4ten \u00f6ver ett PA-system. De professionellt inspelade ljuden efterliknar effektivt den naturliga ljudbilden, vilket lurar m\u00e5sarna att tro att de \u00e4r i fara f\u00f6r angrepp och d\u00e4rf\u00f6r b\u00f6r flytta till en s\u00e4krare plats. <\/span><\/p>\n<p><span style=\"font-weight: 400;\">Denna fiskm\u00e5sf\u00e5gelskr\u00e4mma \u00e4r otroligt l\u00e4tt att installera och att anv\u00e4nda. Generatoraggregatet levereras med en inbyggd h\u00f6gtalare och f\u00f6rst\u00e4rkare, en str\u00f6madapter, ett v\u00e4derbest\u00e4ndigt h\u00f6lje och ett monteringsf\u00e4ste. Den avvisar m\u00e5sar fr\u00e5n ett omr\u00e5de p\u00e5 upp till <\/span><b>0,6 hektar<\/b><span style=\"font-weight: 400;\">. Det v\u00e4derbest\u00e4ndiga h\u00f6ljet \u00e4r byggt f\u00f6r att h\u00e5lla l\u00e4nge, s\u00e5 att Bird Gard Pro kan anv\u00e4ndas under l\u00e5ng tid. <\/span><\/p>\n<p><span style=\"font-weight: 400;\">F\u00f6r b\u00e4sta resultat \u00e4r det l\u00e4mpligt att montera enheten minst <\/span><b>1,5 m fr\u00e5n marken<\/b><span style=\"font-weight: 400;\">. Ju h\u00f6gre upp, desto effektivare blir det. <\/span><\/p>\n<h2><b>En produkt som f\u00e5glar inte kan v\u00e4nja sig vid<\/b><\/h2>\n<p><span style=\"font-weight: 400;\">Problemet med vissa f\u00e5gelskr\u00e4mmare \u00e4r att f\u00e5glar kan v\u00e4nja sig ganska snabbt. S\u00e5 \u00e4r inte fallet med Bird Gard Pro. Enheten har fyra slumpm\u00e4ssiga l\u00e4gen som varierar ljudet, varaktigheten av ljudet, intervallet mellan ljud och ljudplats (i fall externa h\u00f6gtalare anv\u00e4nds) s\u00e5 att f\u00e5glar inte kan v\u00e4nja sig vid ljudm\u00f6nstret. <\/span><\/p>\n<p><span style=\"font-weight: 400;\">Sonic Seagull f\u00e5gelskr\u00e4mman \u00e4r fullt programmerbar med volymkontrollfunktion och en ljussensor f\u00f6r att styra enheten under dagsljus eller nattetid eller b\u00e5da. N\u00e4r Bird Gard Pro \u00e4r ig\u00e5ng, kan det ge 24-timmars skydd. <\/span><\/p>\n<h2><b>Valfria extra tillbeh\u00f6r<\/b><\/h2>\n<p><span style=\"font-weight: 400;\">Du kan best\u00e4lla en <a href=\"https:\/\/birdbusters.eu\/product\/bird-gard-speaker\/\">extern h\u00f6gtalare<\/a> med Bird Gard Pro f\u00f6r st\u00f6rre flexibilitet och omfattning. Den extra h\u00f6gtalaren m\u00f6jligg\u00f6r ett mer varierat ljudt\u00e4ckningsm\u00f6nster. <\/span><\/p>\n<h2><b>M\u00e5sar kan vara en ol\u00e4genhet<\/b><\/h2>\n<p><span style=\"font-weight: 400;\">N\u00e4rvaron av m\u00e5sar runt sm\u00e5b\u00e5tshamnar, bostadsomr\u00e5den, och annan egendom \u00e4r en stor angel\u00e4genhet f\u00f6r m\u00e5nga m\u00e4nniskor eftersom dessa f\u00e5glar \u00e4r \u00f6k\u00e4nda f\u00f6r sitt ov\u00e4sen och aggressiva beteende. N\u00e4r fiskm\u00e5sar bos\u00e4tter sig p\u00e5 b\u00e5tar, kan deras spillning f\u00f6rst\u00f6ra b\u00e5td\u00e4ck. Dessutom, eftersom m\u00e5sspillningen \u00e4r sur, kan de korrodera b\u00e5tf\u00e4rg om man inte reng\u00f6r snabbt. <\/span><\/p>\n<h2><b>Fr\u00e5gor och svar<\/b><\/h2>\n<h4><b><i>Vad \u00e4r en fiskm\u00e5s? <\/i><\/b><\/h4>\n<p><span style=\"font-weight: 400;\">M\u00e5sar, eller vardagligt kallat fiskm\u00e5sar, \u00e4r medlemmar i en stor familj av olika sj\u00f6f\u00e5glar. De observeras ofta l\u00e4ngs kuster och i marina milj\u00f6er, \u00e4ven om de \u00e4ven kan ses i t\u00e4torter och inlandsomr\u00e5den. Fiskm\u00e5sar beskrivs ofta som att ha vita fj\u00e4drar och gr\u00e5a vingar. De har l\u00e5nga, spetsiga n\u00e4bbar och fl\u00e4tade f\u00f6tter som till\u00e5ter dem att simma och flyga med l\u00e4tthet.<\/span><\/p>\n<p><span style=\"font-weight: 400;\">Fiskm\u00e5sar \u00e4r opportunistiska och \u00e4ter en m\u00e4ngd olika byten, inklusive fisk, kr\u00e4ftdjur, och till och med skr\u00e4p och rester fr\u00e5n m\u00e4nniskor. De har en skarp syn och kan lokalisera mat p\u00e5 l\u00e5ngt h\u00e5ll. Denna anpassningsf\u00f6rm\u00e5ga har gjort det m\u00f6jligt f\u00f6r m\u00e5sarna att trivas i b\u00e5de naturliga och konstgjorda milj\u00f6er.<\/span><\/p>\n<h4><b><i>\u00c4r Bird Gard Pro fiskm\u00e5sf\u00e5gelskr\u00e4mmaren effektiv \u00f6ver tid? <\/i><\/b><\/h4>\n<p><span style=\"font-weight: 400;\">Ja, Bird Gard Pro fiskm\u00e5sf\u00e5gelskr\u00e4mmaren \u00e4r effektiv \u00f6ver tid. Detta beror p\u00e5 att enheten st\u00e4ndigt \u00e4ndrar frekvens, varaktighet och m\u00f6nster av de ljud som den avger. Detta hindrar f\u00e5glar fr\u00e5n att v\u00e4nja sig vid ljuden och g\u00f6r det m\u00f6jligt f\u00f6r de fiskm\u00e5sf\u00e5gelskr\u00e4mmaren att vara effektiv \u00e5r efter \u00e5r. <\/span><\/p>\n<h4><b><i>Varf\u00f6r s\u00e4gs Bird Gard Pro vara effektivare \u00e4n andra fiskm\u00e5sf\u00e5gelskr\u00e4mmor? <\/i><\/b><\/h4>\n<p><span style=\"font-weight: 400;\">Bird Gard Pro \u00e4r en mycket effektiv f\u00e5gelskr\u00e4mma, s\u00e4rskilt j\u00e4mf\u00f6rt med andra fiskm\u00e5sf\u00e5gelskr\u00e4mmor p\u00e5 marknaden. Till skillnad fr\u00e5n m\u00e5nga andra produkter, som anv\u00e4nder statiska, repetitiva ljud- och ljudm\u00f6nster som blir bekanta f\u00f6r m\u00e5sar, s\u00e5 anv\u00e4nder Bird Gard Pro fyra slumpm\u00e4ssiga l\u00e4gen som varierar ljudet, ljudets varaktighet, intervallet mellan ljud och ljudets plats. Detta innovativa tillv\u00e4gag\u00e5ngss\u00e4tt g\u00f6r det om\u00f6jligt f\u00f6r m\u00e5sar att v\u00e4nja sig vid ljudm\u00f6nstret, och s\u00e4kerst\u00e4ller att enheten forts\u00e4tter att vara effektiv under en l\u00e5ng tid.<\/span><\/p>\n<p><span style=\"font-weight: 400;\">Dessutom \u00e4r denna enhet otroligt enkel att anv\u00e4nda, b\u00e4rbar och kan inf\u00f6rlivas i alla befintliga f\u00e5gelkontrollsystem utan att st\u00f6ra n\u00e4rliggande byggnader och inv\u00e5nare. <\/span><\/p>\n<h4><b><i>Kan Seagull Gard Pro bli irriterande f\u00f6r m\u00e4nniskor? <\/i><\/b><\/h4>\n<p><span style=\"font-weight: 400;\">Bird Gard Pro, med sina professionellt inspelade ljud, har utformats f\u00f6r att effektivt efterlikna det naturliga ljudlandskapet. Som ett resultat \u00e4r den inte irriterande f\u00f6r m\u00e4nniskor. <\/span><\/p>\n<p><a href=\"https:\/\/birdbusters.eu\/wp-content\/uploads\/2021\/06\/Manual_N0360BBMMLL0217_X_X_en_2408116_20190322.pdf\" target=\"_blank\" rel=\"noopener noreferrer\">Engelsk manual<\/a><\/p>\n<p>&nbsp;<\/p>\n","protected":false},"excerpt":{"rendered":"<p><span style=\"font-weight: 400;\">Fiskm\u00e5sf\u00e5gelskr\u00e4mman Bird Gard Pro \u00e4r den mest effektiva ljudenheten f\u00f6r att skr\u00e4mma bort m\u00e5sar. Enheten avger en kombination av m\u00e5sars n\u00f6drop, l\u00e4ten vid fara och rovdjursl\u00e4ten (till exempel h\u00f6kar och \u00f6rnar) och har visat sig vara mycket effektivt f\u00f6r att h\u00e5lla m\u00e5sarna borta fr\u00e5n omr\u00e5den som b\u00e5tar, bryggor, och marinor. <\/span><\/p>\n<p><span style=\"font-weight: 400;\"><strong>Dimensioner:<\/strong> 15.3 x 21.6 x 10.2 cm<\/span><\/p>\n<p><span style=\"font-weight: 400;\"><strong>Vikt: <\/strong>1.5 kg<\/span><\/p>\n","protected":false},"featured_media":10253,"template":"","meta":{"_themeisle_gutenberg_block_has_review":false},"product_brand":[],"product_cat":[148,147],"product_tag":[],"class_list":{"0":"post-11250","1":"product","2":"type-product","3":"status-publish","4":"has-post-thumbnail","6":"product_cat-fagelavskrackande-produkter","7":"product_cat-ljud-fagelskrammor","9":"first","10":"onbackorder","11":"taxable","12":"shipping-taxable","13":"purchasable","14":"product-type-simple"},"_links":{"self":[{"href":"https:\/\/birdbusters.eu\/sv\/wp-json\/wp\/v2\/product\/11250","targetHints":{"allow":["GET"]}}],"collection":[{"href":"https:\/\/birdbusters.eu\/sv\/wp-json\/wp\/v2\/product"}],"about":[{"href":"https:\/\/birdbusters.eu\/sv\/wp-json\/wp\/v2\/types\/product"}],"wp:featuredmedia":[{"embeddable":true,"href":"https:\/\/birdbusters.eu\/sv\/wp-json\/wp\/v2\/media\/10253"}],"wp:attachment":[{"href":"https:\/\/birdbusters.eu\/sv\/wp-json\/wp\/v2\/media?parent=11250"}],"wp:term":[{"taxonomy":"product_brand","embeddable":true,"href":"https:\/\/birdbusters.eu\/sv\/wp-json\/wp\/v2\/product_brand?post=11250"},{"taxonomy":"product_cat","embeddable":true,"href":"https:\/\/birdbusters.eu\/sv\/wp-json\/wp\/v2\/product_cat?post=11250"},{"taxonomy":"product_tag","embeddable":true,"href":"https:\/\/birdbusters.eu\/sv\/wp-json\/wp\/v2\/product_tag?post=11250"}],"curies":[{"name":"wp","href":"https:\/\/api.w.org\/{rel}","templated":true}]}}