{"id":11252,"date":"2018-02-07T11:00:38","date_gmt":"2018-02-07T10:00:38","guid":{"rendered":"https:\/\/birdbusters.eu\/?post_type=product&#038;p=11252"},"modified":"2024-07-16T19:49:03","modified_gmt":"2024-07-16T17:49:03","slug":"fagelskramman-bird-gard-pro-for-koltrastar-och-starar","status":"publish","type":"product","link":"https:\/\/birdbusters.eu\/sv\/produkt\/fagelskramman-bird-gard-pro-for-koltrastar-och-starar\/","title":{"rendered":"F\u00e5gelskr\u00e4mman Bird Gard Pro f\u00f6r koltrastar och starar"},"content":{"rendered":"<h1><span style=\"font-size: 12pt;\">F\u00e5gelskr\u00e4mman Bird Gard Pro f\u00f6r koltrastar och starar<\/span><\/h1>\n<p>F\u00e5gelskr\u00e4mman \u00e4r framf\u00f6rallt avsedd att skydda byggnader och anl\u00e4ggningar. Den producerar ett specifikt n\u00f6drop f\u00f6r svalor som skr\u00e4mmer f\u00e5glar. Driftsomr\u00e5de <a href=\"https:\/\/birdbusters.eu\/product\/bird-gard-speaker\/\">utan ytterligare<\/a> h\u00f6gtalare \u00e4r upp till 0,6 hektar.<\/p>\n<p>Tillval att best\u00e4lla ytterligare h\u00f6gtalare.<\/p>\n<p>&nbsp;<\/p>\n<p>&nbsp;<\/p>\n<p>&nbsp;<\/p>\n","protected":false},"excerpt":{"rendered":"<p>https:\/\/youtu.be\/rBnHY4xFQBo<\/p>\n<p><strong>Blackbird <\/strong>Scarer and<strong> Starling <\/strong>Scarer Bird Gard Pro is intended rather to <strong>protect buildings and facilities<\/strong>. The device makes blackbird&#8217;s alarm call that frightens birds.<\/p>\n<p>&nbsp;<\/p>\n","protected":false},"featured_media":10255,"template":"","meta":{"_themeisle_gutenberg_block_has_review":false,"rank_math_focus_keyword":"","rank_math_title":"","rank_math_description":"","rank_math_canonical_url":"","rank_math_facebook_title":"","rank_math_facebook_description":"","rank_math_facebook_image":"","rank_math_twitter_title":"","rank_math_twitter_description":"","rank_math_twitter_image":"","rank_math_schema_FAQPage":[]},"product_brand":[],"product_cat":[148,147],"product_tag":[],"class_list":{"0":"post-11252","1":"product","2":"type-product","3":"status-publish","4":"has-post-thumbnail","6":"product_cat-fagelavskrackande-produkter","7":"product_cat-ljud-fagelskrammor","9":"first","10":"onbackorder","11":"taxable","12":"shipping-taxable","13":"purchasable","14":"product-type-simple"},"_links":{"self":[{"href":"https:\/\/birdbusters.eu\/sv\/wp-json\/wp\/v2\/product\/11252","targetHints":{"allow":["GET"]}}],"collection":[{"href":"https:\/\/birdbusters.eu\/sv\/wp-json\/wp\/v2\/product"}],"about":[{"href":"https:\/\/birdbusters.eu\/sv\/wp-json\/wp\/v2\/types\/product"}],"wp:featuredmedia":[{"embeddable":true,"href":"https:\/\/birdbusters.eu\/sv\/wp-json\/wp\/v2\/media\/10255"}],"wp:attachment":[{"href":"https:\/\/birdbusters.eu\/sv\/wp-json\/wp\/v2\/media?parent=11252"}],"wp:term":[{"taxonomy":"product_brand","embeddable":true,"href":"https:\/\/birdbusters.eu\/sv\/wp-json\/wp\/v2\/product_brand?post=11252"},{"taxonomy":"product_cat","embeddable":true,"href":"https:\/\/birdbusters.eu\/sv\/wp-json\/wp\/v2\/product_cat?post=11252"},{"taxonomy":"product_tag","embeddable":true,"href":"https:\/\/birdbusters.eu\/sv\/wp-json\/wp\/v2\/product_tag?post=11252"}],"curies":[{"name":"wp","href":"https:\/\/api.w.org\/{rel}","templated":true}]}}