{"id":11254,"date":"2018-02-07T11:06:35","date_gmt":"2018-02-07T10:06:35","guid":{"rendered":"https:\/\/birdbusters.eu\/product\/fagelskramman-bird-gard-pro-for-krakor\/"},"modified":"2024-07-16T19:47:46","modified_gmt":"2024-07-16T17:47:46","slug":"fagelskramman-bird-gard-pro-for-krakor","status":"publish","type":"product","link":"https:\/\/birdbusters.eu\/sv\/produkt\/fagelskramman-bird-gard-pro-for-krakor\/","title":{"rendered":"F\u00e5gelskr\u00e4mman Bird Gard Pro f\u00f6r kr\u00e5kor"},"content":{"rendered":"<p>F\u00e5gelskr\u00e4mman Bird Gard Pro f\u00f6r kr\u00e5kor \u00e4r framf\u00f6rallt avsedd att skydda byggnader och anl\u00e4ggningar. Den producerar ett specifikt n\u00f6drop f\u00f6r kr\u00e5kor som skr\u00e4mmer f\u00e5glar. Driftsomr\u00e5de <a href=\"https:\/\/birdbusters.eu\/product\/bird-gard-speaker\/\">utan ytterligare<\/a> h\u00f6gtalare \u00e4r upp till 0,6 hektar.<\/p>\n<p>M\u00f6jligt att best\u00e4lla en <a href=\"https:\/\/birdbusters.eu\/product\/bird-gard-speaker\/\">extra h\u00f6gtalare.<\/a>.<\/p>\n<p><a href=\"https:\/\/birdbusters.eu\/wp-content\/uploads\/2021\/06\/Manual_N0360BBMMLL0217_X_X_en_2408116_20190322.pdf\" target=\"_blank\" rel=\"noopener noreferrer\">Engelsk manual<\/a><\/p>\n<p>&nbsp;<\/p>\n<p>&nbsp;<\/p>\n<p>&nbsp;<\/p>\n","protected":false},"excerpt":{"rendered":"<p>https:\/\/youtu.be\/kK5iP9w1AEg<\/p>\n<p>Crow scarer Bird Gard Pro is intended rather to protect buildings and facilities. The device makes crow&#8217;s alarm call that frightens birds.<\/p>\n<p>&nbsp;<\/p>\n","protected":false},"featured_media":10259,"template":"","meta":{"_themeisle_gutenberg_block_has_review":false},"product_brand":[],"product_cat":[148,147],"product_tag":[],"class_list":{"0":"post-11254","1":"product","2":"type-product","3":"status-publish","4":"has-post-thumbnail","6":"product_cat-fagelavskrackande-produkter","7":"product_cat-ljud-fagelskrammor","9":"first","10":"onbackorder","11":"taxable","12":"shipping-taxable","13":"purchasable","14":"product-type-simple"},"_links":{"self":[{"href":"https:\/\/birdbusters.eu\/sv\/wp-json\/wp\/v2\/product\/11254","targetHints":{"allow":["GET"]}}],"collection":[{"href":"https:\/\/birdbusters.eu\/sv\/wp-json\/wp\/v2\/product"}],"about":[{"href":"https:\/\/birdbusters.eu\/sv\/wp-json\/wp\/v2\/types\/product"}],"wp:featuredmedia":[{"embeddable":true,"href":"https:\/\/birdbusters.eu\/sv\/wp-json\/wp\/v2\/media\/10259"}],"wp:attachment":[{"href":"https:\/\/birdbusters.eu\/sv\/wp-json\/wp\/v2\/media?parent=11254"}],"wp:term":[{"taxonomy":"product_brand","embeddable":true,"href":"https:\/\/birdbusters.eu\/sv\/wp-json\/wp\/v2\/product_brand?post=11254"},{"taxonomy":"product_cat","embeddable":true,"href":"https:\/\/birdbusters.eu\/sv\/wp-json\/wp\/v2\/product_cat?post=11254"},{"taxonomy":"product_tag","embeddable":true,"href":"https:\/\/birdbusters.eu\/sv\/wp-json\/wp\/v2\/product_tag?post=11254"}],"curies":[{"name":"wp","href":"https:\/\/api.w.org\/{rel}","templated":true}]}}