{"id":11256,"date":"2018-02-07T13:04:37","date_gmt":"2018-02-07T11:04:37","guid":{"rendered":"https:\/\/birdbusters.eu\/product\/jet-spray-fagelskramma\/"},"modified":"2024-07-16T19:44:30","modified_gmt":"2024-07-16T17:44:30","slug":"jet-spray-fagelskramma","status":"publish","type":"product","link":"https:\/\/birdbusters.eu\/sv\/produkt\/jet-spray-fagelskramma\/","title":{"rendered":"Jet Spray f\u00e5gelskr\u00e4mma"},"content":{"rendered":"<h2><span class=\"a-list-item\" style=\"font-size: 12pt;\">Solar Jetspray f\u00e5gelskr\u00e4mma skyddar tr\u00e4dg\u00e5rdar, anlagda omr\u00e5den och g\u00e5rdar fr\u00e5n r\u00e5djur, kaniner, f\u00e5glar och andra djur som inkr\u00e4ktar.<\/span><\/h2>\n<p><span class=\"a-list-item\">Skr\u00e4mmer skadedjur med ljud och skr\u00e4mmande men ofarliga vattenjetstr\u00e5lar, som l\u00e4r dem att undvika skyddade omr\u00e5den i framtiden. Sprinkler f\u00e5gelskr\u00e4mman reagerar p\u00e5 r\u00f6relse, och skickar sm\u00e5 duschar med vatten i 4 sekunder.<\/span><\/p>\n<p><span class=\"a-list-item\">Skyddar 1.200 sq. fungerar dag och natt &#8211; drivs av ett enda 9-volts batteri i upp till 6 m\u00e5nader. R\u00f6relsedetektorn fungerar i 90 graders vinkel, sprinklingsomr\u00e5det \u00e4r upp till 10m. <\/span><\/p>\n<p>Om arbetsomr\u00e5det \u00e4r st\u00f6rre \u00e4n 10 m b\u00f6r flera sprinklerf\u00e5gelskr\u00e4mmare anslutas f\u00f6r att t\u00e4cka hela omr\u00e5det.<\/p>\n<p><span class=\"a-list-item\">Se bruksanvisningen nedan f\u00f6r instruktioner och fels\u00f6kningssteg.<\/span><\/p>\n<p><span class=\"a-list-item\">Insatsinstruktioner: De tv\u00e5 insatserna passar endast ihop p\u00e5 ett s\u00e4tt; med slang inf\u00e4stning ned\u00e5t, ansluta till toppen av den spetsiga insatsen, som sedan s\u00e4tts in i marken.<\/span><\/p>\n<p>&nbsp;<\/p>\n","protected":false},"excerpt":{"rendered":"<p><span class=\"a-list-item\" style=\"font-size: 12pt;\">Soldriven, r\u00f6relseaktiverad, vattenspray-f\u00e5gelskr\u00e4mma skyddar tr\u00e4dg\u00e5rdar, parker, g\u00e5rdar fr\u00e5n r\u00e5djur, kaniner, f\u00e5glar och andra skadedjur. Sprinklern aktiveras av r\u00f6relse och skv\u00e4tter vatten i 4 sekunder.<\/span><\/p>\n<p>&nbsp;<\/p>\n<p>&nbsp;<\/p>\n","protected":false},"featured_media":10273,"template":"","meta":{"_themeisle_gutenberg_block_has_review":false,"rank_math_focus_keyword":"jetstr\u00e5le spray","rank_math_title":"Vattenspray f\u00f6r effektiv f\u00e5gelkontroll | BIRD BUSTERS","rank_math_description":"Denna vattenjet spray \u00e4r en enkel men mycket effektiv l\u00f6sning f\u00f6r att jaga bort f\u00e5glar fr\u00e5n din egendom. Klicka f\u00f6r att l\u00e4sa mer och handla! ","rank_math_canonical_url":"","rank_math_facebook_title":"","rank_math_facebook_description":"","rank_math_facebook_image":"","rank_math_twitter_title":"","rank_math_twitter_description":"","rank_math_twitter_image":"","rank_math_schema_FAQPage":[]},"product_brand":[],"product_cat":[143,149],"product_tag":[],"class_list":{"0":"post-11256","1":"product","2":"type-product","3":"status-publish","4":"has-post-thumbnail","6":"product_cat-fagelavvisande-produkter","7":"product_cat-visuella-fagelskrammor","9":"first","10":"instock","11":"taxable","12":"shipping-taxable","13":"purchasable","14":"product-type-simple"},"_links":{"self":[{"href":"https:\/\/birdbusters.eu\/sv\/wp-json\/wp\/v2\/product\/11256","targetHints":{"allow":["GET"]}}],"collection":[{"href":"https:\/\/birdbusters.eu\/sv\/wp-json\/wp\/v2\/product"}],"about":[{"href":"https:\/\/birdbusters.eu\/sv\/wp-json\/wp\/v2\/types\/product"}],"wp:featuredmedia":[{"embeddable":true,"href":"https:\/\/birdbusters.eu\/sv\/wp-json\/wp\/v2\/media\/10273"}],"wp:attachment":[{"href":"https:\/\/birdbusters.eu\/sv\/wp-json\/wp\/v2\/media?parent=11256"}],"wp:term":[{"taxonomy":"product_brand","embeddable":true,"href":"https:\/\/birdbusters.eu\/sv\/wp-json\/wp\/v2\/product_brand?post=11256"},{"taxonomy":"product_cat","embeddable":true,"href":"https:\/\/birdbusters.eu\/sv\/wp-json\/wp\/v2\/product_cat?post=11256"},{"taxonomy":"product_tag","embeddable":true,"href":"https:\/\/birdbusters.eu\/sv\/wp-json\/wp\/v2\/product_tag?post=11256"}],"curies":[{"name":"wp","href":"https:\/\/api.w.org\/{rel}","templated":true}]}}