{"id":11257,"date":"2018-04-02T13:50:19","date_gmt":"2018-04-02T10:50:19","guid":{"rendered":"https:\/\/birdbusters.eu\/product\/skrammande-uggla\/"},"modified":"2025-06-01T13:59:52","modified_gmt":"2025-06-01T11:59:52","slug":"skrammande-uggla","status":"publish","type":"product","link":"https:\/\/birdbusters.eu\/sv\/produkt\/skrammande-uggla\/","title":{"rendered":"Skr\u00e4mmande Uggla"},"content":{"rendered":"<h1 style=\"text-align: justify;\"><span style=\"font-size: 12pt;\"><strong>Realistisk skr\u00e4mmande ugglaimitation med snurrande huvud och ljusreflekterande \u00f6gon<\/strong><\/span><\/h1>\n<p style=\"text-align: justify;\">Skr\u00e4mmande uggla f\u00f6r tr\u00e4dg\u00e5rd och balkong <strong>skr\u00e4mmer bort mindre f\u00e5glar och gnagare<\/strong>.<\/p>\n<p style=\"text-align: justify;\">Placera ugglafiguren v\u00e4l synlig s\u00e5 att skadedjur och f\u00e5glar direkt l\u00e4gger m\u00e4rke till den. Flytta ugglan regelbundet, minst en g\u00e5ng i veckan f\u00f6r att undvika att f\u00e5glar v\u00e4njer vid den.<\/p>\n<p style=\"text-align: justify;\">Figuren kan fyllas med sand om det finns ett behov av att g\u00f6ra den tyngre.<\/p>\n<p style=\"text-align: justify;\">Huvud sv\u00e4nger med vinden. H\u00f6jd 40 cm.<\/p>\n<p style=\"text-align: justify;\">\n","protected":false},"excerpt":{"rendered":"<p>Realistisk <strong>skr\u00e4mmande uggla <\/strong> med snurrande huvud och ljusreflekterande \u00f6gon. Perfekt f\u00f6r tr\u00e4dg\u00e5rdar f\u00f6r att avv\u00e4rja mindre f\u00e5glar som koltrast, starar, sparvar, duvor mm.<\/p>\n<p>&nbsp;<\/p>\n","protected":false},"featured_media":10129,"template":"","meta":{"_themeisle_gutenberg_block_has_review":false},"product_brand":[],"product_cat":[148,149],"product_tag":[],"class_list":{"0":"post-11257","1":"product","2":"type-product","3":"status-publish","4":"has-post-thumbnail","6":"product_cat-fagelavskrackande-produkter","7":"product_cat-visuella-fagelskrammor","9":"first","10":"instock","11":"taxable","12":"shipping-taxable","13":"purchasable","14":"product-type-simple"},"_links":{"self":[{"href":"https:\/\/birdbusters.eu\/sv\/wp-json\/wp\/v2\/product\/11257","targetHints":{"allow":["GET"]}}],"collection":[{"href":"https:\/\/birdbusters.eu\/sv\/wp-json\/wp\/v2\/product"}],"about":[{"href":"https:\/\/birdbusters.eu\/sv\/wp-json\/wp\/v2\/types\/product"}],"wp:featuredmedia":[{"embeddable":true,"href":"https:\/\/birdbusters.eu\/sv\/wp-json\/wp\/v2\/media\/10129"}],"wp:attachment":[{"href":"https:\/\/birdbusters.eu\/sv\/wp-json\/wp\/v2\/media?parent=11257"}],"wp:term":[{"taxonomy":"product_brand","embeddable":true,"href":"https:\/\/birdbusters.eu\/sv\/wp-json\/wp\/v2\/product_brand?post=11257"},{"taxonomy":"product_cat","embeddable":true,"href":"https:\/\/birdbusters.eu\/sv\/wp-json\/wp\/v2\/product_cat?post=11257"},{"taxonomy":"product_tag","embeddable":true,"href":"https:\/\/birdbusters.eu\/sv\/wp-json\/wp\/v2\/product_tag?post=11257"}],"curies":[{"name":"wp","href":"https:\/\/api.w.org\/{rel}","templated":true}]}}