{"id":11258,"date":"2018-04-19T13:03:35","date_gmt":"2018-04-19T11:03:35","guid":{"rendered":"https:\/\/birdbusters.eu\/product\/vargimitation-for-fagelkontroll\/"},"modified":"2024-09-15T09:01:00","modified_gmt":"2024-09-15T07:01:00","slug":"vargimitation-for-fagelkontroll","status":"publish","type":"product","link":"https:\/\/birdbusters.eu\/sv\/produkt\/vargimitation-for-fagelkontroll\/","title":{"rendered":"Vargimitation f\u00f6r f\u00e5gelkontroll"},"content":{"rendered":"<h1 style=\"text-align: justify;\"><span style=\"font-size: 12pt;\">Vargfigur i naturlig storlek<\/span><\/h1>\n<p style=\"text-align: justify;\"><strong>Skadedjurskr\u00e4mmare<\/strong> som h\u00e5ller gnagare och f\u00e5glar borta inklusive g\u00e4ss, ankor, duvor.<\/p>\n<p style=\"text-align: justify;\">L\u00e4tt vargimitation i 3D, ser ut som en riktig varg. Figuren \u00e4r mycket l\u00e4tt att montera. F\u00f6r b\u00e4sta resultat flytta vargen var 3-4 dag.<\/p>\n<p style=\"text-align: justify;\">Denna <strong>f\u00e5gelskr\u00e4mma<\/strong> fungerar bra p\u00e5 golfbanor, industriomr\u00e5den, tr\u00e4dg\u00e5rdar, flygplatser, flygf\u00e4lt, parker, skolg\u00e5rdar och f\u00e4lt.<\/p>\n<p style=\"text-align: justify;\">Vargf\u00e5gelskr\u00e4mman \u00e4r tillverkad i v\u00e4derbest\u00e4ndigt EVA-gummi.<\/p>\n<p style=\"text-align: justify;\">\n","protected":false},"excerpt":{"rendered":"<p>Vargimitationen i verklig storlek \u00e4r en<strong>skadedjurskr\u00e4mmare<\/strong> som h\u00e5ller gnagare och f\u00e5glar borta inklusive g\u00e4ss, ankor, duvor.<\/p>\n<p>&nbsp;<\/p>\n","protected":false},"featured_media":10293,"template":"","meta":{"_themeisle_gutenberg_block_has_review":false},"product_brand":[],"product_cat":[186,148,149],"product_tag":[],"class_list":{"0":"post-11258","1":"product","2":"type-product","3":"status-publish","4":"has-post-thumbnail","6":"product_cat-djuravskrackare-och-mullvadsavskrackare-skydda-din-tradgard-pa-ett-naturligt-satt","7":"product_cat-fagelavskrackande-produkter","8":"product_cat-visuella-fagelskrammor","10":"first","11":"outofstock","12":"taxable","13":"shipping-taxable","14":"purchasable","15":"product-type-simple"},"_links":{"self":[{"href":"https:\/\/birdbusters.eu\/sv\/wp-json\/wp\/v2\/product\/11258","targetHints":{"allow":["GET"]}}],"collection":[{"href":"https:\/\/birdbusters.eu\/sv\/wp-json\/wp\/v2\/product"}],"about":[{"href":"https:\/\/birdbusters.eu\/sv\/wp-json\/wp\/v2\/types\/product"}],"wp:featuredmedia":[{"embeddable":true,"href":"https:\/\/birdbusters.eu\/sv\/wp-json\/wp\/v2\/media\/10293"}],"wp:attachment":[{"href":"https:\/\/birdbusters.eu\/sv\/wp-json\/wp\/v2\/media?parent=11258"}],"wp:term":[{"taxonomy":"product_brand","embeddable":true,"href":"https:\/\/birdbusters.eu\/sv\/wp-json\/wp\/v2\/product_brand?post=11258"},{"taxonomy":"product_cat","embeddable":true,"href":"https:\/\/birdbusters.eu\/sv\/wp-json\/wp\/v2\/product_cat?post=11258"},{"taxonomy":"product_tag","embeddable":true,"href":"https:\/\/birdbusters.eu\/sv\/wp-json\/wp\/v2\/product_tag?post=11258"}],"curies":[{"name":"wp","href":"https:\/\/api.w.org\/{rel}","templated":true}]}}