{"id":11259,"date":"2018-05-15T14:13:41","date_gmt":"2023-09-08T14:55:24","guid":{"rendered":"https:\/\/birdbusters.eu\/product\/timer-till-fagellaser\/"},"modified":"2023-09-08T16:55:24","modified_gmt":"2023-09-08T14:55:24","slug":"timer-till-fagellaser","status":"publish","type":"product","link":"https:\/\/birdbusters.eu\/sv\/produkt\/timer-till-fagellaser\/","title":{"rendered":"Timer till f\u00e5gellaser"},"content":{"rendered":"<p>220V timer.<\/p>\n","protected":false},"excerpt":{"rendered":"<p>220V timer f\u00f6r f\u00e5gel laser med 24-timmars justering f\u00f6r utomhusbruk.<\/p>\n","protected":false},"featured_media":10303,"template":"","meta":{"_themeisle_gutenberg_block_has_review":false},"product_brand":[],"product_cat":[143,151],"product_tag":[],"class_list":{"0":"post-11259","1":"product","2":"type-product","3":"status-publish","4":"has-post-thumbnail","6":"product_cat-fagelavvisande-produkter","7":"product_cat-laser-fagelskrammare","9":"first","10":"onbackorder","11":"taxable","12":"shipping-taxable","13":"purchasable","14":"product-type-simple"},"_links":{"self":[{"href":"https:\/\/birdbusters.eu\/sv\/wp-json\/wp\/v2\/product\/11259","targetHints":{"allow":["GET"]}}],"collection":[{"href":"https:\/\/birdbusters.eu\/sv\/wp-json\/wp\/v2\/product"}],"about":[{"href":"https:\/\/birdbusters.eu\/sv\/wp-json\/wp\/v2\/types\/product"}],"wp:featuredmedia":[{"embeddable":true,"href":"https:\/\/birdbusters.eu\/sv\/wp-json\/wp\/v2\/media\/10303"}],"wp:attachment":[{"href":"https:\/\/birdbusters.eu\/sv\/wp-json\/wp\/v2\/media?parent=11259"}],"wp:term":[{"taxonomy":"product_brand","embeddable":true,"href":"https:\/\/birdbusters.eu\/sv\/wp-json\/wp\/v2\/product_brand?post=11259"},{"taxonomy":"product_cat","embeddable":true,"href":"https:\/\/birdbusters.eu\/sv\/wp-json\/wp\/v2\/product_cat?post=11259"},{"taxonomy":"product_tag","embeddable":true,"href":"https:\/\/birdbusters.eu\/sv\/wp-json\/wp\/v2\/product_tag?post=11259"}],"curies":[{"name":"wp","href":"https:\/\/api.w.org\/{rel}","templated":true}]}}