{"id":11260,"date":"2018-07-05T12:27:43","date_gmt":"2018-07-05T10:27:43","guid":{"rendered":"https:\/\/birdbusters.eu\/product\/kolibri-fagel-fagelskramma-30m\/"},"modified":"2024-07-16T19:43:18","modified_gmt":"2024-07-16T17:43:18","slug":"kolibri-fagel-fagelskramma-30m","status":"publish","type":"product","link":"https:\/\/birdbusters.eu\/sv\/produkt\/kolibri-fagel-fagelskramma-30m\/","title":{"rendered":"Kolibri f\u00e5gelskr\u00e4mma 30M"},"content":{"rendered":"<h1 style=\"text-align: justify;\"><span style=\"font-size: 12pt;\">Kolibri f\u00e5gelskr\u00e4mma<\/span><\/h1>\n<p style=\"text-align: justify;\">Speciell 5mm UV-skyddad linje som \u00e4r utformad f\u00f6r att vibrera vid \u00e4ven mycket svag vind. Det l\u00e5ga ljudet fr\u00e5n <strong>Kolibri f\u00e5gelskr\u00e4mma<\/strong> \u00e4r mycket effektiv i <strong>att skr\u00e4mma f\u00e5glar<\/strong>. Det surrande ljud som avges \u00e4r ett effektivt avskr\u00e4ckande medel f\u00f6r f\u00e5glar. Kolibrif\u00e5gelskr\u00e4mman har en 5 kg brottbelastning. Idealisk f\u00f6r gr\u00f6nsakstr\u00e4dg\u00e5rdar, frukttr\u00e4d, vinstockar, gr\u00f6dor och gr\u00e4smattor, kommer denna monofilament-tejp att skydda din tr\u00e4dg\u00e5rd och ditt hem fr\u00e5n o\u00f6nskade f\u00e5glar och andra skadedjur.<\/p>\n<p style=\"text-align: justify;\">L\u00e4ngd 30 meter, bredd 5 mm och tjocklek 0,05 mm.<\/p>\n","protected":false},"excerpt":{"rendered":"<p>https:\/\/youtu.be\/YuyrTB2dQZE<\/p>\n<p>UV-protected line that is designed to vibrate with even very weak wind. The low sound made by <strong>Bird Scare<\/strong> Humming Line is very efficient in <strong>repelling birds<\/strong>.<\/p>\n<p>&nbsp;<\/p>\n","protected":false},"featured_media":10345,"template":"","meta":{"_themeisle_gutenberg_block_has_review":false},"product_brand":[],"product_cat":[148,147,149],"product_tag":[],"class_list":{"0":"post-11260","1":"product","2":"type-product","3":"status-publish","4":"has-post-thumbnail","6":"product_cat-fagelavskrackande-produkter","7":"product_cat-ljud-fagelskrammor","8":"product_cat-visuella-fagelskrammor","10":"first","11":"instock","12":"taxable","13":"shipping-taxable","14":"purchasable","15":"product-type-simple"},"_links":{"self":[{"href":"https:\/\/birdbusters.eu\/sv\/wp-json\/wp\/v2\/product\/11260","targetHints":{"allow":["GET"]}}],"collection":[{"href":"https:\/\/birdbusters.eu\/sv\/wp-json\/wp\/v2\/product"}],"about":[{"href":"https:\/\/birdbusters.eu\/sv\/wp-json\/wp\/v2\/types\/product"}],"wp:featuredmedia":[{"embeddable":true,"href":"https:\/\/birdbusters.eu\/sv\/wp-json\/wp\/v2\/media\/10345"}],"wp:attachment":[{"href":"https:\/\/birdbusters.eu\/sv\/wp-json\/wp\/v2\/media?parent=11260"}],"wp:term":[{"taxonomy":"product_brand","embeddable":true,"href":"https:\/\/birdbusters.eu\/sv\/wp-json\/wp\/v2\/product_brand?post=11260"},{"taxonomy":"product_cat","embeddable":true,"href":"https:\/\/birdbusters.eu\/sv\/wp-json\/wp\/v2\/product_cat?post=11260"},{"taxonomy":"product_tag","embeddable":true,"href":"https:\/\/birdbusters.eu\/sv\/wp-json\/wp\/v2\/product_tag?post=11260"}],"curies":[{"name":"wp","href":"https:\/\/api.w.org\/{rel}","templated":true}]}}