{"id":11261,"date":"2018-08-14T20:07:26","date_gmt":"2023-09-08T14:56:04","guid":{"rendered":"https:\/\/birdbusters.eu\/product\/premium-bird-net-5x20m\/"},"modified":"2024-07-16T21:13:52","modified_gmt":"2024-07-16T19:13:52","slug":"premium-fagelnat-5x20m","status":"publish","type":"product","link":"https:\/\/birdbusters.eu\/sv\/produkt\/premium-fagelnat-5x20m\/","title":{"rendered":"Premium F\u00e5geln\u00e4t 5x20m"},"content":{"rendered":"<h1 style=\"text-align: justify;\"><span style=\"font-size: 12pt;\">F\u00e5geln\u00e4t har den styrka som r\u00e4knas<\/span><\/h1>\n<p style=\"text-align: justify;\">Anti f\u00e5geln\u00e4t \u00e4r utrustat med knytrep i h\u00f6rnen. Detta l\u00e5ter dig sk\u00f6rda mer fr\u00e5n din tr\u00e4dg\u00e5rd genom att h\u00e5lla rovdjuren borta. Perfekt f\u00f6r bl\u00e5b\u00e4r, frukttr\u00e4d, gr\u00f6nsaker &amp; mer.<\/p>\n<p style=\"text-align: justify;\">Avvisar alla f\u00e5glar.<\/p>\n<p style=\"text-align: justify;\">Storlek 5x20m.<\/p>\n","protected":false},"excerpt":{"rendered":"<p><strong>Anti f\u00e5geln\u00e4t<\/strong> \u00e4r utrustad med knytrep i h\u00f6rnen.<\/p>\n<p>&nbsp;<\/p>\n","protected":false},"featured_media":10361,"template":"","meta":{"_themeisle_gutenberg_block_has_review":false},"product_brand":[],"product_cat":[143],"product_tag":[],"class_list":{"0":"post-11261","1":"product","2":"type-product","3":"status-publish","4":"has-post-thumbnail","6":"product_cat-fagelavvisande-produkter","8":"first","9":"outofstock","10":"taxable","11":"shipping-taxable","12":"purchasable","13":"product-type-simple"},"_links":{"self":[{"href":"https:\/\/birdbusters.eu\/sv\/wp-json\/wp\/v2\/product\/11261","targetHints":{"allow":["GET"]}}],"collection":[{"href":"https:\/\/birdbusters.eu\/sv\/wp-json\/wp\/v2\/product"}],"about":[{"href":"https:\/\/birdbusters.eu\/sv\/wp-json\/wp\/v2\/types\/product"}],"wp:featuredmedia":[{"embeddable":true,"href":"https:\/\/birdbusters.eu\/sv\/wp-json\/wp\/v2\/media\/10361"}],"wp:attachment":[{"href":"https:\/\/birdbusters.eu\/sv\/wp-json\/wp\/v2\/media?parent=11261"}],"wp:term":[{"taxonomy":"product_brand","embeddable":true,"href":"https:\/\/birdbusters.eu\/sv\/wp-json\/wp\/v2\/product_brand?post=11261"},{"taxonomy":"product_cat","embeddable":true,"href":"https:\/\/birdbusters.eu\/sv\/wp-json\/wp\/v2\/product_cat?post=11261"},{"taxonomy":"product_tag","embeddable":true,"href":"https:\/\/birdbusters.eu\/sv\/wp-json\/wp\/v2\/product_tag?post=11261"}],"curies":[{"name":"wp","href":"https:\/\/api.w.org\/{rel}","templated":true}]}}