{"id":11265,"date":"2015-09-09T14:26:17","date_gmt":"2015-09-09T12:26:17","guid":{"rendered":"https:\/\/birdbusters.eu\/product\/fageldrake-med-7-meter-stang\/"},"modified":"2024-07-16T19:25:13","modified_gmt":"2024-07-16T17:25:13","slug":"fageldrake-med-7-meter-stang","status":"publish","type":"product","link":"https:\/\/birdbusters.eu\/sv\/produkt\/fageldrake-med-7-meter-stang\/","title":{"rendered":"F\u00e5geldrake med 7 meter st\u00e5ng"},"content":{"rendered":"<div class=\"page\" title=\"Sida 2\">\n<div class=\"layoutArea\">\n<div class=\"column\">\n<p style=\"text-align: justify;\">Denna fullstora imitation av en sv\u00e4vande h\u00f6k \u00e4r gjord av tuff v\u00e4derbest\u00e4ndig plast, s\u00e5 den varar l\u00e4nge. Du kan skydda dina \u00e4pplen, p\u00e4ron, n\u00f6tter, b\u00e4r eller gr\u00f6dor p\u00e5 lugna och bl\u00e5siga dagar eftersom du kan l\u00e5ta din h\u00f6k patrullera \u00f6ver eller n\u00e4ra din gr\u00f6da. Ingen el, vind eller giftiga medel beh\u00f6vs. S\u00e5 den skyddar milj\u00f6n, och f\u00f6rhindrar f\u00e5glar fr\u00e5n att f\u00f6rst\u00f6ra din tr\u00e4dg\u00e5rd.<\/p>\n<p style=\"text-align: justify;\"><span data-sheets-value=\"{&quot;1&quot;:2,&quot;2&quot;:&quot;kite bird scarer&quot;}\" data-sheets-userformat=\"{&quot;2&quot;:1048577,&quot;3&quot;:{&quot;1&quot;:0},&quot;23&quot;:2}\">Din h\u00f6kf\u00e5gelskr\u00e4mma ser s\u00e5 verklig ut att den skr\u00e4mmer alla f\u00e5glar, inklusive trastar, starar, kr\u00e5kor, duvor och fiskm\u00e5sar.<\/span>.<\/p>\n<p style=\"text-align: justify;\"><a href=\"https:\/\/birdbusters.eu\/wp-content\/uploads\/2019\/03\/BB-Manual-DEMO.pdf\">F\u00e5geldrake manual<\/a><\/p>\n<h2 style=\"text-align: justify;\"><span style=\"font-size: 12pt;\">Draken \u00e4r inte avsedd f\u00f6r platser med mycket starka vindar.<\/span><\/h2>\n<p style=\"text-align: justify;\">\n<\/div>\n<\/div>\n<\/div>\n","protected":false},"excerpt":{"rendered":"<div class=\"page\" title=\"Sida 2\">\n<div class=\"layoutArea\">\n<div class=\"column\">\n<p>Detta \u00e4r en <strong>f\u00e5gelskr\u00e4mmadrake<\/strong> som \u00e4r f\u00e4st vid en 7 meter l\u00e5ng stav. Fungerar bra \u00e4ven vid mycket l\u00e5ga vindhastigheter. Den fungerar fr\u00e4mst f\u00f6r att skr\u00e4mma de mindre f\u00e5glarna, men den kan ocks\u00e5 anv\u00e4ndas som fiskm\u00e5s-skr\u00e4mmare.<\/p>\n<p>&nbsp;<\/p>\n<p>https:\/\/youtu.be\/p6I04j4kwmo<\/p>\n<\/div>\n<\/div>\n<\/div>\n","protected":false},"featured_media":10167,"template":"","meta":{"_themeisle_gutenberg_block_has_review":false},"product_brand":[],"product_cat":[148,150],"product_tag":[],"class_list":{"0":"post-11265","1":"product","2":"type-product","3":"status-publish","4":"has-post-thumbnail","6":"product_cat-fagelavskrackande-produkter","7":"product_cat-fageldrakar","8":"product_shipping_class-bud-upphamtningsplats","10":"first","11":"instock","12":"sale","13":"taxable","14":"shipping-taxable","15":"purchasable","16":"product-type-simple"},"_links":{"self":[{"href":"https:\/\/birdbusters.eu\/sv\/wp-json\/wp\/v2\/product\/11265","targetHints":{"allow":["GET"]}}],"collection":[{"href":"https:\/\/birdbusters.eu\/sv\/wp-json\/wp\/v2\/product"}],"about":[{"href":"https:\/\/birdbusters.eu\/sv\/wp-json\/wp\/v2\/types\/product"}],"wp:featuredmedia":[{"embeddable":true,"href":"https:\/\/birdbusters.eu\/sv\/wp-json\/wp\/v2\/media\/10167"}],"wp:attachment":[{"href":"https:\/\/birdbusters.eu\/sv\/wp-json\/wp\/v2\/media?parent=11265"}],"wp:term":[{"taxonomy":"product_brand","embeddable":true,"href":"https:\/\/birdbusters.eu\/sv\/wp-json\/wp\/v2\/product_brand?post=11265"},{"taxonomy":"product_cat","embeddable":true,"href":"https:\/\/birdbusters.eu\/sv\/wp-json\/wp\/v2\/product_cat?post=11265"},{"taxonomy":"product_tag","embeddable":true,"href":"https:\/\/birdbusters.eu\/sv\/wp-json\/wp\/v2\/product_tag?post=11265"}],"curies":[{"name":"wp","href":"https:\/\/api.w.org\/{rel}","templated":true}]}}