{"id":11267,"date":"2015-09-09T13:39:01","date_gmt":"2015-09-09T11:39:01","guid":{"rendered":"https:\/\/birdbusters.eu\/product\/duvfagelskramman-bird-gard-pro\/"},"modified":"2024-07-16T19:48:33","modified_gmt":"2024-07-16T17:48:33","slug":"duvfagelskramman-bird-gard-pro","status":"publish","type":"product","link":"https:\/\/birdbusters.eu\/sv\/produkt\/duvfagelskramman-bird-gard-pro\/","title":{"rendered":"Duvf\u00e5gelskr\u00e4mman Bird Gard Pro"},"content":{"rendered":"<h1><span style=\"font-size: 12pt;\">Duvf\u00e5gelskr\u00e4mman Bird Gard Pro<\/span><\/h1>\n<p>F\u00e5gelskr\u00e4mman \u00e4r framf\u00f6rallt avsedd att skydda byggnader och anl\u00e4ggningar. Den producerar ett specifikt duvn\u00f6drop som skr\u00e4mmer f\u00e5glar. Driftsomr\u00e5de <a href=\"https:\/\/birdbusters.eu\/product\/bird-gard-speaker\/\">utan ytterligare<\/a> h\u00f6gtalare \u00e4r upp till 0,6 hektar.<\/p>\n<p>Tillval att best\u00e4lla ytterligare h\u00f6gtalare.<\/p>\n<p>&nbsp;<\/p>\n<p>&nbsp;<\/p>\n","protected":false},"excerpt":{"rendered":"<p><strong>Duvf\u00e5gelskr\u00e4mman BirdGard Pro <\/strong> \u00e4r framf\u00f6rallt avsedd att <strong>skydda byggnader och anl\u00e4ggningar<\/strong>. Den producerar ett specifikt duvn\u00f6drop som skr\u00e4mmer f\u00e5glar.<\/p>\n<p>https:\/\/youtu.be\/rBnHY4xFQBo<\/p>\n<p>&nbsp;<\/p>\n","protected":false},"featured_media":10251,"template":"","meta":{"_themeisle_gutenberg_block_has_review":false},"product_brand":[],"product_cat":[147,148],"product_tag":[],"class_list":{"0":"post-11267","1":"product","2":"type-product","3":"status-publish","4":"has-post-thumbnail","6":"product_cat-ljud-fagelskrammor","7":"product_cat-fagelavskrackande-produkter","9":"first","10":"outofstock","11":"taxable","12":"shipping-taxable","13":"purchasable","14":"product-type-simple"},"_links":{"self":[{"href":"https:\/\/birdbusters.eu\/sv\/wp-json\/wp\/v2\/product\/11267","targetHints":{"allow":["GET"]}}],"collection":[{"href":"https:\/\/birdbusters.eu\/sv\/wp-json\/wp\/v2\/product"}],"about":[{"href":"https:\/\/birdbusters.eu\/sv\/wp-json\/wp\/v2\/types\/product"}],"wp:featuredmedia":[{"embeddable":true,"href":"https:\/\/birdbusters.eu\/sv\/wp-json\/wp\/v2\/media\/10251"}],"wp:attachment":[{"href":"https:\/\/birdbusters.eu\/sv\/wp-json\/wp\/v2\/media?parent=11267"}],"wp:term":[{"taxonomy":"product_brand","embeddable":true,"href":"https:\/\/birdbusters.eu\/sv\/wp-json\/wp\/v2\/product_brand?post=11267"},{"taxonomy":"product_cat","embeddable":true,"href":"https:\/\/birdbusters.eu\/sv\/wp-json\/wp\/v2\/product_cat?post=11267"},{"taxonomy":"product_tag","embeddable":true,"href":"https:\/\/birdbusters.eu\/sv\/wp-json\/wp\/v2\/product_tag?post=11267"}],"curies":[{"name":"wp","href":"https:\/\/api.w.org\/{rel}","templated":true}]}}