{"id":11268,"date":"2015-10-08T09:53:00","date_gmt":"2015-10-08T07:53:00","guid":{"rendered":"https:\/\/birdbusters.eu\/product\/fagelskramman-hokogon\/"},"modified":"2024-07-16T19:41:52","modified_gmt":"2024-07-16T17:41:52","slug":"fagelskramman-hokogon","status":"publish","type":"product","link":"https:\/\/birdbusters.eu\/sv\/produkt\/fagelskramman-hokogon\/","title":{"rendered":"F\u00e5gelskr\u00e4mman h\u00f6k\u00f6gon"},"content":{"rendered":"<p style=\"text-align: justify;\">F\u00f6r att h\u00f6ja effektiviteten, rekommenderar vi att vakten flyttas till en ny plats var sjunde dag, varefter f\u00e5gelskr\u00e4mmor b\u00f6r tas bort fr\u00e5n f\u00e4ltet i tre dagar. Kravet \u00e4r 1-2 f\u00e5gelskr\u00e4mmor per hektar f\u00f6r g\u00e4ss. F\u00f6r andra f\u00e5glar b\u00f6r de placeras med intervaller p\u00e5 20-40 m.<\/p>\n<p style=\"text-align: justify;\">\n","protected":false},"excerpt":{"rendered":"<p>De stora h\u00f6k\u00f6gonen \u00e4r utformade f\u00f6r att <strong>skr\u00e4mma f\u00e5glar<\/strong> som g\u00e4ss, duvor, koltrastar och olika rovf\u00e5glar. F\u00e5gelskr\u00e4mman r\u00f6r sig runt med vinden och reflekterar och sprider solstr\u00e5lar \u00f6verallt.<\/p>\n<p>https:\/\/youtu.be\/rehQqIi62tY<\/p>\n<p>&nbsp;<\/p>\n","protected":false},"featured_media":10113,"template":"","meta":{"_themeisle_gutenberg_block_has_review":false,"rank_math_focus_keyword":"h\u00f6k \u00f6gon","rank_math_title":"H\u00f6k\u00f6gon f\u00e5gelskr\u00e4mma f\u00f6r f\u00e5gelkontroll | BIRD BUSTERS","rank_math_description":"H\u00f6k\u00f6gon f\u00e5gelskr\u00e4mman r\u00f6r sig med vinden och skr\u00e4mmer f\u00e5glar f\u00f6r att h\u00e5lla dem borta fr\u00e5n din egendom. Klicka f\u00f6r att l\u00e4sa mer och handla! ","rank_math_canonical_url":"","rank_math_facebook_title":"","rank_math_facebook_description":"","rank_math_facebook_image":"","rank_math_twitter_title":"","rank_math_twitter_description":"","rank_math_twitter_image":"","rank_math_schema_FAQPage":[]},"product_brand":[],"product_cat":[148,240,230,263,250,260,149],"product_tag":[],"class_list":{"0":"post-11268","1":"product","2":"type-product","3":"status-publish","4":"has-post-thumbnail","6":"product_cat-fagelavskrackande-produkter","7":"product_cat-fagelskydd-for-byggnader-och-tak","8":"product_cat-fagelskydd-i-hamnar-marinor-och-pa-batar","9":"product_cat-pauksciu-kontrole-oro-uostuose","10":"product_cat-skydd-av-grodor-och-fruktodlingar-mot-faglar","11":"product_cat-skydd-mot-flyttfaglar","12":"product_cat-visuella-fagelskrammor","13":"product_shipping_class-bud-upphamtningsplats","15":"first","16":"instock","17":"taxable","18":"shipping-taxable","19":"purchasable","20":"product-type-simple"},"_links":{"self":[{"href":"https:\/\/birdbusters.eu\/sv\/wp-json\/wp\/v2\/product\/11268","targetHints":{"allow":["GET"]}}],"collection":[{"href":"https:\/\/birdbusters.eu\/sv\/wp-json\/wp\/v2\/product"}],"about":[{"href":"https:\/\/birdbusters.eu\/sv\/wp-json\/wp\/v2\/types\/product"}],"wp:featuredmedia":[{"embeddable":true,"href":"https:\/\/birdbusters.eu\/sv\/wp-json\/wp\/v2\/media\/10113"}],"wp:attachment":[{"href":"https:\/\/birdbusters.eu\/sv\/wp-json\/wp\/v2\/media?parent=11268"}],"wp:term":[{"taxonomy":"product_brand","embeddable":true,"href":"https:\/\/birdbusters.eu\/sv\/wp-json\/wp\/v2\/product_brand?post=11268"},{"taxonomy":"product_cat","embeddable":true,"href":"https:\/\/birdbusters.eu\/sv\/wp-json\/wp\/v2\/product_cat?post=11268"},{"taxonomy":"product_tag","embeddable":true,"href":"https:\/\/birdbusters.eu\/sv\/wp-json\/wp\/v2\/product_tag?post=11268"}],"curies":[{"name":"wp","href":"https:\/\/api.w.org\/{rel}","templated":true}]}}