{"id":11269,"date":"2015-10-08T10:47:25","date_gmt":"2015-10-08T08:47:25","guid":{"rendered":"https:\/\/birdbusters.eu\/product\/tornfalk-imitation\/"},"modified":"2024-07-16T19:35:47","modified_gmt":"2024-07-16T17:35:47","slug":"tornfalk-imitation","status":"publish","type":"product","link":"https:\/\/birdbusters.eu\/sv\/produkt\/tornfalk-imitation\/","title":{"rendered":"Tornfalk imitation"},"content":{"rendered":"<h1><span style=\"font-size: 12pt;\">Realistisk tornfalkimitation<\/span><\/h1>\n<p>Tornfalk \u00e4r en rovf\u00e5gel, som majoriteten av f\u00e5glarna \u00e4r r\u00e4dda f\u00f6r. Tornfalkimitation rekommenderas att h\u00e4ngas h\u00f6gt upp p\u00e5 en stolpe eller en tr\u00e4dgren p\u00e5 ett s\u00e4tt s\u00e5 att vinden kan flytta runt den p\u00e5 ett omr\u00e5de som \u00e4r s\u00e5 stort som m\u00f6jligt. L\u00e4mplig f\u00f6r sm\u00e5 tr\u00e4dg\u00e5rdar som en <strong>f\u00e5gelskr\u00e4mmare<\/strong>, och som en fin dekoration.<\/p>\n<p>Dimensioner: 540 x 80 x 140 mm.<\/p>\n","protected":false},"excerpt":{"rendered":"<p>Tornfalk \u00e4r en rovf\u00e5gel, som majoriteten av f\u00e5glarna \u00e4r r\u00e4dda f\u00f6r. L\u00e4mplig f\u00f6r sm\u00e5 tr\u00e4dg\u00e5rdar som en <strong>f\u00e5gelskr\u00e4mmare<\/strong>, och som en fin dekoration.<\/p>\n<p>&nbsp;<\/p>\n<p>&nbsp;<\/p>\n","protected":false},"featured_media":10137,"template":"","meta":{"_themeisle_gutenberg_block_has_review":false,"rank_math_focus_keyword":"tornfalkimitation","rank_math_title":"Tornfalk f\u00e5gelskr\u00e4mma f\u00f6r effektiv f\u00e5gel-kontroll | BIRD BUSTERS","rank_math_description":"Denna tornfalkimitation \u00e4r en visuell f\u00e5gelskr\u00e4mma som h\u00e5ller o\u00f6nskade f\u00e5glar borta fr\u00e5n din egendom. Klicka f\u00f6r att l\u00e4sa mer och handla! ","rank_math_canonical_url":"","rank_math_facebook_title":"","rank_math_facebook_description":"","rank_math_facebook_image":"","rank_math_twitter_title":"","rank_math_twitter_description":"","rank_math_twitter_image":"","rank_math_schema_FAQPage":[]},"product_brand":[],"product_cat":[148,149],"product_tag":[],"class_list":{"0":"post-11269","1":"product","2":"type-product","3":"status-publish","4":"has-post-thumbnail","6":"product_cat-fagelavskrackande-produkter","7":"product_cat-visuella-fagelskrammor","9":"first","10":"onbackorder","11":"taxable","12":"shipping-taxable","13":"purchasable","14":"product-type-simple"},"_links":{"self":[{"href":"https:\/\/birdbusters.eu\/sv\/wp-json\/wp\/v2\/product\/11269","targetHints":{"allow":["GET"]}}],"collection":[{"href":"https:\/\/birdbusters.eu\/sv\/wp-json\/wp\/v2\/product"}],"about":[{"href":"https:\/\/birdbusters.eu\/sv\/wp-json\/wp\/v2\/types\/product"}],"wp:featuredmedia":[{"embeddable":true,"href":"https:\/\/birdbusters.eu\/sv\/wp-json\/wp\/v2\/media\/10137"}],"wp:attachment":[{"href":"https:\/\/birdbusters.eu\/sv\/wp-json\/wp\/v2\/media?parent=11269"}],"wp:term":[{"taxonomy":"product_brand","embeddable":true,"href":"https:\/\/birdbusters.eu\/sv\/wp-json\/wp\/v2\/product_brand?post=11269"},{"taxonomy":"product_cat","embeddable":true,"href":"https:\/\/birdbusters.eu\/sv\/wp-json\/wp\/v2\/product_cat?post=11269"},{"taxonomy":"product_tag","embeddable":true,"href":"https:\/\/birdbusters.eu\/sv\/wp-json\/wp\/v2\/product_tag?post=11269"}],"curies":[{"name":"wp","href":"https:\/\/api.w.org\/{rel}","templated":true}]}}