{"id":11271,"date":"2015-09-07T17:23:35","date_gmt":"2015-09-07T15:23:35","guid":{"rendered":"https:\/\/birdbusters.eu\/product\/360-stativ-for-elektronisk-gaskanon\/"},"modified":"2024-07-16T19:23:15","modified_gmt":"2024-07-16T17:23:15","slug":"360-stativ-for-elektronisk-gaskanon","status":"publish","type":"product","link":"https:\/\/birdbusters.eu\/sv\/produkt\/360-stativ-for-elektronisk-gaskanon\/","title":{"rendered":"360 stativ f\u00f6r elektronisk gaskanon"},"content":{"rendered":"<p><span style=\"font-size: 12pt;\">Efter varje sm\u00e4ll som kanonen g\u00f6r, kommer sm\u00e4llen g\u00f6ra att pistolen \u00e4ndrar riktning.<\/span><\/p>\n","protected":false},"excerpt":{"rendered":"<p><strong>360 grader roterande stativ<\/strong> \u00f6kar arbetsomr\u00e5det f\u00f6r propankanonen tack vare dess h\u00f6jd och roterande axel.<\/p>\n<p>&nbsp;<\/p>\n<p>&nbsp;<\/p>\n","protected":false},"featured_media":10528,"template":"","meta":{"_themeisle_gutenberg_block_has_review":false},"product_brand":[],"product_cat":[186,145,143],"product_tag":[],"class_list":{"0":"post-11271","1":"product","2":"type-product","3":"status-publish","4":"has-post-thumbnail","6":"product_cat-djuravskrackare-och-mullvadsavskrackare-skydda-din-tradgard-pa-ett-naturligt-satt","7":"product_cat-fagel-ljudkanoner","8":"product_cat-fagelavvisande-produkter","9":"product_shipping_class-bud-upphamtningsplats","11":"first","12":"instock","13":"taxable","14":"shipping-taxable","15":"purchasable","16":"product-type-simple"},"_links":{"self":[{"href":"https:\/\/birdbusters.eu\/sv\/wp-json\/wp\/v2\/product\/11271","targetHints":{"allow":["GET"]}}],"collection":[{"href":"https:\/\/birdbusters.eu\/sv\/wp-json\/wp\/v2\/product"}],"about":[{"href":"https:\/\/birdbusters.eu\/sv\/wp-json\/wp\/v2\/types\/product"}],"wp:featuredmedia":[{"embeddable":true,"href":"https:\/\/birdbusters.eu\/sv\/wp-json\/wp\/v2\/media\/10528"}],"wp:attachment":[{"href":"https:\/\/birdbusters.eu\/sv\/wp-json\/wp\/v2\/media?parent=11271"}],"wp:term":[{"taxonomy":"product_brand","embeddable":true,"href":"https:\/\/birdbusters.eu\/sv\/wp-json\/wp\/v2\/product_brand?post=11271"},{"taxonomy":"product_cat","embeddable":true,"href":"https:\/\/birdbusters.eu\/sv\/wp-json\/wp\/v2\/product_cat?post=11271"},{"taxonomy":"product_tag","embeddable":true,"href":"https:\/\/birdbusters.eu\/sv\/wp-json\/wp\/v2\/product_tag?post=11271"}],"curies":[{"name":"wp","href":"https:\/\/api.w.org\/{rel}","templated":true}]}}