{"id":11272,"date":"2015-09-07T17:13:40","date_gmt":"2023-09-11T12:38:08","guid":{"rendered":"https:\/\/birdbusters.eu\/product\/timer-for-mekanisk-gaskanon\/"},"modified":"2024-06-11T16:28:17","modified_gmt":"2024-06-11T14:28:17","slug":"timer-for-mekanisk-gaskanon","status":"publish","type":"product","link":"https:\/\/birdbusters.eu\/sv\/produkt\/timer-for-mekanisk-gaskanon\/","title":{"rendered":"Timer f\u00f6r mekanisk gaskanon"},"content":{"rendered":"<p><strong>GT 300 timer<\/strong> \u00e4r avsedd f\u00f6r en <a href=\"https:\/\/birdbusters.eu\/sv\/produkt\/propankanon-faglar\/\">mekanisk gaskanon<\/a> f\u00f6r att justera sm\u00e4llartiden inom en 24-timmarsperiod. Till exempel, s\u00e5 \u00e4r det oftast n\u00f6dv\u00e4ndigt att skr\u00e4mma f\u00e5glar under dagen och vilda djur mestadels under natten och morgonen.<\/p>\n<p><a href=\"https:\/\/birdbusters.eu\/wp-content\/uploads\/2022\/07\/Manual-GT300.pdf\">Manual<\/a><\/p>\n","protected":false},"excerpt":{"rendered":"<p><strong>GT 300 timer \u00e4r avsedd till en mekanisk gaskanon<\/strong> f\u00f6r att justera sm\u00e4llartiden inom en 24-timmarsperiod. Till exempel, s\u00e5 \u00e4r det oftast n\u00f6dv\u00e4ndigt att skr\u00e4mma f\u00e5glar under dagen och vilda djur mestadels under natten och morgonen.<\/p>\n","protected":false},"featured_media":10061,"template":"","meta":{"_themeisle_gutenberg_block_has_review":false},"product_brand":[],"product_cat":[145,143],"product_tag":[],"class_list":{"0":"post-11272","1":"product","2":"type-product","3":"status-publish","4":"has-post-thumbnail","6":"product_cat-fagel-ljudkanoner","7":"product_cat-fagelavvisande-produkter","9":"first","10":"instock","11":"taxable","12":"shipping-taxable","13":"purchasable","14":"product-type-simple"},"_links":{"self":[{"href":"https:\/\/birdbusters.eu\/sv\/wp-json\/wp\/v2\/product\/11272","targetHints":{"allow":["GET"]}}],"collection":[{"href":"https:\/\/birdbusters.eu\/sv\/wp-json\/wp\/v2\/product"}],"about":[{"href":"https:\/\/birdbusters.eu\/sv\/wp-json\/wp\/v2\/types\/product"}],"wp:featuredmedia":[{"embeddable":true,"href":"https:\/\/birdbusters.eu\/sv\/wp-json\/wp\/v2\/media\/10061"}],"wp:attachment":[{"href":"https:\/\/birdbusters.eu\/sv\/wp-json\/wp\/v2\/media?parent=11272"}],"wp:term":[{"taxonomy":"product_brand","embeddable":true,"href":"https:\/\/birdbusters.eu\/sv\/wp-json\/wp\/v2\/product_brand?post=11272"},{"taxonomy":"product_cat","embeddable":true,"href":"https:\/\/birdbusters.eu\/sv\/wp-json\/wp\/v2\/product_cat?post=11272"},{"taxonomy":"product_tag","embeddable":true,"href":"https:\/\/birdbusters.eu\/sv\/wp-json\/wp\/v2\/product_tag?post=11272"}],"curies":[{"name":"wp","href":"https:\/\/api.w.org\/{rel}","templated":true}]}}