{"id":11273,"date":"2015-10-08T11:43:35","date_gmt":"2023-09-11T14:32:00","guid":{"rendered":"https:\/\/birdbusters.eu\/product\/automatisk-anti-fagel-laser-for-utomhusbruk\/"},"modified":"2023-09-11T16:32:00","modified_gmt":"2023-09-11T14:32:00","slug":"automatisk-anti-fagel-laser-for-utomhusbruk","status":"publish","type":"product","link":"https:\/\/birdbusters.eu\/sv\/produkt\/automatisk-anti-fagel-laser-for-utomhusbruk\/","title":{"rendered":"Automatisk anti-f\u00e5gel-laser f\u00f6r utomhusbruk"},"content":{"rendered":"<h2><span style=\"font-size: 12pt;\">Automatisk laser-f\u00e5gelskr\u00e4mma skr\u00e4mmer  <strong>g\u00e4ss, m\u00e5sar, ankor, koltrastar, duvor, starar och andra sm\u00e5f\u00e5glar.<\/strong><\/span><\/h2>\n<p>Laserstr\u00e5len r\u00f6r sig horisontellt fram och tillbaka. Arbetsomr\u00e5det \u00e4r upp till 2 km.<\/p>\n<p>Anslutning till ett 12-volts batteri med valfri solpanel p\u00e5 en standard.<\/p>\n<p>Fungerar inte lika effektivt i starkt solljus.<\/p>\n<p>&nbsp;<\/p>\n","protected":false},"excerpt":{"rendered":"<p>Automatisk laser-f\u00e5gelskr\u00e4mma skr\u00e4mmer <strong>g\u00e4ss, m\u00e5sar, ankor, koltrastar, duvor, starar och andra sm\u00e5f\u00e5glar.<\/strong><\/p>\n<p>&nbsp;<\/p>\n","protected":false},"featured_media":11760,"template":"","meta":{"_themeisle_gutenberg_block_has_review":false,"rank_math_focus_keyword":"antif\u00e5gel-laser","rank_math_title":"Anti-f\u00e5gel laser f\u00f6r f\u00e5gelkontroll | BIRD BUSTERS","rank_math_description":"Denna anti-f\u00e5gel laser \u00e4r en bepr\u00f6vad och mycket effektiv metod f\u00f6r att bli av med o\u00f6nskade f\u00e5glar. Klicka f\u00f6r att l\u00e4sa mer och handla! ","rank_math_canonical_url":"","rank_math_facebook_title":"","rank_math_facebook_description":"","rank_math_facebook_image":"","rank_math_twitter_title":"","rank_math_twitter_description":"","rank_math_twitter_image":"","rank_math_schema_FAQPage":[]},"product_brand":[],"product_cat":[143,151],"product_tag":[],"class_list":{"0":"post-11273","1":"product","2":"type-product","3":"status-publish","4":"has-post-thumbnail","6":"product_cat-fagelavvisande-produkter","7":"product_cat-laser-fagelskrammare","9":"first","10":"onbackorder","11":"taxable","12":"shipping-taxable","13":"purchasable","14":"product-type-simple"},"_links":{"self":[{"href":"https:\/\/birdbusters.eu\/sv\/wp-json\/wp\/v2\/product\/11273","targetHints":{"allow":["GET"]}}],"collection":[{"href":"https:\/\/birdbusters.eu\/sv\/wp-json\/wp\/v2\/product"}],"about":[{"href":"https:\/\/birdbusters.eu\/sv\/wp-json\/wp\/v2\/types\/product"}],"wp:featuredmedia":[{"embeddable":true,"href":"https:\/\/birdbusters.eu\/sv\/wp-json\/wp\/v2\/media\/11760"}],"wp:attachment":[{"href":"https:\/\/birdbusters.eu\/sv\/wp-json\/wp\/v2\/media?parent=11273"}],"wp:term":[{"taxonomy":"product_brand","embeddable":true,"href":"https:\/\/birdbusters.eu\/sv\/wp-json\/wp\/v2\/product_brand?post=11273"},{"taxonomy":"product_cat","embeddable":true,"href":"https:\/\/birdbusters.eu\/sv\/wp-json\/wp\/v2\/product_cat?post=11273"},{"taxonomy":"product_tag","embeddable":true,"href":"https:\/\/birdbusters.eu\/sv\/wp-json\/wp\/v2\/product_tag?post=11273"}],"curies":[{"name":"wp","href":"https:\/\/api.w.org\/{rel}","templated":true}]}}