{"id":11274,"date":"2015-10-08T11:59:23","date_gmt":"2023-09-11T14:32:01","guid":{"rendered":"https:\/\/birdbusters.eu\/product\/kraka-imitation-fagelskramma\/"},"modified":"2024-07-16T19:36:27","modified_gmt":"2024-07-16T17:36:27","slug":"kraka-imitation-fagelskramma","status":"publish","type":"product","link":"https:\/\/birdbusters.eu\/sv\/produkt\/kraka-imitation-fagelskramma\/","title":{"rendered":"Kr\u00e5ka imitation f\u00e5gelskr\u00e4mma"},"content":{"rendered":"<h1><span style=\"font-size: 12pt;\">Realistisk kr\u00e5kimitation f\u00e5gelskr\u00e4mma<\/span><\/h1>\n<p>Kr\u00e5ka-figuren fungerar p\u00e5 tv\u00e5 s\u00e4tt. \u00c4ven kr\u00e5kor sj\u00e4lva kommer att h\u00e5lla sig borta om de ser en d\u00f6d f\u00f6ljeslagare (omv\u00e4nd figur), och sm\u00e5f\u00e5glar kommer att h\u00e5lla sig borta om figuren st\u00e5r upp. Anv\u00e4nd i max tre veckor p\u00e5 ett st\u00e4lle.<\/p>\n","protected":false},"excerpt":{"rendered":"<p>Kr\u00e5ka-figuren fungerar p\u00e5 tv\u00e5 s\u00e4tt. \u00c4ven kr\u00e5kor sj\u00e4lva kommer att h\u00e5lla sig borta om de ser en d\u00f6d f\u00f6ljeslagare (omv\u00e4nd figur), och sm\u00e5f\u00e5glar kommer att h\u00e5lla sig borta om figuren st\u00e5r upp.<\/p>\n<p>&nbsp;<\/p>\n","protected":false},"featured_media":10106,"template":"","meta":{"_themeisle_gutenberg_block_has_review":false},"product_brand":[],"product_cat":[148,149],"product_tag":[],"class_list":{"0":"post-11274","1":"product","2":"type-product","3":"status-publish","4":"has-post-thumbnail","6":"product_cat-fagelavskrackande-produkter","7":"product_cat-visuella-fagelskrammor","9":"first","10":"outofstock","11":"taxable","12":"shipping-taxable","13":"purchasable","14":"product-type-simple"},"_links":{"self":[{"href":"https:\/\/birdbusters.eu\/sv\/wp-json\/wp\/v2\/product\/11274","targetHints":{"allow":["GET"]}}],"collection":[{"href":"https:\/\/birdbusters.eu\/sv\/wp-json\/wp\/v2\/product"}],"about":[{"href":"https:\/\/birdbusters.eu\/sv\/wp-json\/wp\/v2\/types\/product"}],"wp:featuredmedia":[{"embeddable":true,"href":"https:\/\/birdbusters.eu\/sv\/wp-json\/wp\/v2\/media\/10106"}],"wp:attachment":[{"href":"https:\/\/birdbusters.eu\/sv\/wp-json\/wp\/v2\/media?parent=11274"}],"wp:term":[{"taxonomy":"product_brand","embeddable":true,"href":"https:\/\/birdbusters.eu\/sv\/wp-json\/wp\/v2\/product_brand?post=11274"},{"taxonomy":"product_cat","embeddable":true,"href":"https:\/\/birdbusters.eu\/sv\/wp-json\/wp\/v2\/product_cat?post=11274"},{"taxonomy":"product_tag","embeddable":true,"href":"https:\/\/birdbusters.eu\/sv\/wp-json\/wp\/v2\/product_tag?post=11274"}],"curies":[{"name":"wp","href":"https:\/\/api.w.org\/{rel}","templated":true}]}}