{"id":11275,"date":"2015-10-08T11:52:46","date_gmt":"2015-10-08T09:52:46","guid":{"rendered":"https:\/\/birdbusters.eu\/product\/anti-fagel-blinkande-ljus\/"},"modified":"2024-07-16T19:43:57","modified_gmt":"2024-07-16T17:43:57","slug":"anti-fagel-blinkande-ljus","status":"publish","type":"product","link":"https:\/\/birdbusters.eu\/sv\/produkt\/anti-fagel-blinkande-ljus\/","title":{"rendered":"Anti f\u00e5gel blinkande ljus"},"content":{"rendered":"<p style=\"text-align: justify;\">Det \u00e4r ett enkelt och effektivt <strong>skadedjursskydd<\/strong> som skr\u00e4mmer b\u00e5de djur och f\u00e5glar. Solbatteridriven enhet skr\u00e4mmer rovdjur i m\u00f6rkret. Fungerar p\u00e5 djur som<strong> varg, vildsvin, harar samt g\u00e4ss och ankor<\/strong>. Denna produkt inneh\u00e5ller batterier.<\/p>\n<p style=\"text-align: justify;\">\n","protected":false},"excerpt":{"rendered":"<p>Det \u00e4r ett enkelt och effektivt <strong>skadedjursskydd<\/strong> som skr\u00e4mmer b\u00e5de djur och f\u00e5glar. Solbatteridriven enhet skr\u00e4mmer rovdjur i m\u00f6rkret. Fungerar p\u00e5 djur som vargar, vildsvin, harar samt g\u00e4ss och ankor.<\/p>\n<p>https:\/\/youtu.be\/aN7y-13-ixM<\/p>\n<p>&nbsp;<\/p>\n","protected":false},"featured_media":10095,"template":"","meta":{"_themeisle_gutenberg_block_has_review":false},"product_brand":[],"product_cat":[148,149],"product_tag":[],"class_list":{"0":"post-11275","1":"product","2":"type-product","3":"status-publish","4":"has-post-thumbnail","6":"product_cat-fagelavskrackande-produkter","7":"product_cat-visuella-fagelskrammor","9":"first","10":"instock","11":"taxable","12":"shipping-taxable","13":"purchasable","14":"product-type-simple"},"_links":{"self":[{"href":"https:\/\/birdbusters.eu\/sv\/wp-json\/wp\/v2\/product\/11275","targetHints":{"allow":["GET"]}}],"collection":[{"href":"https:\/\/birdbusters.eu\/sv\/wp-json\/wp\/v2\/product"}],"about":[{"href":"https:\/\/birdbusters.eu\/sv\/wp-json\/wp\/v2\/types\/product"}],"wp:featuredmedia":[{"embeddable":true,"href":"https:\/\/birdbusters.eu\/sv\/wp-json\/wp\/v2\/media\/10095"}],"wp:attachment":[{"href":"https:\/\/birdbusters.eu\/sv\/wp-json\/wp\/v2\/media?parent=11275"}],"wp:term":[{"taxonomy":"product_brand","embeddable":true,"href":"https:\/\/birdbusters.eu\/sv\/wp-json\/wp\/v2\/product_brand?post=11275"},{"taxonomy":"product_cat","embeddable":true,"href":"https:\/\/birdbusters.eu\/sv\/wp-json\/wp\/v2\/product_cat?post=11275"},{"taxonomy":"product_tag","embeddable":true,"href":"https:\/\/birdbusters.eu\/sv\/wp-json\/wp\/v2\/product_tag?post=11275"}],"curies":[{"name":"wp","href":"https:\/\/api.w.org\/{rel}","templated":true}]}}