{"id":11276,"date":"2015-10-08T12:59:12","date_gmt":"2015-10-08T10:59:12","guid":{"rendered":"https:\/\/birdbusters.eu\/product\/realistisk-uggla-imitation-for-att-skramma-bort-faglar\/"},"modified":"2023-09-11T16:32:35","modified_gmt":"2023-09-11T14:32:35","slug":"realistisk-uggla-imitation-for-att-skramma-bort-faglar","status":"publish","type":"product","link":"https:\/\/birdbusters.eu\/sv\/produkt\/realistisk-uggla-imitation-for-att-skramma-bort-faglar\/","title":{"rendered":"Realistisk uggla imitation f\u00f6r att skr\u00e4mma bort f\u00e5glar"},"content":{"rendered":"<h1><span style=\"font-size: 12pt;\">Verklighetstrogen uggla figur f\u00f6r att skr\u00e4mma bort duvor, kr\u00e5kor, sparvar, m\u00e5sar, gnagare<\/span><\/h1>\n<p>De flesta mindre f\u00e5glar \u00e4r r\u00e4dda f\u00f6r ugglor. Ugglan \u00e4r monterad p\u00e5 toppen av en h\u00f6g stolpe i tr\u00e4dg\u00e5rden. Flytta runt ugglan regelbundet, minst en g\u00e5ng i veckan f\u00f6r att undvika att f\u00e5glar v\u00e4njer vid den.<\/p>\n<p>&nbsp;<\/p>\n","protected":false},"excerpt":{"rendered":"<p>Ugglan \u00e4r f\u00f6r att <strong>skr\u00e4mma f\u00e5glar<\/strong> som \u00e4r r\u00e4dda f\u00f6r ugglor. Siffran \u00e4r mycket verklighetstrogen och effektiv.<\/p>\n","protected":false},"featured_media":10133,"template":"","meta":{"_themeisle_gutenberg_block_has_review":false},"product_brand":[],"product_cat":[148,149],"product_tag":[],"class_list":{"0":"post-11276","1":"product","2":"type-product","3":"status-publish","4":"has-post-thumbnail","6":"product_cat-fagelavskrackande-produkter","7":"product_cat-visuella-fagelskrammor","9":"first","10":"instock","11":"taxable","12":"shipping-taxable","13":"purchasable","14":"product-type-simple"},"_links":{"self":[{"href":"https:\/\/birdbusters.eu\/sv\/wp-json\/wp\/v2\/product\/11276","targetHints":{"allow":["GET"]}}],"collection":[{"href":"https:\/\/birdbusters.eu\/sv\/wp-json\/wp\/v2\/product"}],"about":[{"href":"https:\/\/birdbusters.eu\/sv\/wp-json\/wp\/v2\/types\/product"}],"wp:featuredmedia":[{"embeddable":true,"href":"https:\/\/birdbusters.eu\/sv\/wp-json\/wp\/v2\/media\/10133"}],"wp:attachment":[{"href":"https:\/\/birdbusters.eu\/sv\/wp-json\/wp\/v2\/media?parent=11276"}],"wp:term":[{"taxonomy":"product_brand","embeddable":true,"href":"https:\/\/birdbusters.eu\/sv\/wp-json\/wp\/v2\/product_brand?post=11276"},{"taxonomy":"product_cat","embeddable":true,"href":"https:\/\/birdbusters.eu\/sv\/wp-json\/wp\/v2\/product_cat?post=11276"},{"taxonomy":"product_tag","embeddable":true,"href":"https:\/\/birdbusters.eu\/sv\/wp-json\/wp\/v2\/product_tag?post=11276"}],"curies":[{"name":"wp","href":"https:\/\/api.w.org\/{rel}","templated":true}]}}