{"id":11277,"date":"2015-10-09T10:40:02","date_gmt":"2015-10-09T08:40:02","guid":{"rendered":"https:\/\/birdbusters.eu\/product\/fagelskramma-tejp-2x80-m\/"},"modified":"2024-07-16T19:42:43","modified_gmt":"2024-07-16T17:42:43","slug":"fagelskramma-tejp-2x80-m","status":"publish","type":"product","link":"https:\/\/birdbusters.eu\/sv\/produkt\/fagelskramma-tejp-2x80-m\/","title":{"rendered":"F\u00e5gelskr\u00e4mma-tejp 2&#215;80 m"},"content":{"rendered":"<h1><span style=\"font-size: 12pt;\">F\u00e5gelskr\u00e4mma-band \u00e4r utformat f\u00f6r att skr\u00e4mma bort alla f\u00e5glar under dagtid. <\/span><\/h1>\n<p>F\u00e5gelskr\u00e4mma-tejp \u00e4r 80 meter l\u00e5ng (b\u00e5da rullarna) och anv\u00e4nds oftast f\u00f6r att skr\u00e4mma o\u00f6nskade djur, duvor, hackspettar och andra f\u00e5glar. Kombinationen av ljud, som genereras av bandet n\u00e4r det bl\u00e5ser i vinden, och det flimrande ljuset som kommer fr\u00e5n den reflekterande ytan \u00e4r utformat f\u00f6r att skr\u00e4mma f\u00e5glar eller djur utan att skada dem. Klipp tejpen i remsor som \u00e4r mellan 1 och 2 meter l\u00e5nga. Knyt eller tejpa bandremsorna i och runt omr\u00e5det som o\u00f6nskade f\u00e5glar eller djur bes\u00f6ker. Anv\u00e4nd olika f\u00e4rger f\u00f6r att f\u00f6rvirra f\u00e5glarna s\u00e5 mycket som m\u00f6jligt.<\/p>\n<ul class=\"ul1\">\n<li class=\"li1\">Tillverkad i polyester<\/li>\n<li class=\"li1\">L\u00e4tt att installera, kan klippas i bitar<\/li>\n<li class=\"li1\">Icke-lim, 2 rullar 80 meter x 2,5 cm<\/li>\n<\/ul>\n<p>&nbsp;<\/p>\n<p>&nbsp;<\/p>\n","protected":false},"excerpt":{"rendered":"<p class=\"p1\">Enkel och kostnadseffektiv f\u00e5gelskr\u00e4mma. Fungerar verkligen!<\/p>\n<p>https:\/\/youtu.be\/vgGuoy3mG2I<\/p>\n<p>&nbsp;<\/p>\n","protected":false},"featured_media":10487,"template":"","meta":{"_themeisle_gutenberg_block_has_review":false},"product_brand":[],"product_cat":[148,149],"product_tag":[],"class_list":{"0":"post-11277","1":"product","2":"type-product","3":"status-publish","4":"has-post-thumbnail","6":"product_cat-fagelavskrackande-produkter","7":"product_cat-visuella-fagelskrammor","9":"first","10":"instock","11":"taxable","12":"shipping-taxable","13":"purchasable","14":"product-type-simple"},"_links":{"self":[{"href":"https:\/\/birdbusters.eu\/sv\/wp-json\/wp\/v2\/product\/11277","targetHints":{"allow":["GET"]}}],"collection":[{"href":"https:\/\/birdbusters.eu\/sv\/wp-json\/wp\/v2\/product"}],"about":[{"href":"https:\/\/birdbusters.eu\/sv\/wp-json\/wp\/v2\/types\/product"}],"wp:featuredmedia":[{"embeddable":true,"href":"https:\/\/birdbusters.eu\/sv\/wp-json\/wp\/v2\/media\/10487"}],"wp:attachment":[{"href":"https:\/\/birdbusters.eu\/sv\/wp-json\/wp\/v2\/media?parent=11277"}],"wp:term":[{"taxonomy":"product_brand","embeddable":true,"href":"https:\/\/birdbusters.eu\/sv\/wp-json\/wp\/v2\/product_brand?post=11277"},{"taxonomy":"product_cat","embeddable":true,"href":"https:\/\/birdbusters.eu\/sv\/wp-json\/wp\/v2\/product_cat?post=11277"},{"taxonomy":"product_tag","embeddable":true,"href":"https:\/\/birdbusters.eu\/sv\/wp-json\/wp\/v2\/product_tag?post=11277"}],"curies":[{"name":"wp","href":"https:\/\/api.w.org\/{rel}","templated":true}]}}