{"id":11278,"date":"2015-10-09T12:13:23","date_gmt":"2015-10-09T10:13:23","guid":{"rendered":"https:\/\/birdbusters.eu\/product\/djur-och-fagelskramma-med-ljud\/"},"modified":"2024-11-26T12:32:50","modified_gmt":"2024-11-26T11:32:50","slug":"animal-and-bird-scarer-with-movement-sensors","status":"publish","type":"product","link":"https:\/\/birdbusters.eu\/sv\/produkt\/animal-and-bird-scarer-with-movement-sensors\/","title":{"rendered":"Djur och f\u00e5gelskr\u00e4mma med Ljud"},"content":{"rendered":"<p>Denna djur- och f\u00e5gelavskr\u00e4ckning med ljud- och r\u00f6relsedetektor kan vara till stor hj\u00e4lp f\u00f6r att jaga bort f\u00e5glar. Enheten skr\u00e4mmer f\u00e5glar med ett av de tre justerbara ljuden: rovf\u00e5gelskrik, hundskall eller skottljud. Avskr\u00e4ckaren \u00e4r \u00e4ven utrustad med blinkande ljus.<\/p>\n<p>Enheten har ett P\u00c5- och AV-l\u00e4ge. N\u00e4r str\u00f6mbrytaren \u00e4r i l\u00e4ge P\u00c5 l\u00e5ter enheten under dagen och LED-lampan blinkar i m\u00f6rker. I OFF-l\u00e4ge g\u00f6r enheten ov\u00e4sen och blinkar med ljuset i 24 timmar.<\/p>\n<p>Den inbyggda r\u00f6relsedetektorn registrerar f\u00e5glar och djur i en vinkel p\u00e5 110\u00b0 och inom ett avst\u00e5nd av cirka 6-8 meter. I samma \u00f6gonblick som n\u00e5gon r\u00f6relse uppt\u00e4cks b\u00f6rjar ljuden spelas och lamporna b\u00f6rjar blinka och skr\u00e4mmer f\u00e5glarna.<\/p>\n<p>Volymen p\u00e5 avskr\u00e4ckningsmedlet kan justeras: den kan skruvas ner f\u00f6r bostadsomr\u00e5den eller upp f\u00f6r anv\u00e4ndning i st\u00f6rre tr\u00e4dg\u00e5rdar.<\/p>\n<p>De utbytbara batterierna inuti enheten laddas via solpanelen. Vid ogynnsamma v\u00e4derf\u00f6rh\u00e5llanden kan denna f\u00e5gelavskr\u00e4ckande enhet \u00e4ven laddas med en USB-kabel. Det \u00e4r ocks\u00e5 m\u00f6jligt att ta ut batterier fr\u00e5n enheten och ladda upp dem i en extern laddare (ing\u00e5r ej).<\/p>\n<p>Djur- och f\u00e5gelavskr\u00e4ckningen med ljud \u00e4r ett bra val f\u00f6r bostadsomr\u00e5den, tr\u00e4dg\u00e5rdar, g\u00e5rdar, frukttr\u00e4dg\u00e5rdar, dammar, balkonger och soph\u00e4mtningsomr\u00e5den. Den kan anv\u00e4ndas b\u00e5de inomhus och utomhus.<\/p>\n<p>Genom att v\u00e4xla enheten till ett annat ljud d\u00e5 och d\u00e5 kan du f\u00f6rhindra tillv\u00e4njningseffekten.<\/p>\n<p>STR\u00d6MF\u00d6RS\u00d6RJNING: Batterier: 1 x 18650 Li-Ion (Lithium-ion) uppladdningsbart batteri<br \/>\nIntegrerad solpanel 3,7V, 2000mA<\/p>\n<p>SPECIFIKATIONER:<\/p>\n<p>R\u00e4ckviddsr\u00f6relsedetektor: Upp till 6-8 meter \/ 110\u00b0<\/p>\n<p>Integrerad PIR-r\u00f6relsedetektor: Aktiverar enheten n\u00e4r f\u00e5glar eller andra o\u00f6nskade djur kommer n\u00e4ra.<\/p>\n<p>Aktiv efter uppt\u00e4ckt: 10-15 sekunder<\/p>\n<p>LED-lampor av h\u00f6g kvalitet: 3 st<\/p>\n<p>Aktiv i drift: Dag och natt<\/p>\n<p>IP-klassificering: IP 65<\/p>\n<p>&nbsp;<\/p>\n","protected":false},"excerpt":{"rendered":"<p>Detta djur- och f\u00e5gelavskr\u00e4ckande medel med ljud anv\u00e4nder buller och blinkande ljus f\u00f6r att skr\u00e4mma bort f\u00e5glar. Enheten \u00e4r utrustad med en r\u00f6relsesensor och avger olika ljud som skr\u00e4mmer bort f\u00e5glar.<\/p>\n<p>M\u00e5tt: 13 x 5,7 x 15 cm (med markspets: 13 x 5,7 x 38,7 cm)<\/p>\n<p>https:\/\/youtu.be\/9pZwSAzaT5Y<\/p>\n<p>&nbsp;<\/p>\n","protected":false},"featured_media":11457,"template":"","meta":{"_themeisle_gutenberg_block_has_review":false,"rank_math_focus_keyword":"F\u00e5gelavskr\u00e4ckande medel med ljud","rank_math_title":"Effektiv f\u00e5gelskr\u00e4mma med ljud | BIRD BUSTERS","rank_math_description":"Denna b\u00e4rbara ljudf\u00e5gelskr\u00e4mma skr\u00e4mmer bort o\u00f6nskade f\u00e5glar med hj\u00e4lp av olika ljudeffekter och f\u00e5gelrop. Klicka f\u00f6r att l\u00e4sa mer och handla! ","rank_math_canonical_url":"","rank_math_facebook_title":"","rank_math_facebook_description":"","rank_math_facebook_image":"","rank_math_twitter_title":"","rank_math_twitter_description":"","rank_math_twitter_image":"","rank_math_schema_FAQPage":[]},"product_brand":[],"product_cat":[186,148,147],"product_tag":[],"class_list":{"0":"post-11278","1":"product","2":"type-product","3":"status-publish","4":"has-post-thumbnail","6":"product_cat-djuravskrackare-och-mullvadsavskrackare-skydda-din-tradgard-pa-ett-naturligt-satt","7":"product_cat-fagelavskrackande-produkter","8":"product_cat-ljud-fagelskrammor","10":"first","11":"instock","12":"taxable","13":"shipping-taxable","14":"purchasable","15":"product-type-simple"},"_links":{"self":[{"href":"https:\/\/birdbusters.eu\/sv\/wp-json\/wp\/v2\/product\/11278","targetHints":{"allow":["GET"]}}],"collection":[{"href":"https:\/\/birdbusters.eu\/sv\/wp-json\/wp\/v2\/product"}],"about":[{"href":"https:\/\/birdbusters.eu\/sv\/wp-json\/wp\/v2\/types\/product"}],"wp:featuredmedia":[{"embeddable":true,"href":"https:\/\/birdbusters.eu\/sv\/wp-json\/wp\/v2\/media\/11457"}],"wp:attachment":[{"href":"https:\/\/birdbusters.eu\/sv\/wp-json\/wp\/v2\/media?parent=11278"}],"wp:term":[{"taxonomy":"product_brand","embeddable":true,"href":"https:\/\/birdbusters.eu\/sv\/wp-json\/wp\/v2\/product_brand?post=11278"},{"taxonomy":"product_cat","embeddable":true,"href":"https:\/\/birdbusters.eu\/sv\/wp-json\/wp\/v2\/product_cat?post=11278"},{"taxonomy":"product_tag","embeddable":true,"href":"https:\/\/birdbusters.eu\/sv\/wp-json\/wp\/v2\/product_tag?post=11278"}],"curies":[{"name":"wp","href":"https:\/\/api.w.org\/{rel}","templated":true}]}}