{"id":11280,"date":"2015-10-09T13:26:33","date_gmt":"2015-10-09T11:26:33","guid":{"rendered":"https:\/\/birdbusters.eu\/product\/sonic-fagelskramma-med-en-rorelsesensor-och-fjarrkontroll\/"},"modified":"2024-07-16T19:45:44","modified_gmt":"2024-07-16T17:45:44","slug":"garden-bird-guard-with-a-sensor-and-remote","status":"publish","type":"product","link":"https:\/\/birdbusters.eu\/sv\/produkt\/garden-bird-guard-with-a-sensor-and-remote\/","title":{"rendered":"Sonic f\u00e5gelskr\u00e4mma med en r\u00f6relsesensor och fj\u00e4rrkontroll"},"content":{"rendered":"<h1><span style=\"font-size: 12pt;\">Garden Guard med r\u00f6relsesensor \u00e4r l\u00e4mplig till tr\u00e4dg\u00e5rdar f\u00f6r att skr\u00e4mma djur och f\u00e5glar. <\/span><\/h1>\n<p class=\"p1\"><span class=\"s1\">Skr\u00e4m bort f\u00e5glarna ur tr\u00e4dg\u00e5rden, uteplatsen eller balkongen med Garden Guard 380. Ocks\u00e5 bra p\u00e5 att jaga bort o\u00f6nskade katter och hundar. Du kan ocks\u00e5 anv\u00e4nda denna Garden Guard 380 vid din damm f\u00f6r att h\u00e5lla h\u00e4grarna borta. Garden Guard 380 \u00e4r utrustad med blixtljus, ljud och\/eller ultraljud. N\u00e4r r\u00f6relsen ses av den inbyggda r\u00f6relsesensorn (r\u00e4ckvidd 10 meter) s\u00e4nder Garden Guard 380 ut ljudet och\/eller blixten som \u00e4r inst\u00e4lld. R\u00f6relsesensorn kan ocks\u00e5 st\u00e4ngas av,. N\u00e4r sensorn \u00e4r avst\u00e4ngd, ger Garden Guard 380 slumpm\u00e4ssiga ljud.<\/span><\/p>\n<p class=\"p1\"><span class=\"s1\">Enheten levereras inklusive adapter och fj\u00e4rrkontroll. Denna enhet kan arbeta med AC str\u00f6m eller batteri.<\/span><\/p>\n<p class=\"p1\"><span class=\"s1\">(Batteri ing\u00e5r ej)<\/span><\/p>\n<p>Dimensioner: 17 x 9 x 13 mm<\/p>\n<p><a href=\"https:\/\/youtu.be\/0YIwTXv0-24\" target=\"_blank\" rel=\"noopener\">Se vad ljud-Garden Gard g\u00f6r<\/a><\/p>\n<p><a href=\"https:\/\/birdbusters.eu\/wp-content\/uploads\/2022\/07\/380-Garden-Guard-EN.pdf\">Manual<\/a><\/p>\n<p>.<\/p>\n<p>&nbsp;<\/p>\n","protected":false},"excerpt":{"rendered":"<p>Garden Guard med r\u00f6relsesensor \u00e4r l\u00e4mplig till tr\u00e4dg\u00e5rdar f\u00f6r att skr\u00e4mma bort djur och f\u00e5glar.<\/p>\n<p>https:\/\/youtu.be\/dfJHtk4WCOo<\/p>\n<p>&nbsp;<\/p>\n","protected":false},"featured_media":12529,"template":"","meta":{"_themeisle_gutenberg_block_has_review":false,"rank_math_focus_keyword":"ljud-f\u00e5gelskr\u00e4mma","rank_math_title":"Effektiv ljud f\u00e5gelskr\u00e4mma | BIRD BUSTERS","rank_math_description":"Denna ljudf\u00e5gelskr\u00e4mma h\u00e5ller o\u00f6nskade f\u00e5glar borta fr\u00e5n din egendom genom att anv\u00e4nda olika ljudeffekter och f\u00e5gel-l\u00e4tenl. Klicka f\u00f6r att l\u00e4sa mer och handla! ","rank_math_canonical_url":"","rank_math_facebook_title":"","rank_math_facebook_description":"","rank_math_facebook_image":"","rank_math_twitter_title":"","rank_math_twitter_description":"","rank_math_twitter_image":"","rank_math_schema_FAQPage":[]},"product_brand":[],"product_cat":[186,148,147],"product_tag":[],"class_list":{"0":"post-11280","1":"product","2":"type-product","3":"status-publish","4":"has-post-thumbnail","6":"product_cat-djuravskrackare-och-mullvadsavskrackare-skydda-din-tradgard-pa-ett-naturligt-satt","7":"product_cat-fagelavskrackande-produkter","8":"product_cat-ljud-fagelskrammor","10":"first","11":"instock","12":"taxable","13":"shipping-taxable","14":"purchasable","15":"product-type-simple"},"_links":{"self":[{"href":"https:\/\/birdbusters.eu\/sv\/wp-json\/wp\/v2\/product\/11280","targetHints":{"allow":["GET"]}}],"collection":[{"href":"https:\/\/birdbusters.eu\/sv\/wp-json\/wp\/v2\/product"}],"about":[{"href":"https:\/\/birdbusters.eu\/sv\/wp-json\/wp\/v2\/types\/product"}],"wp:featuredmedia":[{"embeddable":true,"href":"https:\/\/birdbusters.eu\/sv\/wp-json\/wp\/v2\/media\/12529"}],"wp:attachment":[{"href":"https:\/\/birdbusters.eu\/sv\/wp-json\/wp\/v2\/media?parent=11280"}],"wp:term":[{"taxonomy":"product_brand","embeddable":true,"href":"https:\/\/birdbusters.eu\/sv\/wp-json\/wp\/v2\/product_brand?post=11280"},{"taxonomy":"product_cat","embeddable":true,"href":"https:\/\/birdbusters.eu\/sv\/wp-json\/wp\/v2\/product_cat?post=11280"},{"taxonomy":"product_tag","embeddable":true,"href":"https:\/\/birdbusters.eu\/sv\/wp-json\/wp\/v2\/product_tag?post=11280"}],"curies":[{"name":"wp","href":"https:\/\/api.w.org\/{rel}","templated":true}]}}