{"id":11281,"date":"2016-04-10T19:15:32","date_gmt":"2016-04-10T17:15:32","guid":{"rendered":"https:\/\/birdbusters.eu\/product\/falkimitation\/"},"modified":"2023-09-11T18:54:52","modified_gmt":"2023-09-11T16:54:52","slug":"bird-repellent-falcon","status":"publish","type":"product","link":"https:\/\/birdbusters.eu\/sv\/produkt\/bird-repellent-falcon\/","title":{"rendered":"Falkimitation"},"content":{"rendered":"<h1><span style=\"font-size: 12pt;\">Verklighetstrogen falkimitation.<\/span><\/h1>\n<p>De flesta mindre f\u00e5glar \u00e4r r\u00e4dda f\u00f6r falkar s\u00e5 figuren \u00e4r l\u00e4mplig f\u00f6r att <strong>skr\u00e4mma f\u00e5glar<\/strong> i tr\u00e4dg\u00e5rdar. <strong>B\u00e4st f\u00e5gelkontroll i tr\u00e4dg\u00e5rden.<\/strong><\/p>\n<p>Vi rekommenderar att du \u00e4ndrar placeringen av figuren regelbundet s\u00e5 att f\u00e5glar inte v\u00e4njer sig vid dess n\u00e4rvaro.<\/p>\n","protected":false},"excerpt":{"rendered":"<p>Livstids falkfigur f\u00f6r att <strong>skr\u00e4mma f\u00e5glar<\/strong> i tr\u00e4dg\u00e5rdar.<\/p>\n","protected":false},"featured_media":10159,"template":"","meta":{"_themeisle_gutenberg_block_has_review":false,"rank_math_focus_keyword":"falk imitation","rank_math_title":"Falk-imitation f\u00f6r effektiv f\u00e5gel-kontroll | BIRD BUSTERS","rank_math_description":"Denna r\u00e4vimitation \u00e4r en visuell f\u00e5gelskr\u00e4mma som h\u00e5ller o\u00f6nskade f\u00e5glar borta fr\u00e5n din egendom. Klicka f\u00f6r att l\u00e4sa mer och handla! ","rank_math_canonical_url":"","rank_math_facebook_title":"","rank_math_facebook_description":"","rank_math_facebook_image":"","rank_math_twitter_title":"","rank_math_twitter_description":"","rank_math_twitter_image":"","rank_math_schema_FAQPage":[]},"product_brand":[],"product_cat":[148,149],"product_tag":[],"class_list":{"0":"post-11281","1":"product","2":"type-product","3":"status-publish","4":"has-post-thumbnail","6":"product_cat-fagelavskrackande-produkter","7":"product_cat-visuella-fagelskrammor","9":"first","10":"instock","11":"taxable","12":"shipping-taxable","13":"purchasable","14":"product-type-simple"},"_links":{"self":[{"href":"https:\/\/birdbusters.eu\/sv\/wp-json\/wp\/v2\/product\/11281","targetHints":{"allow":["GET"]}}],"collection":[{"href":"https:\/\/birdbusters.eu\/sv\/wp-json\/wp\/v2\/product"}],"about":[{"href":"https:\/\/birdbusters.eu\/sv\/wp-json\/wp\/v2\/types\/product"}],"wp:featuredmedia":[{"embeddable":true,"href":"https:\/\/birdbusters.eu\/sv\/wp-json\/wp\/v2\/media\/10159"}],"wp:attachment":[{"href":"https:\/\/birdbusters.eu\/sv\/wp-json\/wp\/v2\/media?parent=11281"}],"wp:term":[{"taxonomy":"product_brand","embeddable":true,"href":"https:\/\/birdbusters.eu\/sv\/wp-json\/wp\/v2\/product_brand?post=11281"},{"taxonomy":"product_cat","embeddable":true,"href":"https:\/\/birdbusters.eu\/sv\/wp-json\/wp\/v2\/product_cat?post=11281"},{"taxonomy":"product_tag","embeddable":true,"href":"https:\/\/birdbusters.eu\/sv\/wp-json\/wp\/v2\/product_tag?post=11281"}],"curies":[{"name":"wp","href":"https:\/\/api.w.org\/{rel}","templated":true}]}}