{"id":11282,"date":"2016-06-13T12:40:29","date_gmt":"2016-06-13T10:40:29","guid":{"rendered":"https:\/\/birdbusters.eu\/product\/extern-talare-for-birdgard-pro\/"},"modified":"2023-09-11T18:55:55","modified_gmt":"2023-09-11T16:55:55","slug":"bird-gard-speaker","status":"publish","type":"product","link":"https:\/\/birdbusters.eu\/sv\/produkt\/bird-gard-speaker\/","title":{"rendered":"Extern talare f\u00f6r BirdGard Pro"},"content":{"rendered":"<h1><span style=\"font-size: 12pt;\">Ytterligare h\u00f6gtalare till Bird Gard. <\/span><\/h1>\n<p>L\u00e4ngden p\u00e5 sladden \u00e4r ca 30 meter.<\/p>\n<p>&nbsp;<\/p>\n","protected":false},"excerpt":{"rendered":"<p>Ytterligare h\u00f6gtalare till Bird Gard.<\/p>\n","protected":false},"featured_media":10091,"template":"","meta":{"_themeisle_gutenberg_block_has_review":false},"product_brand":[],"product_cat":[148,147],"product_tag":[],"class_list":{"0":"post-11282","1":"product","2":"type-product","3":"status-publish","4":"has-post-thumbnail","6":"product_cat-fagelavskrackande-produkter","7":"product_cat-ljud-fagelskrammor","9":"first","10":"onbackorder","11":"taxable","12":"shipping-taxable","13":"purchasable","14":"product-type-simple"},"_links":{"self":[{"href":"https:\/\/birdbusters.eu\/sv\/wp-json\/wp\/v2\/product\/11282","targetHints":{"allow":["GET"]}}],"collection":[{"href":"https:\/\/birdbusters.eu\/sv\/wp-json\/wp\/v2\/product"}],"about":[{"href":"https:\/\/birdbusters.eu\/sv\/wp-json\/wp\/v2\/types\/product"}],"wp:featuredmedia":[{"embeddable":true,"href":"https:\/\/birdbusters.eu\/sv\/wp-json\/wp\/v2\/media\/10091"}],"wp:attachment":[{"href":"https:\/\/birdbusters.eu\/sv\/wp-json\/wp\/v2\/media?parent=11282"}],"wp:term":[{"taxonomy":"product_brand","embeddable":true,"href":"https:\/\/birdbusters.eu\/sv\/wp-json\/wp\/v2\/product_brand?post=11282"},{"taxonomy":"product_cat","embeddable":true,"href":"https:\/\/birdbusters.eu\/sv\/wp-json\/wp\/v2\/product_cat?post=11282"},{"taxonomy":"product_tag","embeddable":true,"href":"https:\/\/birdbusters.eu\/sv\/wp-json\/wp\/v2\/product_tag?post=11282"}],"curies":[{"name":"wp","href":"https:\/\/api.w.org\/{rel}","templated":true}]}}