{"id":11283,"date":"2016-04-10T19:31:52","date_gmt":"2016-04-10T17:31:52","guid":{"rendered":"https:\/\/birdbusters.eu\/product\/12v-batteri\/"},"modified":"2023-09-11T18:54:52","modified_gmt":"2023-09-11T16:54:52","slug":"12v-batteri","status":"publish","type":"product","link":"https:\/\/birdbusters.eu\/sv\/produkt\/12v-batteri\/","title":{"rendered":"12V batteri"},"content":{"rendered":"<p>12V 9Ah batteriet \u00e4r l\u00e4mpligt f\u00f6r <a href=\"https:\/\/birdbusters.eu\/product\/bird-propane-cannon\/\">gaskanon.<\/a><\/p>\n<p>&nbsp;<\/p>\n<p>&nbsp;<\/p>\n","protected":false},"excerpt":{"rendered":"<p>12V 9Ah batteriet \u00e4r l\u00e4mpligt f\u00f6r b\u00e5de <a href=\"https:\/\/birdbusters.eu\/product\/bird-propane-cannon\/\">gaspistol<\/a> och f\u00e5gel och djurskr\u00e4mmare<a href=\"https:\/\/birdbusters.eu\/product\/scare-man\/\">Scare Man<\/a>.<\/p>\n","protected":false},"featured_media":10161,"template":"","meta":{"_themeisle_gutenberg_block_has_review":false},"product_brand":[],"product_cat":[145,143],"product_tag":[],"class_list":{"0":"post-11283","1":"product","2":"type-product","3":"status-publish","4":"has-post-thumbnail","6":"product_cat-fagel-ljudkanoner","7":"product_cat-fagelavvisande-produkter","9":"first","10":"instock","11":"taxable","12":"shipping-taxable","13":"purchasable","14":"product-type-simple"},"_links":{"self":[{"href":"https:\/\/birdbusters.eu\/sv\/wp-json\/wp\/v2\/product\/11283","targetHints":{"allow":["GET"]}}],"collection":[{"href":"https:\/\/birdbusters.eu\/sv\/wp-json\/wp\/v2\/product"}],"about":[{"href":"https:\/\/birdbusters.eu\/sv\/wp-json\/wp\/v2\/types\/product"}],"wp:featuredmedia":[{"embeddable":true,"href":"https:\/\/birdbusters.eu\/sv\/wp-json\/wp\/v2\/media\/10161"}],"wp:attachment":[{"href":"https:\/\/birdbusters.eu\/sv\/wp-json\/wp\/v2\/media?parent=11283"}],"wp:term":[{"taxonomy":"product_brand","embeddable":true,"href":"https:\/\/birdbusters.eu\/sv\/wp-json\/wp\/v2\/product_brand?post=11283"},{"taxonomy":"product_cat","embeddable":true,"href":"https:\/\/birdbusters.eu\/sv\/wp-json\/wp\/v2\/product_cat?post=11283"},{"taxonomy":"product_tag","embeddable":true,"href":"https:\/\/birdbusters.eu\/sv\/wp-json\/wp\/v2\/product_tag?post=11283"}],"curies":[{"name":"wp","href":"https:\/\/api.w.org\/{rel}","templated":true}]}}