{"id":11301,"date":"2021-12-05T17:18:43","date_gmt":"2021-12-05T16:18:43","guid":{"rendered":"https:\/\/birdbusters.eu\/product\/5-meter-orndrake\/"},"modified":"2025-10-31T11:26:04","modified_gmt":"2025-10-31T10:26:04","slug":"5-meter-orndrake","status":"publish","type":"product","link":"https:\/\/birdbusters.eu\/sv\/produkt\/5-meter-orndrake\/","title":{"rendered":"5 meter \u00f6rndrake"},"content":{"rendered":"<p>Detta \u00e4r en \u00f6rnformad drake som h\u00e5ller b\u00e5de sm\u00e5 och stora f\u00e5glar borta. \u00d6rndraken \u00e4r tillverkad av tjockare material och alla kanter \u00e4r f\u00e5llade f\u00f6r att t\u00e5la kraftiga vindar. D\u00e4rf\u00f6r \u00e4r den s\u00e4rskilt l\u00e4mplig f\u00f6r att skydda tak mot duvor, m\u00e5sar och kr\u00e5kor.<\/p>\n<p><strong>Skyddsomr\u00e5den: <\/strong>tak, torg, soptippar, parker, tr\u00e4dg\u00e5rdar, frukttr\u00e4dg\u00e5rdar, planteringar<\/p>\n<p><strong>Hur det fungerar:<\/strong> en \u00f6rnformad f\u00e5gelskr\u00e4mma p\u00e5 en stark 5 meter l\u00e5ng teleskopst\u00e5ng r\u00f6r sig i vinden och imiterar en \u00f6rn som cirklar \u00f6ver sitt byte.<\/p>\n<p><strong>T\u00e4nk p\u00e5 <\/strong>att du b\u00f6r kontrollera draken ofta och se till att den inte sveper sig runt sp\u00f6et och fastnar. F\u00f6r att f\u00f6rhindra att st\u00e5ngen lossnar m\u00e5ste varje l\u00e4nk dras is\u00e4r och l\u00e4nkarna v\u00e4ndas \u00e5t motsatt h\u00e5ll f\u00f6r att fixeras.<\/p>\n<p>Setet inneh\u00e5ller en stav, en teleskopst\u00e5ng och en drake med en str\u00e4ng. Tejp, band eller kl\u00e4mma kr\u00e4vs f\u00f6r att f\u00e4sta draken p\u00e5 en takstruktur.<\/p>\n<p>F\u00e5gelskr\u00e4mmardrake <a href=\"https:\/\/birdbusters.eu\/wp-content\/uploads\/2019\/03\/BB-Manual-DEMO.pdf\">manual<\/a><\/p>\n<p><strong>OBS!<\/strong> Det \u00e4r l\u00e4mpligt att ta ner produkten innan starka stormar eftersom den kan bli skadad.<\/p>\n","protected":false},"excerpt":{"rendered":"<p>M\u00e5sar och duvor kan vara en stor ol\u00e4genhet i t\u00e4torter. Deras bon och matavfall kan t\u00e4ppa till regnr\u00e4nnor, F\u00e5glar som skyddar sina ungar kan bli farliga f\u00f6r m\u00e4nniskor och dess f\u00f6roreningar skadar m\u00e4nniskors h\u00e4lsa och egendom.<\/p>\n","protected":false},"featured_media":13490,"template":"","meta":{"_themeisle_gutenberg_block_has_review":false},"product_brand":[],"product_cat":[148,150],"product_tag":[],"class_list":{"0":"post-11301","1":"product","2":"type-product","3":"status-publish","4":"has-post-thumbnail","6":"product_cat-fagelavskrackande-produkter","7":"product_cat-fageldrakar","8":"product_shipping_class-bud-upphamtningsplats","10":"first","11":"instock","12":"sale","13":"taxable","14":"shipping-taxable","15":"purchasable","16":"product-type-simple"},"_links":{"self":[{"href":"https:\/\/birdbusters.eu\/sv\/wp-json\/wp\/v2\/product\/11301","targetHints":{"allow":["GET"]}}],"collection":[{"href":"https:\/\/birdbusters.eu\/sv\/wp-json\/wp\/v2\/product"}],"about":[{"href":"https:\/\/birdbusters.eu\/sv\/wp-json\/wp\/v2\/types\/product"}],"wp:featuredmedia":[{"embeddable":true,"href":"https:\/\/birdbusters.eu\/sv\/wp-json\/wp\/v2\/media\/13490"}],"wp:attachment":[{"href":"https:\/\/birdbusters.eu\/sv\/wp-json\/wp\/v2\/media?parent=11301"}],"wp:term":[{"taxonomy":"product_brand","embeddable":true,"href":"https:\/\/birdbusters.eu\/sv\/wp-json\/wp\/v2\/product_brand?post=11301"},{"taxonomy":"product_cat","embeddable":true,"href":"https:\/\/birdbusters.eu\/sv\/wp-json\/wp\/v2\/product_cat?post=11301"},{"taxonomy":"product_tag","embeddable":true,"href":"https:\/\/birdbusters.eu\/sv\/wp-json\/wp\/v2\/product_tag?post=11301"}],"curies":[{"name":"wp","href":"https:\/\/api.w.org\/{rel}","templated":true}]}}