{"id":11745,"date":"2023-12-11T11:36:04","date_gmt":"2023-12-11T10:36:04","guid":{"rendered":"https:\/\/birdbusters.eu\/product\/laser-bird-deterrent-for-indoor-and-outdoor-use-with-timer-remote-control\/"},"modified":"2025-11-02T13:49:37","modified_gmt":"2025-11-02T12:49:37","slug":"kraftig-laserfagelskramma-for-inomhus-och-utomhusbruk","status":"publish","type":"product","link":"https:\/\/birdbusters.eu\/sv\/produkt\/kraftig-laserfagelskramma-for-inomhus-och-utomhusbruk\/","title":{"rendered":"Kraftig laserf\u00e5gelskr\u00e4mma f\u00f6r inomhus- och utomhusbruk"},"content":{"rendered":"<p>Laserf\u00e5gelskr\u00e4mman kan sl\u00e5s p\u00e5 och av direkt p\u00e5 enheten eller med hj\u00e4lp av en fj\u00e4rrkontroll. Fj\u00e4rrkontrollen har tv\u00e5 funktioner:<\/p>\n<ul>\n<li>sl\u00e5 p\u00e5 och av<\/li>\n<li>timer (2, 4, 6 eller 8 timmar)<\/li>\n<\/ul>\n<p>Skyddsomr\u00e5den: byggnader, hangarer, tr\u00e4dg\u00e5rdar, f\u00e4lt<\/p>\n<div style=\"width: 640px;\" class=\"wp-video\"><video class=\"wp-video-shortcode\" id=\"video-11745-1\" width=\"640\" height=\"360\" preload=\"metadata\" controls=\"controls\"><source type=\"video\/mp4\" src=\"https:\/\/birdbusters.eu\/wp-content\/uploads\/2025\/10\/1-watt-laser-animal-repeller.mp4?_=1\" \/><a href=\"https:\/\/birdbusters.eu\/wp-content\/uploads\/2025\/10\/1-watt-laser-animal-repeller.mp4\">https:\/\/birdbusters.eu\/wp-content\/uploads\/2025\/10\/1-watt-laser-animal-repeller.mp4<\/a><\/video><\/div>\n<h2 class=\"text-xl font-bold text-text-100 mt-1 -mb-0.5\">Avancerad Laserf\u00e5gelavskr\u00e4ckare \u2013 Tekniska Specifikationer och Prestanda<\/h2>\n<p class=\"whitespace-normal break-words\">F\u00e5gellasern \u00e4r fr\u00e4mst utformad f\u00f6r anv\u00e4ndning under f\u00f6rh\u00e5llanden med l\u00e5g ljusintensitet men kan \u00e4ven anv\u00e4ndas under dagsljus. Den \u00e4r l\u00e4mplig f\u00f6r alla omr\u00e5den som beh\u00f6ver skydd mot f\u00e5gelintr\u00e5ng.<\/p>\n<p class=\"whitespace-normal break-words\">Den rumsliga t\u00e4ckningen av laserenheten beror p\u00e5 milj\u00f6n: i m\u00f6rker \u00e4r laserstr\u00e5len mer synlig \u00e4n i starkt ljus; i relativt \u00f6ppna omr\u00e5den \u00e4r den mer synlig \u00e4n p\u00e5 platser d\u00e4r m\u00e5nga tr\u00e4d eller buskar blockerar str\u00e5larna.<\/p>\n<p class=\"whitespace-normal break-words\">F\u00e5gellasern har kraftfulla 1000 milliwatt (mW) gr\u00f6na str\u00e5lar. Str\u00e5larna genererar flera m\u00f6nster som f\u00f6rekommer i slumpm\u00e4ssiga sekvenser. Bird-X Laser \u00e4r programmerad att fungera i 5 minuter och sedan pausa i 5 minuter.<\/p>\n<p class=\"whitespace-normal break-words\">F\u00f6r att f\u00f6rl\u00e4nga enhetens livsl\u00e4ngd, l\u00e5t enheten svalna i 30 minuter efter 6-8 timmars drift.<\/p>\n<p class=\"whitespace-normal break-words\">Laserstr\u00e5len har en maximal r\u00e4ckvidd p\u00e5 300 meter, en effektiv r\u00e4ckvidd p\u00e5 100 meter och maximal t\u00e4ckning p\u00e5 cirka 180-200 m\u00b2. Lasern ger enriktad t\u00e4ckning med en spridningsvinkel p\u00e5 upp till 30 grader p\u00e5 b\u00e5da sidor fr\u00e5n mitten (totalt 60 grader). Beroende p\u00e5 placering ger en andra enhet \u00f6kad synergistisk t\u00e4ckning, och d\u00e4rf\u00f6r rekommenderas flera enheter.<\/p>\n<p class=\"whitespace-normal break-words\">Enhetens drift kan styras p\u00e5 olika s\u00e4tt: direkt eller fj\u00e4rrkontroll. Fj\u00e4rrkontrollen kan anv\u00e4ndas f\u00f6r att sl\u00e5 p\u00e5 och av den och \u00e4ven f\u00f6r att driva den under specifika varaktigheter (2, 4, 6 eller 8 timmar). Fj\u00e4rrkontrollens effektiva mottagningsavst\u00e5nd \u00e4r cirka 20 meter.<\/p>\n<h2 class=\"text-xl font-bold text-text-100 mt-1 -mb-0.5\">Viktiga F\u00f6rdelar med Laserf\u00e5gelkontroll<\/h2>\n<p class=\"whitespace-normal break-words\">Laserns fr\u00e4msta f\u00f6rdel \u00e4r att den ger en tyst och effektiv l\u00f6sning f\u00f6r att skr\u00e4mma bort f\u00e5glar. Dessutom \u00e4r lasern helt tyst, s\u00e5 den st\u00f6r inte n\u00e4rliggande m\u00e4nniskor.<\/p>\n<p class=\"whitespace-normal break-words\">Eftersom flyktresponsen utl\u00f6ses av f\u00e5gelns \u00f6verlevnadsinstinkt, finns det, till skillnad fr\u00e5n de flesta andra avskr\u00e4ckningsmetoder, ingen vaneeffekt. Med konsekvent anv\u00e4ndning av lasern kommer f\u00e5glar s\u00e5 sm\u00e5ningom att klassificera omr\u00e5det som f\u00f6r os\u00e4kert och inte \u00e5terv\u00e4nda.<\/p>\n<p class=\"whitespace-normal break-words\">Laserf\u00e5gelavskr\u00e4ckaren \u00e4r tillf\u00f6rlitlig mot m\u00e5nga f\u00e5gelarter. Till exempel h\u00e5lls duvor, svalor, sparvar, starar och andra sm\u00e5f\u00e5glar borta genom laserteknologi.<\/p>\n<h2 class=\"text-xl font-bold text-text-100 mt-1 -mb-0.5\">Vanliga Fr\u00e5gor<\/h2>\n<h3 class=\"text-lg font-bold text-text-100 mt-1 -mb-1.5\">Vilka f\u00e5gelarter kan f\u00e5gellasern avvisa?<\/h3>\n<p class=\"whitespace-normal break-words\">Laserf\u00e5gelavskr\u00e4ckaren \u00e4r tillf\u00f6rlitlig mot m\u00e5nga f\u00e5gelarter. Till exempel h\u00e5lls duvor, svalor, sparvar, starar och andra sm\u00e5f\u00e5glar borta genom laserteknologi.<\/p>\n<h3 class=\"text-lg font-bold text-text-100 mt-1 -mb-1.5\">Hur fungerar f\u00e5gellasern?<\/h3>\n<p class=\"whitespace-normal break-words\">Enheten ger fullautomatisk avskr\u00e4ckning och driver bort f\u00e5glar med en r\u00f6rlig laserstr\u00e5le. F\u00e5glar uppfattar laserstr\u00e5len som ett n\u00e4rmande fysiskt hot och flyr fr\u00e5n den upplevda faran.<\/p>\n<h3 class=\"text-lg font-bold text-text-100 mt-1 -mb-1.5\">\u00c4r denna f\u00e5gellaser effektiv mot f\u00e5glar?<\/h3>\n<p class=\"whitespace-normal break-words\">Ja, utan tvekan! Det \u00e4r ostridigt att f\u00e5gellasern effektivt f\u00f6rhindrar m\u00e5nga typer av f\u00e5glar fr\u00e5n att bes\u00f6ka vissa omr\u00e5den. F\u00e5glar uppfattar den n\u00e4rmande laserstr\u00e5len som ett fysiskt hot. Detta utl\u00f6ser den \u00f6nskade flyktreflexen.<\/p>\n<p class=\"whitespace-normal break-words\">Med konsekvent anv\u00e4ndning av lasern kommer f\u00e5glar s\u00e5 sm\u00e5ningom att klassificera omr\u00e5det som os\u00e4kert och inte \u00e5terv\u00e4nda.<\/p>\n<h3 class=\"text-lg font-bold text-text-100 mt-1 -mb-1.5\">Kan f\u00e5glar v\u00e4nja sig vid en laserenhet?<\/h3>\n<p class=\"whitespace-normal break-words\">Eftersom f\u00e5glar inte kan f\u00f6ruts\u00e4ga laserstr\u00e5len v\u00e4g i f\u00f6rv\u00e4g, finns det, till skillnad fr\u00e5n de flesta andra avskr\u00e4ckningsmetoder, ingen vaneeffekt. Effektiviteten f\u00f6rblir d\u00e4rf\u00f6r konsekvent \u00f6ver tid.<\/p>\n<h3 class=\"text-lg font-bold text-text-100 mt-1 -mb-1.5\">Hur effektiv \u00e4r denna laserf\u00e5gelavskr\u00e4ckare j\u00e4mf\u00f6rt med andra avskr\u00e4cknings\u00e5tg\u00e4rder?<\/h3>\n<p class=\"whitespace-normal break-words\">Som en optisk f\u00e5gelkontrollmetod har laserf\u00e5gelavskr\u00e4ckaren visat sig vara mycket effektiv mot f\u00e5glar.<\/p>\n<p class=\"whitespace-normal break-words\">J\u00e4mf\u00f6rt med andra avskr\u00e4cknings\u00e5tg\u00e4rder p\u00e5verkar anv\u00e4ndningen av lasern inte milj\u00f6n p\u00e5 n\u00e5got s\u00e4tt. Enheten driver bort f\u00e5glar fr\u00e5n stora omr\u00e5den och \u00e4r helt tyst.<\/p>\n<p class=\"whitespace-normal break-words\">Dessutom \u00e4r enheten ofarlig f\u00f6r f\u00e5glar.<\/p>\n<h3 class=\"text-lg font-bold text-text-100 mt-1 -mb-1.5\">Varf\u00f6r \u00e4r laserstr\u00e5len gr\u00f6n?<\/h3>\n<p class=\"whitespace-normal break-words\">Gr\u00f6nt \u00e4r f\u00e4rgen som fungerar b\u00e4st f\u00f6r att avskr\u00e4cka f\u00e5glar. Den sticker ut v\u00e4l p\u00e5 de flesta ytor och \u00e4r tydligt synlig f\u00f6r f\u00e5glar.<\/p>\n<h3 class=\"text-lg font-bold text-text-100 mt-1 -mb-1.5\">Hur best\u00e4ller jag?<\/h3>\n<p class=\"whitespace-normal break-words\">L\u00e4gg till artikeln i din varukorg. Om du vill \u00e4ndra kvantitet eller ta bort en artikel kan du g\u00f6ra det nu. Om varukorgens inneh\u00e5ll \u00e4r korrekt, ange all n\u00f6dv\u00e4ndig information noggrant och v\u00e4lj din betalningsmetod. N\u00e4r best\u00e4llningen \u00e4r lyckad kommer du att f\u00e5 en bekr\u00e4ftelse via e-post fr\u00e5n oss.<\/p>\n<h2 class=\"text-xl font-bold text-text-100 mt-1 -mb-0.5\">Om Bird Busters<\/h2>\n<p class=\"whitespace-normal break-words\">Om du har problem med o\u00f6nskade f\u00e5glar, kontakta experterna p\u00e5 Bird Busters. Vi erbjuder en rad milj\u00f6v\u00e4nliga produkter som l\u00f6ser dina skadedjursproblem och tillfredsst\u00e4ller alla.<\/p>\n<p class=\"whitespace-normal break-words\">V\u00e5rt uppdrag \u00e4r att hj\u00e4lpa m\u00e4nniskor att skydda sina tr\u00e4dg\u00e5rdar, balkonger, frukttr\u00e4d och v\u00e4xter fr\u00e5n f\u00e5glar. G\u00f6r dig bekv\u00e4m och samla nya id\u00e9er!<\/p>\n<p class=\"whitespace-normal break-words\">\n","protected":false},"excerpt":{"rendered":"<p>F\u00f6r att h\u00e5lla f\u00e5glar borta fr\u00e5n gr\u00f6dor eller livsmedelslager b\u00f6r n\u00e5got som de inte kan st\u00e5 ut med anv\u00e4ndas f\u00f6r att avv\u00e4rja dem. Denna f\u00e5gelskr\u00e4mmande laser \u00e4r utformad f\u00f6r att avskr\u00e4cka duvor, sparvar, svalor och andra f\u00e5glar.<\/p>\n","protected":false},"featured_media":11746,"template":"","meta":{"_themeisle_gutenberg_block_has_review":false},"product_brand":[],"product_cat":[143,151],"product_tag":[],"class_list":{"0":"post-11745","1":"product","2":"type-product","3":"status-publish","4":"has-post-thumbnail","6":"product_cat-fagelavvisande-produkter","7":"product_cat-laser-fagelskrammare","9":"first","10":"onbackorder","11":"taxable","12":"shipping-taxable","13":"purchasable","14":"product-type-simple"},"_links":{"self":[{"href":"https:\/\/birdbusters.eu\/sv\/wp-json\/wp\/v2\/product\/11745","targetHints":{"allow":["GET"]}}],"collection":[{"href":"https:\/\/birdbusters.eu\/sv\/wp-json\/wp\/v2\/product"}],"about":[{"href":"https:\/\/birdbusters.eu\/sv\/wp-json\/wp\/v2\/types\/product"}],"wp:featuredmedia":[{"embeddable":true,"href":"https:\/\/birdbusters.eu\/sv\/wp-json\/wp\/v2\/media\/11746"}],"wp:attachment":[{"href":"https:\/\/birdbusters.eu\/sv\/wp-json\/wp\/v2\/media?parent=11745"}],"wp:term":[{"taxonomy":"product_brand","embeddable":true,"href":"https:\/\/birdbusters.eu\/sv\/wp-json\/wp\/v2\/product_brand?post=11745"},{"taxonomy":"product_cat","embeddable":true,"href":"https:\/\/birdbusters.eu\/sv\/wp-json\/wp\/v2\/product_cat?post=11745"},{"taxonomy":"product_tag","embeddable":true,"href":"https:\/\/birdbusters.eu\/sv\/wp-json\/wp\/v2\/product_tag?post=11745"}],"curies":[{"name":"wp","href":"https:\/\/api.w.org\/{rel}","templated":true}]}}