{"id":11865,"date":"2023-11-22T17:12:02","date_gmt":"2024-02-12T11:19:26","guid":{"rendered":"https:\/\/birdbusters.eu\/?post_type=product&#038;p=11865"},"modified":"2025-10-31T13:25:21","modified_gmt":"2025-10-31T12:25:21","slug":"automatisk-laser-mot-faglar","status":"publish","type":"product","link":"https:\/\/birdbusters.eu\/sv\/produkt\/automatisk-laser-mot-faglar\/","title":{"rendered":"Automatisk laser mot f\u00e5glar"},"content":{"rendered":"<p>Den helautomatiska f\u00e5gellasern \u00e4r den mest effektiva laseranordningen n\u00e4r det g\u00e4ller att bek\u00e4mpa skadedjursf\u00e5glar. Laserns str\u00e5lar r\u00f6r sig fram och tillbaka upp till 350 grader horisontellt och upp till 60 grader vertikalt. F\u00e5glar uppfattar laserstr\u00e5len som en annalkande fysisk fara och flyr fr\u00e5n fienden.<\/p>\n<p>Anordningen \u00e4r s\u00e4rskilt anv\u00e4ndbar inom jordbruk och tr\u00e4dg\u00e5rdsodling mot g\u00e4ss, ankor och kr\u00e5kor. I frukttr\u00e4dg\u00e5rdar \u00e4r det effektivt mot duvor, korvider och mesar. P\u00e5 flerbostadshus st\u00f6ter den tillbaka m\u00e5sar, duvor och kr\u00e5kor. Men om duvor redan har gjort anspr\u00e5k p\u00e5 omr\u00e5det som sin h\u00e4cknings- eller utfodringsplats, kommer lasern inte att jaga bort dem.<\/p>\n<p>Denna speciella modell \u00e4r fr\u00e4mst designad f\u00f6r utomhusbruk i svagt ljus. Det \u00e4r mest effektivt i molnigt, regnigt eller dimmigt v\u00e4der och p\u00e5 morgonen och kv\u00e4llarna n\u00e4r f\u00e5glarna \u00e4r som mest aktiva. R\u00e4ckvidden under molnig himmel \u00e4r upp till 2 kilometer (1 mile).<\/p>\n<p>I starkt solljus \u00e4r laserstr\u00e5len inte tydligt synlig och d\u00e4rf\u00f6r \u00e4r enheten inte lika effektiv som i svagt ljus.<\/p>\n<p>Lasern \u00e4r helt tyst, s\u00e5 den st\u00f6r inte m\u00e4nniskor i n\u00e4rheten. Den \u00e4r ocks\u00e5 v\u00e4derbest\u00e4ndig (IP66) och fungerar i temperaturer fr\u00e5n -15 till 30 \u2103.<\/p>\n<p>Eftersom flygreaktionen utl\u00f6ses av f\u00e5gelns \u00f6verlevnadsinstinkt och laserstr\u00e5larnas r\u00f6relse \u00e4r of\u00f6ruts\u00e4gbar, finns det ingen tillv\u00e4njningseffekt. Om lasern anv\u00e4nds konsekvent kommer f\u00e5glarna att b\u00f6rja undvika omr\u00e5det helt och h\u00e5llet.<\/p>\n<p>Den automatiska f\u00e5gellasern \u00e4r mycket enkel att st\u00e4lla in. Du kan st\u00e4lla in r\u00e4ckvidden genom att anv\u00e4nda tryckknapparna och enheten \u00e4r redo att anv\u00e4ndas p\u00e5 bara n\u00e5gra minuter. Fungerar antingen p\u00e5 12V batteri eller kan alternativt drivas av en solpanel (\u00e4ven under vinterm\u00e5naderna). Andra tillbeh\u00f6r inkluderar en vattent\u00e4t adapter f\u00f6r att ansluta lasern till eln\u00e4tet.<\/p>\n<p>OBS! Den automatiska f\u00e5gellasern transporteras och levereras p\u00e5 pall!<\/p>\n","protected":false},"excerpt":{"rendered":"<p>Kraftfull och effektiv automatisk f\u00e5gellaser \u00e4r en helautomatisk anordning som st\u00f6ter bort f\u00e5glar p\u00e5 l\u00e5nga avst\u00e5nd med horisontella och vertikala laserstr\u00e5lar. S\u00e4rskilt effektiv i omr\u00e5den d\u00e4r den horisontella str\u00e5len ensam inte r\u00e4cker. Det \u00e4r mycket effektivt i frukttr\u00e4dg\u00e5rdar, ving\u00e5rdar och \u00e4ven f\u00f6r att skydda tak d\u00e4r byggnader \u00e4r av olika h\u00f6jd.<\/p>\n<p>M\u00e5tt: 46 x 46 x 70<\/p>\n<p>Vikt: 22 kg<\/p>\n","protected":false},"featured_media":11866,"template":"","meta":{"_themeisle_gutenberg_block_has_review":false},"product_brand":[],"product_cat":[143,151],"product_tag":[],"class_list":{"0":"post-11865","1":"product","2":"type-product","3":"status-publish","4":"has-post-thumbnail","6":"product_cat-fagelavvisande-produkter","7":"product_cat-laser-fagelskrammare","9":"first","10":"onbackorder","11":"taxable","12":"shipping-taxable","13":"purchasable","14":"product-type-simple"},"_links":{"self":[{"href":"https:\/\/birdbusters.eu\/sv\/wp-json\/wp\/v2\/product\/11865","targetHints":{"allow":["GET"]}}],"collection":[{"href":"https:\/\/birdbusters.eu\/sv\/wp-json\/wp\/v2\/product"}],"about":[{"href":"https:\/\/birdbusters.eu\/sv\/wp-json\/wp\/v2\/types\/product"}],"wp:featuredmedia":[{"embeddable":true,"href":"https:\/\/birdbusters.eu\/sv\/wp-json\/wp\/v2\/media\/11866"}],"wp:attachment":[{"href":"https:\/\/birdbusters.eu\/sv\/wp-json\/wp\/v2\/media?parent=11865"}],"wp:term":[{"taxonomy":"product_brand","embeddable":true,"href":"https:\/\/birdbusters.eu\/sv\/wp-json\/wp\/v2\/product_brand?post=11865"},{"taxonomy":"product_cat","embeddable":true,"href":"https:\/\/birdbusters.eu\/sv\/wp-json\/wp\/v2\/product_cat?post=11865"},{"taxonomy":"product_tag","embeddable":true,"href":"https:\/\/birdbusters.eu\/sv\/wp-json\/wp\/v2\/product_tag?post=11865"}],"curies":[{"name":"wp","href":"https:\/\/api.w.org\/{rel}","templated":true}]}}