{"id":11962,"date":"2023-12-11T11:57:17","date_gmt":"2023-12-11T10:57:17","guid":{"rendered":"https:\/\/birdbusters.eu\/?post_type=product&#038;p=11962"},"modified":"2025-10-31T10:59:49","modified_gmt":"2025-10-31T09:59:49","slug":"roterande-fagelskramlaser-for-inom-och-utomhusbruk","status":"publish","type":"product","link":"https:\/\/birdbusters.eu\/sv\/produkt\/roterande-fagelskramlaser-for-inom-och-utomhusbruk\/","title":{"rendered":"Roterande f\u00e5gelskr\u00e4mlaser f\u00f6r inom- och utomhusbruk"},"content":{"rendered":"<p>Lasern kan sl\u00e5s p\u00e5 och av direkt eller med hj\u00e4lp av en fj\u00e4rrkontroll. Fj\u00e4rrkontrollen har tv\u00e5 funktioner:<\/p>\n<p>sl\u00e5 p\u00e5 och av<br \/>\ntimer (2, 4, 6 eller 8 timmar)<br \/>\nSkyddsomr\u00e5den: byggnader, hangarer, tr\u00e4dg\u00e5rdar, \u00e5krar<br \/>\n<div style=\"width: 640px;\" class=\"wp-video\"><video class=\"wp-video-shortcode\" id=\"video-11962-1\" width=\"640\" height=\"360\" preload=\"metadata\" controls=\"controls\"><source type=\"video\/mp4\" src=\"https:\/\/birdbusters.eu\/wp-content\/uploads\/2023\/12\/2023-Bird-laser-control.mp4?_=1\" \/><a href=\"https:\/\/birdbusters.eu\/wp-content\/uploads\/2023\/12\/2023-Bird-laser-control.mp4\">https:\/\/birdbusters.eu\/wp-content\/uploads\/2023\/12\/2023-Bird-laser-control.mp4<\/a><\/video><\/div><\/p>\n<p>Lasern har starka 1000 millimeter (mW) str\u00e5lar i gr\u00f6n f\u00e4rg. Str\u00e5larna skapar olika m\u00f6nster som uppst\u00e5r i slumpm\u00e4ssig ordning. Bird-X Laser \u00e4r f\u00f6rprogrammerad f\u00f6r att f\u00f6rhindra att skadedjur anpassar sig till den st\u00e4ndiga st\u00f6rningen. Den best\u00e5r av en P\u00c5\/AV-cykel, en 5 minuters laserstr\u00e5levisningscykel f\u00f6ljt av en 5 minuters paus. Denna cykel bibeh\u00e5lls medan Bird-X-lasern arbetar.<\/p>\n<p>F\u00f6r att f\u00f6rl\u00e4nga enhetens livsl\u00e4ngd, l\u00e5t enheten svalna i 30 minuter efter 6-8 timmars drift.<\/p>\n<p>Laserns effektiva r\u00e4ckvidd beror p\u00e5 milj\u00f6n: den \u00e4r mer synlig i m\u00f6rker \u00e4n i ljus, mer synlig p\u00e5 ett relativt \u00f6ppet omr\u00e5de \u00e4n p\u00e5 en plats d\u00e4r det finns m\u00e5nga buskar eller tr\u00e4d som blockerar str\u00e5larna, och s\u00e5 vidare. Maximal r\u00e4ckvidd f\u00f6r denna laserstr\u00e5le i m\u00f6rker \u00e4r 300 meter, effektivt avst\u00e5nd 100m, maximal t\u00e4ckning \u00e4r cirka 400 m2. T\u00e4ckningen \u00e4r i form av en t\u00e5rtskiva, med en maximal spridning p\u00e5 30 grader fr\u00e5n mitten till varje sida (60 grader totalt). Enhetens roterande r\u00f6relse m\u00f6jligg\u00f6r en laserstr\u00e5let\u00e4ckning p\u00e5 120 grader. Beroende p\u00e5 placeringen skulle en andra enhet erbjuda st\u00f6rre synergistisk t\u00e4ckning; d\u00e4rf\u00f6r rekommenderas anv\u00e4ndningen av flera lasrar starkt, s\u00e4rskilt p\u00e5 en plats som f\u00e5glarna har bes\u00f6kt under en l\u00e4ngre tid eller n\u00e4r omr\u00e5det \u00e4r exceptionellt attraktivt (matlager). Enheten \u00e4r fukts\u00e4ker och l\u00e4mpar sig \u00e4ven f\u00f6r anv\u00e4ndning i dammiga milj\u00f6er.<\/p>\n","protected":false},"excerpt":{"rendered":"<p>F\u00f6r att h\u00e5lla f\u00e5glar borta fr\u00e5n gr\u00f6dor eller matlager b\u00f6r n\u00e5got som de inte t\u00e5l anv\u00e4ndas f\u00f6r att st\u00f6ta bort dem.. Denna f\u00e5gelskr\u00e4mlaser \u00e4r designad f\u00f6r att avskr\u00e4cka duvor, sparvar, svalor och andra f\u00e5glar.<\/p>\n","protected":false},"featured_media":11963,"template":"","meta":{"_themeisle_gutenberg_block_has_review":false},"product_brand":[],"product_cat":[151,143],"product_tag":[],"class_list":{"0":"post-11962","1":"product","2":"type-product","3":"status-publish","4":"has-post-thumbnail","6":"product_cat-laser-fagelskrammare","7":"product_cat-fagelavvisande-produkter","9":"first","10":"instock","11":"taxable","12":"shipping-taxable","13":"purchasable","14":"product-type-simple"},"_links":{"self":[{"href":"https:\/\/birdbusters.eu\/sv\/wp-json\/wp\/v2\/product\/11962","targetHints":{"allow":["GET"]}}],"collection":[{"href":"https:\/\/birdbusters.eu\/sv\/wp-json\/wp\/v2\/product"}],"about":[{"href":"https:\/\/birdbusters.eu\/sv\/wp-json\/wp\/v2\/types\/product"}],"wp:featuredmedia":[{"embeddable":true,"href":"https:\/\/birdbusters.eu\/sv\/wp-json\/wp\/v2\/media\/11963"}],"wp:attachment":[{"href":"https:\/\/birdbusters.eu\/sv\/wp-json\/wp\/v2\/media?parent=11962"}],"wp:term":[{"taxonomy":"product_brand","embeddable":true,"href":"https:\/\/birdbusters.eu\/sv\/wp-json\/wp\/v2\/product_brand?post=11962"},{"taxonomy":"product_cat","embeddable":true,"href":"https:\/\/birdbusters.eu\/sv\/wp-json\/wp\/v2\/product_cat?post=11962"},{"taxonomy":"product_tag","embeddable":true,"href":"https:\/\/birdbusters.eu\/sv\/wp-json\/wp\/v2\/product_tag?post=11962"}],"curies":[{"name":"wp","href":"https:\/\/api.w.org\/{rel}","templated":true}]}}