{"id":12084,"date":"2024-05-07T15:00:43","date_gmt":"2024-05-07T13:00:43","guid":{"rendered":"https:\/\/birdbusters.eu\/?post_type=product&#038;p=12084"},"modified":"2025-11-02T13:12:52","modified_gmt":"2025-11-02T12:12:52","slug":"super-plus-ljud-fagelskrammare-copy-2","status":"publish","type":"product","link":"https:\/\/birdbusters.eu\/sv\/produkt\/super-plus-ljud-fagelskrammare-copy-2\/","title":{"rendered":"Super Plus Ljud F\u00e5gelskr\u00e4mmare"},"content":{"rendered":"<p>SUPER PLUS F\u00c5GELSKR\u00c4MMARE har tv\u00e5 kraftfulla skr\u00e4mseltekniker &#8211; den anv\u00e4nder digitalt f\u00f6rb\u00e4ttrade inspelningar av rovf\u00e5glar och skrik fr\u00e5n skr\u00e4ckslagna f\u00e5glar, \u00e4ven hundar som sk\u00e4ller och skjutvapen. H\u00f6gintensiva blinkande LED-lampor \u00e4r integrerade i enheten. De skapar en skr\u00e4mmande visuell effekt f\u00f6r rovdjur och andra djur som \u00e4r r\u00e4dda f\u00f6r ljus och h\u00e5lla dem effektivt borta fr\u00e5n det skyddade omr\u00e5det.<\/p>\n<p>Det r\u00f6relsek\u00e4nsliga PIR-l\u00e4get skr\u00e4mmer bort f\u00e5glar och djur n\u00e4r de n\u00e4rmar sig. P\u00e5 s\u00e5 s\u00e4tt f\u00f6rblir omr\u00e5det skr\u00e4mmande f\u00f6r dem under l\u00e4ngre tidsperioder. F\u00f6r att skydda ett st\u00f6rre omr\u00e5de (upp till 4500m2), kan du v\u00e4lja ett intervall p\u00e5 5-30 minuter under vilken enheten automatiskt \u00f6verf\u00f6r ljud och ljusblixtar.<\/p>\n<p><strong>Skyddsomr\u00e5den:<\/strong><\/p>\n<p>G\u00e5rdar, gr\u00e4smattor, tr\u00e4dg\u00e5rdar, g\u00e5rdar, pooler, frukttr\u00e4dg\u00e5rdar, ving\u00e5rdar, stall, fiskodlingar, b\u00e5tar, campingplatser, fabriker, lager, andra fastigheter<\/p>\n<p><strong>F\u00e5glar och vilda djur som den skr\u00e4mmer bort:<\/strong><\/p>\n<ul style=\"list-style-type: circle;\">\n<li>Hackspettar, sparvar, duvor, koltrastar, kr\u00e5kor, starar, och andra f\u00e5gelarter;<\/li>\n<li>Skadedjur som harar, ekorrar, r\u00e5djur, galtar, bj\u00f6rnar, apor m. fl.\u2026<\/li>\n<\/ul>\n<p><strong>FUNKTIONER<\/strong> &#8211; F\u00f6r att effektivt skr\u00e4mma bort skadedjur, djur och inkr\u00e4ktare med bioakustiska ljud och h\u00f6gintensiva LED-blinkande lampor n\u00e4r r\u00f6relsesensorn uppt\u00e4cker r\u00f6relse i PIR-l\u00e4ge eller AUTO-l\u00e4ge under en f\u00f6rutbest\u00e4md period p\u00e5 5-30 minuter.<\/p>\n<p><strong>INGEN PLATSRESTRICTION<\/strong> &#8211; 6 x D batterier (LR20) g\u00f6r att enheten kan installeras p\u00e5 exakt r\u00e4tt plats f\u00f6r dig och \u00e4r enkel att flytta.<\/p>\n<p><strong>HUMANE &#8211; SUPER PLUS BIRD REPELLENT<\/strong> fungerar som en osynlig barri\u00e4r, kombinerar bioakustik fr\u00e5n rovf\u00e5glar och extremt ljusa ljusblixtar f\u00f6r att skapa ett obehagligt omr\u00e5de f\u00f6r f\u00e5glar och vilda djur. Inga fler f\u00e5gel- eller djurproblem och st\u00f6k!<\/p>\n<p><strong>DUAL POWER ALTERNATIV &#8211; SUPER PLUS BIRD REPELLENT<\/strong> fungerar b\u00e5de med 6 batterier D-storlek eller AC-adapter. Sex batterier i D-storlek kan starta enheten tusentals g\u00e5nger i PIR-l\u00e4ge. Den inbyggda 9V DC-ing\u00e5ngen g\u00f6r att enheten kan anslutas till eln\u00e4tet. Adaptern \u00e4r en valfri till\u00e4ggs-utrustning.<\/p>\n<p><strong>FLEXIBEL OCH ENKEL INSTALLERING<\/strong> &#8211; Inbyggd kontrollpanel med inst\u00e4llningsknappar f\u00f6r olika inst\u00e4llningar.<\/p>\n<p><strong>SPECIFIKATIONER:<\/strong><\/p>\n<ul style=\"list-style-type: circle;\">\n<li>Dimensioner: 145x145x340 mm<\/li>\n<li>Vikt: 860 g (utan batterier)<\/li>\n<li>Str\u00f6mf\u00f6rs\u00f6rjning: 9V (2 x 9V alkaliskt batteri). Batteri ing\u00e5r ej.<\/li>\n<li>Str\u00f6mf\u00f6rs\u00f6rjning (tillval adapter) 100-240 VAC, 50\/60 Hz effekt: 9 VDC (kontakt)<\/li>\n<li>Ljud: Bioakustiska ljud av f\u00e5glar. Ljudet av rovf\u00e5glar och skrikande skr\u00e4ckslagna f\u00e5glar<\/li>\n<li>Blinkande ljus: 3 h\u00f6gintensiva lysdioder<\/li>\n<li>Effektiv r\u00e4ckvidd: upp till 4500m2 (med max volym)<\/li>\n<li>PIR MODE: solrosformad yta p\u00e5 130 grader, avst\u00e5nd upp till 12 meter<\/li>\n<\/ul>\n<p>Tillverkad i TAIWAN<\/p>\n","protected":false},"excerpt":{"rendered":"<p>Med sina bioakustiska ljud och blinkande lampor \u00e4r Super Plus f\u00e5gelskr\u00e4mman ett effektivt och milj\u00f6v\u00e4nligt s\u00e4tt att skr\u00e4mma bort de flesta f\u00e5glar och vilda djur fr\u00e5n ett skyddat omr\u00e5de.<\/p>\n<p>https:\/\/www.youtube.com\/shorts\/7d4NvArJglE<\/p>\n<p>&nbsp;<\/p>\n","protected":false},"featured_media":10782,"template":"","meta":{"_themeisle_gutenberg_block_has_review":false},"product_brand":[],"product_cat":[147],"product_tag":[],"class_list":{"0":"post-12084","1":"product","2":"type-product","3":"status-publish","4":"has-post-thumbnail","6":"product_cat-ljud-fagelskrammor","8":"first","9":"instock","10":"taxable","11":"shipping-taxable","12":"purchasable","13":"product-type-simple"},"_links":{"self":[{"href":"https:\/\/birdbusters.eu\/sv\/wp-json\/wp\/v2\/product\/12084","targetHints":{"allow":["GET"]}}],"collection":[{"href":"https:\/\/birdbusters.eu\/sv\/wp-json\/wp\/v2\/product"}],"about":[{"href":"https:\/\/birdbusters.eu\/sv\/wp-json\/wp\/v2\/types\/product"}],"wp:featuredmedia":[{"embeddable":true,"href":"https:\/\/birdbusters.eu\/sv\/wp-json\/wp\/v2\/media\/10782"}],"wp:attachment":[{"href":"https:\/\/birdbusters.eu\/sv\/wp-json\/wp\/v2\/media?parent=12084"}],"wp:term":[{"taxonomy":"product_brand","embeddable":true,"href":"https:\/\/birdbusters.eu\/sv\/wp-json\/wp\/v2\/product_brand?post=12084"},{"taxonomy":"product_cat","embeddable":true,"href":"https:\/\/birdbusters.eu\/sv\/wp-json\/wp\/v2\/product_cat?post=12084"},{"taxonomy":"product_tag","embeddable":true,"href":"https:\/\/birdbusters.eu\/sv\/wp-json\/wp\/v2\/product_tag?post=12084"}],"curies":[{"name":"wp","href":"https:\/\/api.w.org\/{rel}","templated":true}]}}