{"id":14540,"date":"2026-04-21T08:43:35","date_gmt":"2026-04-21T06:43:35","guid":{"rendered":"https:\/\/birdbusters.eu\/?post_type=product&#038;p=14540"},"modified":"2026-04-21T11:37:47","modified_gmt":"2026-04-21T09:37:47","slug":"ornimitation-fagelskramma-ljudlos","status":"publish","type":"product","link":"https:\/\/birdbusters.eu\/sv\/produkt\/ornimitation-fagelskramma-ljudlos\/","title":{"rendered":"\u00d6rnimitation f\u00e5gelskr\u00e4mma \u2013 ljudl\u00f6s"},"content":{"rendered":"<p>Figuren p\u00e5 \u00f6rnen \u00e4r utrustad med ett vridlager som g\u00f6r att djurimitationen kan sv\u00e4nga l\u00e4tt i vinden.<\/p>\n<p><strong>Skyddade omr\u00e5den:<\/strong> balkonger, tr\u00e4dg\u00e5rdar, terrasser, k\u00f6kstr\u00e4dg\u00e5rdar, byggnader, b\u00e5tar, f\u00e4lt<\/p>\n<p><strong>Installation:<\/strong> Vingarna m\u00e5ste tryckas in i sk\u00e5pet och f\u00e4stas med medf\u00f6ljande skruvar. F\u00e4st \u00f6rnen i en v\u00e4gg eller i en stolpe med hj\u00e4lp av ett f\u00e4ste. Se till att det finns tillr\u00e4ckligt med utrymme f\u00f6r enheten att rotera.<\/p>\n<p><strong>Effekt:<\/strong> hot mot o\u00f6nskade f\u00e5glar med visuella effekter<\/p>\n<p><strong>Dimensioner:<\/strong> 43 x 35 x 19 cm<\/p>\n<p><strong>F\u00f6rpackningens dimensioner:<\/strong> 51 x 19 x 19 cm<\/p>\n","protected":false},"excerpt":{"rendered":"<p>\u00d6rnimitationen som roterar, extremt l\u00e4mplig f\u00f6r att skr\u00e4mma bort o\u00f6nskade f\u00e5glar fr\u00e5n terrasser, tr\u00e4dg\u00e5rdar, f\u00e4lt och byggnader.<\/p>\n","protected":false},"featured_media":10707,"template":"","meta":{"_themeisle_gutenberg_block_has_review":false},"product_brand":[],"product_cat":[267,90,242,93,269,89],"product_tag":[],"class_list":{"0":"post-14540","1":"product","2":"type-product","3":"status-publish","4":"has-post-thumbnail","6":"product_cat-taubenabwehr","7":"product_cat-vogelabwehrmittel","8":"product_cat-vogelabwehr-im-garten","9":"product_cat-akustische-vogelabwehr","10":"product_cat-starenabwehr","11":"product_cat-visuelle-vogelabschreckungen","13":"first","14":"onbackorder","15":"taxable","16":"shipping-taxable","17":"purchasable","18":"product-type-simple"},"_links":{"self":[{"href":"https:\/\/birdbusters.eu\/sv\/wp-json\/wp\/v2\/product\/14540","targetHints":{"allow":["GET"]}}],"collection":[{"href":"https:\/\/birdbusters.eu\/sv\/wp-json\/wp\/v2\/product"}],"about":[{"href":"https:\/\/birdbusters.eu\/sv\/wp-json\/wp\/v2\/types\/product"}],"wp:featuredmedia":[{"embeddable":true,"href":"https:\/\/birdbusters.eu\/sv\/wp-json\/wp\/v2\/media\/10707"}],"wp:attachment":[{"href":"https:\/\/birdbusters.eu\/sv\/wp-json\/wp\/v2\/media?parent=14540"}],"wp:term":[{"taxonomy":"product_brand","embeddable":true,"href":"https:\/\/birdbusters.eu\/sv\/wp-json\/wp\/v2\/product_brand?post=14540"},{"taxonomy":"product_cat","embeddable":true,"href":"https:\/\/birdbusters.eu\/sv\/wp-json\/wp\/v2\/product_cat?post=14540"},{"taxonomy":"product_tag","embeddable":true,"href":"https:\/\/birdbusters.eu\/sv\/wp-json\/wp\/v2\/product_tag?post=14540"}],"curies":[{"name":"wp","href":"https:\/\/api.w.org\/{rel}","templated":true}]}}