{"id":14675,"date":"2025-09-19T12:02:57","date_gmt":"2025-09-19T10:02:57","guid":{"rendered":"https:\/\/birdbusters.eu\/product\/reflekterande-uggla-fagelskramma\/"},"modified":"2026-04-29T17:44:57","modified_gmt":"2026-04-29T15:44:57","slug":"reflekterande-uggla-fagelskramma","status":"publish","type":"product","link":"https:\/\/birdbusters.eu\/sv\/produkt\/reflekterande-uggla-fagelskramma\/","title":{"rendered":"Reflekterande uggla &#8211; holografisk f\u00e5gelskr\u00e4mma"},"content":{"rendered":"<p>Denna uggleformade f\u00e5gelskr\u00e4mma \u00e4r en effektiv och estetisk l\u00f6sning f\u00f6r att h\u00e5lla din tr\u00e4dg\u00e5rd och ditt hem fritt fr\u00e5n f\u00e5glar. Den tv\u00e5f\u00e4rgade reflekterande designen (r\u00f6d och silver) reflekterar solljuset och skapar ljusblixtrar som f\u00f6rvirrar f\u00e5glarna. De tv\u00e5 klockorna l\u00e4ngst ner l\u00e4gger till en akustisk avskr\u00e4ckning som fungerar med b\u00e5de vind och r\u00f6relse.<\/p>\n<p>Den l\u00e4tta h\u00e4ngande designen g\u00f6r att ugglans kan placeras p\u00e5 en veranda, uteplats, i tr\u00e4dg\u00e5rden, p\u00e5 tr\u00e4dgrenar, tr\u00e4dg\u00e5rdsmurar eller framf\u00f6r f\u00f6nster f\u00f6r att f\u00f6rhindra att f\u00e5glar flyger in och skadar tr\u00e4dg\u00e5rdsprodukter. Setet inkluderar en upph\u00e4ngningsstr\u00e4ng och tv\u00e5 metallklockor.<\/p>\n<p>F\u00f6r b\u00e4sta resultat, anv\u00e4nd flera ugglor samtidigt och l\u00e5t dem r\u00f6ra sig fritt i vinden. Detta skyddar din tr\u00e4dg\u00e5rd fr\u00e5n frukt- och gr\u00f6nsaksskadedjur, h\u00e5ller f\u00e5glar p\u00e5 s\u00e4kert avst\u00e5nd och hj\u00e4lper till att f\u00f6rhindra att de flyger in i f\u00f6nster.<\/p>\n<h3>Anv\u00e4ndningsplatser: (gr\u00f6nsaks)tr\u00e4dg\u00e5rdar, marinor, jordbruksomr\u00e5den, balkonger, industriomr\u00e5den, b\u00e5tar, tak, terrasser, dammar<\/h3>\n<h3>Ber\u00f6rda arter: duvor, kr\u00e5kor, kajor, skator, starar, ankor, hackspettar<\/h3>\n","protected":false},"excerpt":{"rendered":"<p>Reflekterande uggla \u00e4r en uggleformad f\u00e5gelskr\u00e4mma med holografisk effekt som kombinerar visuella och akustiska effekter.<\/p>\n<p>Ytan glittrar i solen och klockljudet h\u00e5ller f\u00e5glarna borta och skyddar din tr\u00e4dg\u00e5rd, terrass och f\u00f6nster.<\/p>\n","protected":false},"featured_media":14110,"template":"","meta":{"_themeisle_gutenberg_block_has_review":false,"rank_math_focus_keyword":"reflekterande uggla f\u00e5gelskr\u00e4mma","rank_math_title":"Reflekterande Uggla - Holografisk F\u00e5gelskr\u00e4mma | Bird Busters","rank_math_description":"Reflekterande uggla med holografisk effekt - kombinerar visuella och akustiska f\u00e5gelskr\u00e4mma. Skyddar tr\u00e4dg\u00e5rd, terrass och f\u00f6nster mot f\u00e5glar.","rank_math_canonical_url":"","rank_math_facebook_title":"","rank_math_facebook_description":"","rank_math_facebook_image":"","rank_math_twitter_title":"","rank_math_twitter_description":"","rank_math_twitter_image":"","rank_math_schema_FAQPage":[]},"product_brand":[],"product_cat":[288,148,143,181,245,281,294],"product_tag":[],"class_list":{"0":"post-14675","1":"product","2":"type-product","3":"status-publish","4":"has-post-thumbnail","6":"product_cat-duvskydd","7":"product_cat-fagelavskrackande-produkter","8":"product_cat-fagelavvisande-produkter","9":"product_cat-fagelskramma-hackspett","10":"product_cat-fagelskydd-i-tradgarden","11":"product_cat-krakskydd","12":"product_cat-stareskydd","14":"first","15":"instock","16":"taxable","17":"shipping-taxable","18":"purchasable","19":"product-type-simple"},"_links":{"self":[{"href":"https:\/\/birdbusters.eu\/sv\/wp-json\/wp\/v2\/product\/14675","targetHints":{"allow":["GET"]}}],"collection":[{"href":"https:\/\/birdbusters.eu\/sv\/wp-json\/wp\/v2\/product"}],"about":[{"href":"https:\/\/birdbusters.eu\/sv\/wp-json\/wp\/v2\/types\/product"}],"wp:featuredmedia":[{"embeddable":true,"href":"https:\/\/birdbusters.eu\/sv\/wp-json\/wp\/v2\/media\/14110"}],"wp:attachment":[{"href":"https:\/\/birdbusters.eu\/sv\/wp-json\/wp\/v2\/media?parent=14675"}],"wp:term":[{"taxonomy":"product_brand","embeddable":true,"href":"https:\/\/birdbusters.eu\/sv\/wp-json\/wp\/v2\/product_brand?post=14675"},{"taxonomy":"product_cat","embeddable":true,"href":"https:\/\/birdbusters.eu\/sv\/wp-json\/wp\/v2\/product_cat?post=14675"},{"taxonomy":"product_tag","embeddable":true,"href":"https:\/\/birdbusters.eu\/sv\/wp-json\/wp\/v2\/product_tag?post=14675"}],"curies":[{"name":"wp","href":"https:\/\/api.w.org\/{rel}","templated":true}]}}