{"id":14679,"date":"2025-08-11T10:17:38","date_gmt":"2025-08-11T08:17:38","guid":{"rendered":"https:\/\/birdbusters.eu\/product\/sandsack-daddi-long-legs\/"},"modified":"2026-04-29T16:14:57","modified_gmt":"2026-04-29T14:14:57","slug":"sandsack-daddi-long-legs","status":"publish","type":"product","link":"https:\/\/birdbusters.eu\/sv\/produkt\/sandsack-daddi-long-legs\/","title":{"rendered":"Sands\u00e4ck till f\u00e5gelskr\u00e4mman &#8220;Daddi Long Legs&#8221;"},"content":{"rendered":"<p>Sands\u00e4cken ger ett permanent underlag f\u00f6r f\u00e5gelskr\u00e4mman utan att limma eller borra. Den \u00e4r gjord av v\u00e4dert\u00e5ligt polyester som \u00e4r h\u00e5llbart f\u00f6r utomhusbruk. Baksidan har en polyesterremsa med gummi f\u00f6r att f\u00f6rhindra repor p\u00e5 b\u00e5ten. L\u00e4tt att fylla med sand, en g\u00e5ng fylld med sand f\u00f6rblir den stabil i m\u00e5nga bl\u00e5siga f\u00f6rh\u00e5llanden.<\/p>\n<p>Tv\u00e5 plasthandtag och de medf\u00f6ljande rostfria M4 x 12 mm skruvarna s\u00e4kerst\u00e4ller snabb montering. Sidohandtag m\u00f6jligg\u00f6r ytterligare f\u00f6rankringsalternativ med rep eller bungeelinor.<\/p>\n","protected":false},"excerpt":{"rendered":"<p>Sands\u00e4cken l\u00e5ter dig anv\u00e4nda f\u00e5gelskr\u00e4mman &#8220;Daddi Long Legs&#8221; \u00f6verallt d\u00e4r det finns problem med f\u00e5glar och d\u00e4r r\u00f6rlighet \u00e4r viktig: jakter och motorb\u00e5tar, b\u00e5tbryggor och dockor, skorstenar och ventilationsh\u00e5l p\u00e5 tak.<\/p>\n<p>En v\u00e4dert\u00e5lig sands\u00e4ck av kraftigt polyester som s\u00e4kerst\u00e4ller f\u00e5gelskr\u00e4mmans stabilitet \u00e4ven i bl\u00e5siga f\u00f6rh\u00e5llanden.<\/p>\n","protected":false},"featured_media":14085,"template":"","meta":{"_themeisle_gutenberg_block_has_review":false,"rank_math_focus_keyword":"Daddi Long Legs sands\u00e4ck","rank_math_title":"Sands\u00e4ck till Daddi Long Legs f\u00e5gelskr\u00e4mma | Bird Busters","rank_math_description":"V\u00e4dert\u00e5lig sands\u00e4ck till Daddi Long Legs f\u00e5gelskr\u00e4mma. Passar b\u00e5tar, bryggor, tak och skorstenar.","rank_math_canonical_url":"","rank_math_facebook_title":"","rank_math_facebook_description":"","rank_math_facebook_image":"","rank_math_twitter_title":"","rank_math_twitter_description":"","rank_math_twitter_image":"","rank_math_schema_FAQPage":[]},"product_brand":[],"product_cat":[144,240,230,289],"product_tag":[],"class_list":{"0":"post-14679","1":"product","2":"type-product","3":"status-publish","4":"has-post-thumbnail","6":"product_cat-fagelpiggar","7":"product_cat-fagelskydd-for-byggnader-och-tak","8":"product_cat-fagelskydd-i-hamnar-marinor-och-pa-batar","9":"product_cat-masskydd","11":"first","12":"instock","13":"taxable","14":"shipping-taxable","15":"purchasable","16":"product-type-simple"},"_links":{"self":[{"href":"https:\/\/birdbusters.eu\/sv\/wp-json\/wp\/v2\/product\/14679","targetHints":{"allow":["GET"]}}],"collection":[{"href":"https:\/\/birdbusters.eu\/sv\/wp-json\/wp\/v2\/product"}],"about":[{"href":"https:\/\/birdbusters.eu\/sv\/wp-json\/wp\/v2\/types\/product"}],"wp:featuredmedia":[{"embeddable":true,"href":"https:\/\/birdbusters.eu\/sv\/wp-json\/wp\/v2\/media\/14085"}],"wp:attachment":[{"href":"https:\/\/birdbusters.eu\/sv\/wp-json\/wp\/v2\/media?parent=14679"}],"wp:term":[{"taxonomy":"product_brand","embeddable":true,"href":"https:\/\/birdbusters.eu\/sv\/wp-json\/wp\/v2\/product_brand?post=14679"},{"taxonomy":"product_cat","embeddable":true,"href":"https:\/\/birdbusters.eu\/sv\/wp-json\/wp\/v2\/product_cat?post=14679"},{"taxonomy":"product_tag","embeddable":true,"href":"https:\/\/birdbusters.eu\/sv\/wp-json\/wp\/v2\/product_tag?post=14679"}],"curies":[{"name":"wp","href":"https:\/\/api.w.org\/{rel}","templated":true}]}}